{"id":7954,"date":"2024-01-26T11:00:45","date_gmt":"2024-01-26T10:00:45","guid":{"rendered":"https:\/\/voga.si\/mizna-podnozja\/"},"modified":"2026-03-24T09:38:42","modified_gmt":"2026-03-24T08:38:42","slug":"mizna-podnozja","status":"publish","type":"page","link":"https:\/\/voga.si\/sl\/mizna-podnozja\/","title":{"rendered":"Mizna podno\u017eja"},"content":{"rendered":"<div class=\"wpb-content-wrapper\"><p>[vc_row row_height_percent=&#8221;0&#8243; override_padding=&#8221;yes&#8221; h_padding=&#8221;2&#8243; top_padding=&#8221;3&#8243; bottom_padding=&#8221;2&#8243; overlay_alpha=&#8221;50&#8243; gutter_size=&#8221;3&#8243; column_width_percent=&#8221;100&#8243; shift_y=&#8221;0&#8243; z_index=&#8221;0&#8243;][vc_column column_width_percent=&#8221;100&#8243; align_horizontal=&#8221;align_center&#8221; gutter_size=&#8221;2&#8243; overlay_alpha=&#8221;50&#8243; shift_x=&#8221;0&#8243; shift_y=&#8221;0&#8243; shift_y_down=&#8221;0&#8243; z_index=&#8221;0&#8243; medium_width=&#8221;0&#8243; mobile_width=&#8221;0&#8243; width=&#8221;1\/1&#8243; uncode_shortcode_id=&#8221;154633&#8243;][vc_custom_heading text_color=&#8221;color-prif&#8221; heading_semantic=&#8221;h1&#8243; text_size=&#8221;h1&#8243; text_transform=&#8221;uppercase&#8221; separator_color=&#8221;yes&#8221; separator=&#8221;yes&#8221; subheading=&#8221;Sistemi v VOGI predstavljajo skupino nog z dolo\u010denim povezovalnim elementom, ki omogo\u010da trdno in stabilno vez. Vsak sistem vam ponuja mo\u017enost ustvarjanja razli\u010dnih kombinacij (kotne, podalj\u0161ane in bench mize, nastavljivi povezovalni elementi, re\u0161itve za organizacijo kablov, posebna dr\u017eala, dodatki in drugo).&#8221; uncode_shortcode_id=&#8221;551859&#8243; text_color_type=&#8221;uncode-palette&#8221;]Sistemi miznih podno\u017eij VOGA[\/vc_custom_heading][\/vc_column][\/vc_row][vc_row unlock_row_content=&#8221;yes&#8221; row_height_percent=&#8221;0&#8243; override_padding=&#8221;yes&#8221; h_padding=&#8221;2&#8243; top_padding=&#8221;3&#8243; bottom_padding=&#8221;2&#8243; back_color=&#8221;color-lxmt&#8221; overlay_alpha=&#8221;50&#8243; gutter_size=&#8221;3&#8243; column_width_percent=&#8221;100&#8243; shift_y=&#8221;0&#8243; z_index=&#8221;0&#8243; row_name=&#8221;Products&#8221; uncode_shortcode_id=&#8221;116642&#8243; back_color_type=&#8221;uncode-palette&#8221;][vc_column column_width_use_pixel=&#8221;yes&#8221; align_horizontal=&#8221;align_center&#8221; gutter_size=&#8221;4&#8243; overlay_alpha=&#8221;50&#8243; shift_x=&#8221;0&#8243; shift_y=&#8221;0&#8243; shift_y_down=&#8221;0&#8243; z_index=&#8221;0&#8243; medium_width=&#8221;0&#8243; mobile_width=&#8221;0&#8243; uncode_shortcode_id=&#8221;256360&#8243; column_width_pixel=&#8221;1200&#8243;][vc_custom_heading text_color=&#8221;color-prif&#8221; heading_semantic=&#8221;h3&#8243; sub_reduced=&#8221;yes&#8221; uncode_shortcode_id=&#8221;200980&#8243; text_color_type=&#8221;uncode-palette&#8221; subheading=&#8221;Naredite lasten izbor miznih podno\u017eij s filtriranjem glede na uporabo, vrsto noge in obliko profila.&#8221;]Kak\u0161no podno\u017eje \u017eelite?[\/vc_custom_heading][vc_column_text uncode_shortcode_id=&#8221;615292&#8243;]<form data-sf-form-id='4370' data-is-rtl='0' data-maintain-state='' data-results-url='https:\/\/voga.si\/sl\/galerija\/' data-ajax-form-url='https:\/\/voga.si\/sl\/?sfid=4370&amp;sf_action=get_data&amp;sf_data=form' data-display-result-method='custom' data-use-history-api='1' data-template-loaded='0' data-lang-code='sl' data-ajax='0' data-init-paged='1' data-auto-update='' data-auto-count='1' data-auto-count-refresh-mode='1' action='https:\/\/voga.si\/sl\/galerija\/' method='post' class='searchandfilter' id='search-filter-form-4370' autocomplete='off' data-instance-count='1'><ul><li class=\"sf-field-taxonomy-usage\" data-sf-field-name=\"_sft_usage\" data-sf-field-type=\"taxonomy\" data-sf-field-input-type=\"select\"><h4>Izbor po uporabi<\/h4>\t\t<label>\n\t\t\t\t   \t\t<select name=\"_sft_usage[]\" class=\"sf-input-select\" title=\"\">\n\t\t\t\t\t\t  \t\t\t<option class=\"sf-level-0 sf-item-0 sf-option-active\" selected=\"selected\" data-sf-count=\"0\" data-sf-depth=\"0\" value=\"\">Vse vrste uporabe<\/option>\n\t\t\t\t\t\t\t\t\t\t\t<option class=\"sf-level-0 sf-item-178\" data-sf-count=\"6\" data-sf-depth=\"0\" value=\"dnevna-soba\">Dnevna soba&nbsp;&nbsp;(6)<\/option>\n\t\t\t\t\t\t\t\t\t\t\t<option class=\"sf-level-0 sf-item-109\" data-sf-count=\"62\" data-sf-depth=\"0\" value=\"jedilnica-gostinstvo\">Jedilnica, gostinstvo&nbsp;&nbsp;(62)<\/option>\n\t\t\t\t\t\t\t\t\t\t\t<option class=\"sf-level-0 sf-item-107\" data-sf-count=\"22\" data-sf-depth=\"0\" value=\"otroska-soba\">Otro\u0161ka soba&nbsp;&nbsp;(22)<\/option>\n\t\t\t\t\t\t\t\t\t\t\t<option class=\"sf-level-0 sf-item-110\" data-sf-count=\"47\" data-sf-depth=\"0\" value=\"domaca-pisarna\">Doma\u010da pisarna&nbsp;&nbsp;(47)<\/option>\n\t\t\t\t\t\t\t\t\t\t\t<option class=\"sf-level-0 sf-item-108\" data-sf-count=\"45\" data-sf-depth=\"0\" value=\"konferencna-soba\">Konferen\u010dna soba&nbsp;&nbsp;(45)<\/option>\n\t\t\t\t\t\t\t\t\t\t\t<option class=\"sf-level-0 sf-item-113\" data-sf-count=\"59\" data-sf-depth=\"0\" value=\"pisarna\">Pisarna&nbsp;&nbsp;(59)<\/option>\n\t\t\t\t\t\t\t\t\t\t\t<option class=\"sf-level-0 sf-item-115\" data-sf-count=\"19\" data-sf-depth=\"0\" value=\"ucilnica\">U\u010dilnica&nbsp;&nbsp;(19)<\/option>\n\t\t\t\t\t\t\t\t\t\t\t<\/select><\/label>\t\t\t\t\t\t\t\t\t\t<\/li><li class=\"sf-field-taxonomy-leg_type\" data-sf-field-name=\"_sft_leg_type\" data-sf-field-type=\"taxonomy\" data-sf-field-input-type=\"select\"><h4>Izbor po tipu noge<\/h4>\t\t<label>\n\t\t\t\t   \t\t<select name=\"_sft_leg_type[]\" class=\"sf-input-select\" title=\"\">\n\t\t\t\t\t\t  \t\t\t<option class=\"sf-level-0 sf-item-0 sf-option-active\" selected=\"selected\" data-sf-count=\"0\" data-sf-depth=\"0\" value=\"\">Vse vrste nog<\/option>\n\t\t\t\t\t\t\t\t\t\t\t<option class=\"sf-level-0 sf-item-102\" data-sf-count=\"22\" data-sf-depth=\"0\" value=\"noga-pod-kotom\">Noga pod kotom&nbsp;&nbsp;(22)<\/option>\n\t\t\t\t\t\t\t\t\t\t\t<option class=\"sf-level-0 sf-item-101\" data-sf-count=\"4\" data-sf-depth=\"0\" value=\"noga-s-kolesom\">Noga s kolesom&nbsp;&nbsp;(4)<\/option>\n\t\t\t\t\t\t\t\t\t\t\t<option class=\"sf-level-0 sf-item-95\" data-sf-count=\"17\" data-sf-depth=\"0\" value=\"visinsko-nastavljiva-noga\">Vi\u0161insko nastavljiva noga&nbsp;&nbsp;(17)<\/option>\n\t\t\t\t\t\t\t\t\t\t\t<option class=\"sf-level-0 sf-item-105\" data-sf-count=\"3\" data-sf-depth=\"0\" value=\"elektricno-nastavljiva-visina\">Elektri\u010dno nastavljiva vi\u0161ina&nbsp;&nbsp;(3)<\/option>\n\t\t\t\t\t\t\t\t\t\t\t<option class=\"sf-level-0 sf-item-97\" data-sf-count=\"3\" data-sf-depth=\"0\" value=\"zlozljiva-noga\">Zlo\u017eljiva noga&nbsp;&nbsp;(3)<\/option>\n\t\t\t\t\t\t\t\t\t\t\t<option class=\"sf-level-0 sf-item-98\" data-sf-count=\"13\" data-sf-depth=\"0\" value=\"samostojna-noga\">Samostojna noga&nbsp;&nbsp;(13)<\/option>\n\t\t\t\t\t\t\t\t\t\t\t<option class=\"sf-level-0 sf-item-100\" data-sf-count=\"19\" data-sf-depth=\"0\" value=\"samostojno-podnozje\">Samostojno podno\u017eje&nbsp;&nbsp;(19)<\/option>\n\t\t\t\t\t\t\t\t\t\t\t<\/select><\/label>\t\t\t\t\t\t\t\t\t\t<\/li><li class=\"sf-field-taxonomy-metal_profiles\" data-sf-field-name=\"_sft_metal_profiles\" data-sf-field-type=\"taxonomy\" data-sf-field-input-type=\"select\"><h4>Izbor po kovinskem profilu<\/h4>\t\t<label>\n\t\t\t\t   \t\t<select name=\"_sft_metal_profiles[]\" class=\"sf-input-select\" title=\"\">\n\t\t\t\t\t\t  \t\t\t<option class=\"sf-level-0 sf-item-0 sf-option-active\" selected=\"selected\" data-sf-count=\"0\" data-sf-depth=\"0\" value=\"\">Vsi kovinski profili<\/option>\n\t\t\t\t\t\t\t\t\t\t\t<option class=\"sf-level-0 sf-item-126\" data-sf-count=\"35\" data-sf-depth=\"0\" value=\"pravokotna-cev\">Pravokotna cev&nbsp;&nbsp;(35)<\/option>\n\t\t\t\t\t\t\t\t\t\t\t<option class=\"sf-level-0 sf-item-128\" data-sf-count=\"28\" data-sf-depth=\"0\" value=\"kvadratna-cev\">Kvadratna cev&nbsp;&nbsp;(28)<\/option>\n\t\t\t\t\t\t\t\t\t\t\t<option class=\"sf-level-0 sf-item-127\" data-sf-count=\"16\" data-sf-depth=\"0\" value=\"okrogla-cev\">Okrogla cev&nbsp;&nbsp;(16)<\/option>\n\t\t\t\t\t\t\t\t\t\t\t<option class=\"sf-level-0 sf-item-138\" data-sf-count=\"3\" data-sf-depth=\"0\" value=\"ovalna-polovalna-cev\">Ovalna\/polovalna cev&nbsp;&nbsp;(3)<\/option>\n\t\t\t\t\t\t\t\t\t\t\t<option class=\"sf-level-0 sf-item-125\" data-sf-count=\"2\" data-sf-depth=\"0\" value=\"kombinacija-z-lesom\">Kombinacija z lesom&nbsp;&nbsp;(2)<\/option>\n\t\t\t\t\t\t\t\t\t\t\t<\/select><\/label>\t\t\t\t\t\t\t\t\t\t<\/li><li class=\"sf-field-submit\" data-sf-field-name=\"submit\" data-sf-field-type=\"submit\" data-sf-field-input-type=\"\"><h4>Izbor po postavitvi mize<\/h4><input type=\"submit\" name=\"_sf_submit\" value=\"Prika\u017ei\"><\/li><\/ul><\/form>[\/vc_column_text][\/vc_column][\/vc_row][vc_row unlock_row_content=&#8221;yes&#8221; row_height_percent=&#8221;0&#8243; override_padding=&#8221;yes&#8221; h_padding=&#8221;2&#8243; top_padding=&#8221;2&#8243; bottom_padding=&#8221;3&#8243; overlay_alpha=&#8221;50&#8243; equal_height=&#8221;yes&#8221; gutter_size=&#8221;3&#8243; column_width_percent=&#8221;100&#8243; shift_y=&#8221;0&#8243; z_index=&#8221;0&#8243; uncode_shortcode_id=&#8221;607284&#8243;][vc_column column_width_percent=&#8221;100&#8243; gutter_size=&#8221;3&#8243; overlay_alpha=&#8221;50&#8243; shift_x=&#8221;0&#8243; shift_y=&#8221;0&#8243; shift_y_down=&#8221;0&#8243; z_index=&#8221;0&#8243; medium_width=&#8221;0&#8243; mobile_width=&#8221;0&#8243; width=&#8221;1\/1&#8243;][uncode_index el_id=&#8221;index-177532&#8243; isotope_mode=&#8221;fitRows&#8221; loop=&#8221;size:All|order_by:menu_order|order:ASC|post_type:page|tax_query:25|taxonomy_count:10&#8243; screen_lg=&#8221;1000&#8243; screen_md=&#8221;600&#8243; screen_sm=&#8221;480&#8243; gutter_size=&#8221;3&#8243; page_items=&#8221;media|featured|onpost|original,icon|md,title,text|excerpt,link|default|small_size&#8221; single_width=&#8221;3&#8243; images_size=&#8221;sixteen-nine&#8221; single_back_color=&#8221;color-xsdn&#8221; single_overlay_color=&#8221;color-jevc&#8221; single_overlay_opacity=&#8221;50&#8243; single_h_align=&#8221;center&#8221; single_padding=&#8221;2&#8243; single_text_reduced=&#8221;yes&#8221; single_title_dimension=&#8221;h3&#8243; single_title_transform=&#8221;uppercase&#8221; single_shadow=&#8221;yes&#8221; single_css_animation=&#8221;bottom-t-top&#8221; single_animation_delay=&#8221;200&#8243; single_icon=&#8221;fa fa-plus2&#8243; uncode_shortcode_id=&#8221;210383&#8243; items=&#8221;eyI4OTk0X2kiOnsic2luZ2xlX3N0eWxlIjoiZGFyayIsInNpbmdsZV9iYWNrX2NvbG9yIjoiYWNjZW50In19&#8243;][\/vc_column][\/vc_row][vc_row unlock_row_content=&#8221;yes&#8221; row_height_percent=&#8221;0&#8243; override_padding=&#8221;yes&#8221; h_padding=&#8221;2&#8243; top_padding=&#8221;3&#8243; bottom_padding=&#8221;3&#8243; back_color=&#8221;color-181651&#8243; overlay_alpha=&#8221;50&#8243; gutter_size=&#8221;3&#8243; column_width_percent=&#8221;100&#8243; shift_y=&#8221;0&#8243; z_index=&#8221;0&#8243; row_name=&#8221;Products&#8221; uncode_shortcode_id=&#8221;310266&#8243; back_color_type=&#8221;uncode-palette&#8221;][vc_column column_width_percent=&#8221;100&#8243; align_horizontal=&#8221;align_center&#8221; gutter_size=&#8221;3&#8243; style=&#8221;dark&#8221; overlay_alpha=&#8221;50&#8243; shift_x=&#8221;0&#8243; shift_y=&#8221;0&#8243; shift_y_down=&#8221;0&#8243; z_index=&#8221;0&#8243; medium_width=&#8221;0&#8243; mobile_width=&#8221;0&#8243; uncode_shortcode_id=&#8221;204997&#8243;][vc_custom_heading text_size=&#8221;h3&#8243; text_transform=&#8221;uppercase&#8221; text_space=&#8221;fontspace-121210&#8243; separator=&#8221;yes&#8221; sub_reduced=&#8221;yes&#8221; uncode_shortcode_id=&#8221;110412&#8243; subheading=&#8221;Vse na\u0161e izdelke si lahko ogledate tudi v preglednem, 113-stranskem PDF katalogu, ki ga prenesete tukaj.&#8221;]Prenos kataloga[\/vc_custom_heading][vc_button border_width=&#8221;0&#8243; link=&#8221;url:https%3A%2F%2Fvoga.si%2Fwp-content%2Fuploads%2F2026%2F03%2Fvoga_katalog_03_2026_2.pdf|title:VOGA%20katalog%20izdelkov%202026|&#8221; uncode_shortcode_id=&#8221;106810&#8243;]Katalog izdelkov[\/vc_button][\/vc_column][\/vc_row]<\/p>\n<\/div>","protected":false},"excerpt":{"rendered":"<p>so edinstvene re\u0161itve, ki vam ponujajo \u0161tevilne nepri\u010dakovane oblikovalske kombinacije.<\/p>\n","protected":false},"author":2,"featured_media":6453,"parent":0,"menu_order":1,"comment_status":"closed","ping_status":"closed","template":"","meta":{"_acf_changed":false,"footnotes":""},"class_list":["post-7954","page","type-page","status-publish","has-post-thumbnail","hentry","page_category-voga-skupina-izdelkov"],"acf":[],"yoast_head":"<!-- This site is optimized with the Yoast SEO plugin v27.6 - https:\/\/yoast.com\/product\/yoast-seo-wordpress\/ -->\n<title>Mizna podno\u017eja - VOGA<\/title>\n<meta name=\"description\" content=\"Mizna podno\u017eja VOGA so edinstvene re\u0161itve, ki vam ponujajo \u0161tevilne nepri\u010dakovane oblikovalske kombinacije.\" \/>\n<meta name=\"robots\" content=\"index, follow, max-snippet:-1, max-image-preview:large, max-video-preview:-1\" \/>\n<link rel=\"canonical\" href=\"https:\/\/voga.si\/sl\/mizna-podnozja\/\" \/>\n<meta property=\"og:locale\" content=\"sl_SI\" \/>\n<meta property=\"og:type\" content=\"article\" \/>\n<meta property=\"og:title\" content=\"Mizna podno\u017eja - VOGA\" \/>\n<meta property=\"og:description\" content=\"Mizna podno\u017eja VOGA so edinstvene re\u0161itve, ki vam ponujajo \u0161tevilne nepri\u010dakovane oblikovalske kombinacije.\" \/>\n<meta property=\"og:url\" content=\"https:\/\/voga.si\/sl\/mizna-podnozja\/\" \/>\n<meta property=\"og:site_name\" content=\"VOGA\" \/>\n<meta property=\"article:publisher\" content=\"https:\/\/www.facebook.com\/voga.si\" \/>\n<meta property=\"article:modified_time\" content=\"2026-03-24T08:38:42+00:00\" \/>\n<meta property=\"og:image\" content=\"https:\/\/voga.si\/wp-content\/uploads\/2023\/08\/teen-conference-room_1260x709px_1.jpg\" \/>\n\t<meta property=\"og:image:width\" content=\"1260\" \/>\n\t<meta property=\"og:image:height\" content=\"709\" \/>\n\t<meta property=\"og:image:type\" content=\"image\/jpeg\" \/>\n<meta name=\"twitter:card\" content=\"summary_large_image\" \/>\n<meta name=\"twitter:label1\" content=\"Est. reading time\" \/>\n\t<meta name=\"twitter:data1\" content=\"2 minuti\" \/>\n<script type=\"application\/ld+json\" class=\"yoast-schema-graph\">{\"@context\":\"https:\\\/\\\/schema.org\",\"@graph\":[{\"@type\":\"WebPage\",\"@id\":\"https:\\\/\\\/voga.si\\\/sl\\\/mizna-podnozja\\\/\",\"url\":\"https:\\\/\\\/voga.si\\\/sl\\\/mizna-podnozja\\\/\",\"name\":\"Mizna podno\u017eja - VOGA\",\"isPartOf\":{\"@id\":\"https:\\\/\\\/voga.si\\\/sl\\\/#website\"},\"primaryImageOfPage\":{\"@id\":\"https:\\\/\\\/voga.si\\\/sl\\\/mizna-podnozja\\\/#primaryimage\"},\"image\":{\"@id\":\"https:\\\/\\\/voga.si\\\/sl\\\/mizna-podnozja\\\/#primaryimage\"},\"thumbnailUrl\":\"https:\\\/\\\/voga.si\\\/wp-content\\\/uploads\\\/2023\\\/08\\\/teen-conference-room_1260x709px_1.jpg\",\"datePublished\":\"2024-01-26T10:00:45+00:00\",\"dateModified\":\"2026-03-24T08:38:42+00:00\",\"description\":\"Mizna podno\u017eja VOGA so edinstvene re\u0161itve, ki vam ponujajo \u0161tevilne nepri\u010dakovane oblikovalske kombinacije.\",\"breadcrumb\":{\"@id\":\"https:\\\/\\\/voga.si\\\/sl\\\/mizna-podnozja\\\/#breadcrumb\"},\"inLanguage\":\"sl-SI\",\"potentialAction\":[{\"@type\":\"ReadAction\",\"target\":[\"https:\\\/\\\/voga.si\\\/sl\\\/mizna-podnozja\\\/\"]}]},{\"@type\":\"ImageObject\",\"inLanguage\":\"sl-SI\",\"@id\":\"https:\\\/\\\/voga.si\\\/sl\\\/mizna-podnozja\\\/#primaryimage\",\"url\":\"https:\\\/\\\/voga.si\\\/wp-content\\\/uploads\\\/2023\\\/08\\\/teen-conference-room_1260x709px_1.jpg\",\"contentUrl\":\"https:\\\/\\\/voga.si\\\/wp-content\\\/uploads\\\/2023\\\/08\\\/teen-conference-room_1260x709px_1.jpg\",\"width\":1260,\"height\":709,\"caption\":\"TEEN BENCH\"},{\"@type\":\"BreadcrumbList\",\"@id\":\"https:\\\/\\\/voga.si\\\/sl\\\/mizna-podnozja\\\/#breadcrumb\",\"itemListElement\":[{\"@type\":\"ListItem\",\"position\":1,\"name\":\"Home\",\"item\":\"https:\\\/\\\/voga.si\\\/sl\\\/\"},{\"@type\":\"ListItem\",\"position\":2,\"name\":\"Mizna podno\u017eja\"}]},{\"@type\":\"WebSite\",\"@id\":\"https:\\\/\\\/voga.si\\\/sl\\\/#website\",\"url\":\"https:\\\/\\\/voga.si\\\/sl\\\/\",\"name\":\"VOGA\",\"description\":\"Pametne pohi\u0161tvene re\u0161itve\",\"publisher\":{\"@id\":\"https:\\\/\\\/voga.si\\\/sl\\\/#organization\"},\"potentialAction\":[{\"@type\":\"SearchAction\",\"target\":{\"@type\":\"EntryPoint\",\"urlTemplate\":\"https:\\\/\\\/voga.si\\\/sl\\\/?s={search_term_string}\"},\"query-input\":{\"@type\":\"PropertyValueSpecification\",\"valueRequired\":true,\"valueName\":\"search_term_string\"}}],\"inLanguage\":\"sl-SI\"},{\"@type\":\"Organization\",\"@id\":\"https:\\\/\\\/voga.si\\\/sl\\\/#organization\",\"name\":\"VOGA\",\"url\":\"https:\\\/\\\/voga.si\\\/sl\\\/\",\"logo\":{\"@type\":\"ImageObject\",\"inLanguage\":\"sl-SI\",\"@id\":\"https:\\\/\\\/voga.si\\\/sl\\\/#\\\/schema\\\/logo\\\/image\\\/\",\"url\":\"https:\\\/\\\/voga.si\\\/wp-content\\\/uploads\\\/2024\\\/02\\\/voga_logo.svg\",\"contentUrl\":\"https:\\\/\\\/voga.si\\\/wp-content\\\/uploads\\\/2024\\\/02\\\/voga_logo.svg\",\"width\":\"236\",\"height\":\"44\",\"caption\":\"VOGA\"},\"image\":{\"@id\":\"https:\\\/\\\/voga.si\\\/sl\\\/#\\\/schema\\\/logo\\\/image\\\/\"},\"sameAs\":[\"https:\\\/\\\/www.facebook.com\\\/voga.si\",\"https:\\\/\\\/www.instagram.com\\\/voga_si\\\/\",\"https:\\\/\\\/www.pinterest.com\\\/voga_si\\\/\",\"https:\\\/\\\/www.youtube.com\\\/channel\\\/UC8lMOZlkkox_ANm0CEV6IiQ\\\/\"]}]}<\/script>\n<!-- \/ Yoast SEO plugin. -->","yoast_head_json":{"title":"Mizna podno\u017eja - VOGA","description":"Mizna podno\u017eja VOGA so edinstvene re\u0161itve, ki vam ponujajo \u0161tevilne nepri\u010dakovane oblikovalske kombinacije.","robots":{"index":"index","follow":"follow","max-snippet":"max-snippet:-1","max-image-preview":"max-image-preview:large","max-video-preview":"max-video-preview:-1"},"canonical":"https:\/\/voga.si\/sl\/mizna-podnozja\/","og_locale":"sl_SI","og_type":"article","og_title":"Mizna podno\u017eja - VOGA","og_description":"Mizna podno\u017eja VOGA so edinstvene re\u0161itve, ki vam ponujajo \u0161tevilne nepri\u010dakovane oblikovalske kombinacije.","og_url":"https:\/\/voga.si\/sl\/mizna-podnozja\/","og_site_name":"VOGA","article_publisher":"https:\/\/www.facebook.com\/voga.si","article_modified_time":"2026-03-24T08:38:42+00:00","og_image":[{"width":1260,"height":709,"url":"https:\/\/voga.si\/wp-content\/uploads\/2023\/08\/teen-conference-room_1260x709px_1.jpg","type":"image\/jpeg"}],"twitter_card":"summary_large_image","twitter_misc":{"Est. reading time":"2 minuti"},"schema":{"@context":"https:\/\/schema.org","@graph":[{"@type":"WebPage","@id":"https:\/\/voga.si\/sl\/mizna-podnozja\/","url":"https:\/\/voga.si\/sl\/mizna-podnozja\/","name":"Mizna podno\u017eja - VOGA","isPartOf":{"@id":"https:\/\/voga.si\/sl\/#website"},"primaryImageOfPage":{"@id":"https:\/\/voga.si\/sl\/mizna-podnozja\/#primaryimage"},"image":{"@id":"https:\/\/voga.si\/sl\/mizna-podnozja\/#primaryimage"},"thumbnailUrl":"https:\/\/voga.si\/wp-content\/uploads\/2023\/08\/teen-conference-room_1260x709px_1.jpg","datePublished":"2024-01-26T10:00:45+00:00","dateModified":"2026-03-24T08:38:42+00:00","description":"Mizna podno\u017eja VOGA so edinstvene re\u0161itve, ki vam ponujajo \u0161tevilne nepri\u010dakovane oblikovalske kombinacije.","breadcrumb":{"@id":"https:\/\/voga.si\/sl\/mizna-podnozja\/#breadcrumb"},"inLanguage":"sl-SI","potentialAction":[{"@type":"ReadAction","target":["https:\/\/voga.si\/sl\/mizna-podnozja\/"]}]},{"@type":"ImageObject","inLanguage":"sl-SI","@id":"https:\/\/voga.si\/sl\/mizna-podnozja\/#primaryimage","url":"https:\/\/voga.si\/wp-content\/uploads\/2023\/08\/teen-conference-room_1260x709px_1.jpg","contentUrl":"https:\/\/voga.si\/wp-content\/uploads\/2023\/08\/teen-conference-room_1260x709px_1.jpg","width":1260,"height":709,"caption":"TEEN BENCH"},{"@type":"BreadcrumbList","@id":"https:\/\/voga.si\/sl\/mizna-podnozja\/#breadcrumb","itemListElement":[{"@type":"ListItem","position":1,"name":"Home","item":"https:\/\/voga.si\/sl\/"},{"@type":"ListItem","position":2,"name":"Mizna podno\u017eja"}]},{"@type":"WebSite","@id":"https:\/\/voga.si\/sl\/#website","url":"https:\/\/voga.si\/sl\/","name":"VOGA","description":"Pametne pohi\u0161tvene re\u0161itve","publisher":{"@id":"https:\/\/voga.si\/sl\/#organization"},"potentialAction":[{"@type":"SearchAction","target":{"@type":"EntryPoint","urlTemplate":"https:\/\/voga.si\/sl\/?s={search_term_string}"},"query-input":{"@type":"PropertyValueSpecification","valueRequired":true,"valueName":"search_term_string"}}],"inLanguage":"sl-SI"},{"@type":"Organization","@id":"https:\/\/voga.si\/sl\/#organization","name":"VOGA","url":"https:\/\/voga.si\/sl\/","logo":{"@type":"ImageObject","inLanguage":"sl-SI","@id":"https:\/\/voga.si\/sl\/#\/schema\/logo\/image\/","url":"https:\/\/voga.si\/wp-content\/uploads\/2024\/02\/voga_logo.svg","contentUrl":"https:\/\/voga.si\/wp-content\/uploads\/2024\/02\/voga_logo.svg","width":"236","height":"44","caption":"VOGA"},"image":{"@id":"https:\/\/voga.si\/sl\/#\/schema\/logo\/image\/"},"sameAs":["https:\/\/www.facebook.com\/voga.si","https:\/\/www.instagram.com\/voga_si\/","https:\/\/www.pinterest.com\/voga_si\/","https:\/\/www.youtube.com\/channel\/UC8lMOZlkkox_ANm0CEV6IiQ\/"]}]}},"_links":{"self":[{"href":"https:\/\/voga.si\/sl\/wp-json\/wp\/v2\/pages\/7954","targetHints":{"allow":["GET"]}}],"collection":[{"href":"https:\/\/voga.si\/sl\/wp-json\/wp\/v2\/pages"}],"about":[{"href":"https:\/\/voga.si\/sl\/wp-json\/wp\/v2\/types\/page"}],"author":[{"embeddable":true,"href":"https:\/\/voga.si\/sl\/wp-json\/wp\/v2\/users\/2"}],"replies":[{"embeddable":true,"href":"https:\/\/voga.si\/sl\/wp-json\/wp\/v2\/comments?post=7954"}],"version-history":[{"count":68,"href":"https:\/\/voga.si\/sl\/wp-json\/wp\/v2\/pages\/7954\/revisions"}],"predecessor-version":[{"id":12029,"href":"https:\/\/voga.si\/sl\/wp-json\/wp\/v2\/pages\/7954\/revisions\/12029"}],"wp:featuredmedia":[{"embeddable":true,"href":"https:\/\/voga.si\/sl\/wp-json\/wp\/v2\/media\/6453"}],"wp:attachment":[{"href":"https:\/\/voga.si\/sl\/wp-json\/wp\/v2\/media?parent=7954"}],"curies":[{"name":"wp","href":"https:\/\/api.w.org\/{rel}","templated":true}]}}