{"id":7888,"date":"2024-01-25T14:28:35","date_gmt":"2024-01-25T13:28:35","guid":{"rendered":"https:\/\/voga.si\/sistem-big\/b-p\/"},"modified":"2026-01-13T09:09:02","modified_gmt":"2026-01-13T08:09:02","slug":"b-p","status":"publish","type":"page","link":"https:\/\/voga.si\/sl\/sistem-big\/b-p\/","title":{"rendered":"B-P"},"content":{"rendered":"<div class=\"wpb-content-wrapper\"><p>[vc_row unlock_row_content=&#8221;yes&#8221; row_height_percent=&#8221;50&#8243; override_padding=&#8221;yes&#8221; h_padding=&#8221;0&#8243; top_padding=&#8221;0&#8243; bottom_padding=&#8221;0&#8243; back_color=&#8221;color-prif&#8221; overlay_alpha=&#8221;50&#8243; equal_height=&#8221;yes&#8221; gutter_size=&#8221;3&#8243; column_width_percent=&#8221;100&#8243; shift_y=&#8221;0&#8243; z_index=&#8221;0&#8243;][vc_column column_width_percent=&#8221;100&#8243; position_vertical=&#8221;middle&#8221; gutter_size=&#8221;2&#8243; override_padding=&#8221;yes&#8221; column_padding=&#8221;4&#8243; style=&#8221;dark&#8221; overlay_alpha=&#8221;50&#8243; shift_x=&#8221;0&#8243; shift_y=&#8221;0&#8243; shift_y_down=&#8221;0&#8243; z_index=&#8221;0&#8243; medium_width=&#8221;0&#8243; mobile_width=&#8221;0&#8243; width=&#8221;1\/3&#8243;][vc_custom_heading text_color=&#8221;accent&#8221; heading_semantic=&#8221;h1&#8243; text_size=&#8221;h1&#8243; uncode_shortcode_id=&#8221;106593&#8243; text_color_type=&#8221;uncode-palette&#8221;]B-P[\/vc_custom_heading][vc_column_text uncode_shortcode_id=&#8221;213866&#8243;]Kovinske noge B-P, v kombinaciji z izbranimi vzdol\u017eniki, tvorijo izjemno mo\u010dno in stabilno mizno podno\u017eje, zasnovano za nestandardne dimenzije in te\u017eo miznih plo\u0161\u010d. Za mizne noge B-P so zna\u010dilni kvadratni vertikalni profili in kvadratni horizontalni profil, navpi\u010dni profili pa so postavljeni pod kotom 90\u00b0. Kovinske noge so pra\u0161no barvane, brez vidnih varov, in omogo\u010dajo nivelacije.[\/vc_column_text][vc_button size=&#8221;btn-sm&#8221; outline=&#8221;yes&#8221; border_width=&#8221;0&#8243; icon=&#8221;fa fa-chevron-left2&#8243; link=&#8221;url:https%3A%2F%2Fvoga.si%2Fsl%2Fsistem-big%2F|title:Sistem%20Big|&#8221; uncode_shortcode_id=&#8221;292911&#8243;]Nazaj na Sistem BIG[\/vc_button][\/vc_column][vc_column column_width_percent=&#8221;100&#8243; gutter_size=&#8221;3&#8243; back_image=&#8221;8348&#8243; back_position=&#8221;center bottom&#8221; overlay_alpha=&#8221;50&#8243; shift_x=&#8221;0&#8243; shift_y=&#8221;0&#8243; shift_y_down=&#8221;0&#8243; z_index=&#8221;0&#8243; medium_width=&#8221;0&#8243; mobile_width=&#8221;0&#8243; width=&#8221;2\/3&#8243; mobile_height=&#8221;350&#8243; uncode_shortcode_id=&#8221;123301&#8243;][\/vc_column][\/vc_row][vc_row][vc_column width=&#8221;1\/1&#8243;][uncode_block id=&#8221;5729&#8243;][\/vc_column][\/vc_row][vc_row row_height_percent=&#8221;0&#8243; override_padding=&#8221;yes&#8221; h_padding=&#8221;2&#8243; top_padding=&#8221;3&#8243; bottom_padding=&#8221;2&#8243; overlay_alpha=&#8221;50&#8243; gutter_size=&#8221;3&#8243; column_width_percent=&#8221;100&#8243; shift_y=&#8221;0&#8243; z_index=&#8221;0&#8243; el_class=&#8221;parts_list&#8221; uncode_shortcode_id=&#8221;203160&#8243;][vc_column column_width_percent=&#8221;100&#8243; align_horizontal=&#8221;align_center&#8221; gutter_size=&#8221;3&#8243; overlay_alpha=&#8221;50&#8243; shift_x=&#8221;0&#8243; shift_y=&#8221;0&#8243; shift_y_down=&#8221;0&#8243; z_index=&#8221;0&#8243; medium_width=&#8221;0&#8243; align_mobile=&#8221;align_center_mobile&#8221; mobile_width=&#8221;0&#8243; width=&#8221;1\/1&#8243;][uncode_block id=&#8221;8007&#8243;][\/vc_column][\/vc_row]<\/p>\n<\/div>","protected":false},"excerpt":{"rendered":"<p>Izdelano po meri<br \/>\nZa ekstremne dimenzije miznih plo\u0161\u010d<br \/>\nProfili postavljeni pod kotom 90\u00b0<\/p>\n","protected":false},"author":2,"featured_media":7801,"parent":7882,"menu_order":2,"comment_status":"closed","ping_status":"closed","template":"","meta":{"_acf_changed":false,"footnotes":""},"class_list":["post-7888","page","type-page","status-publish","has-post-thumbnail","hentry","usage-jedilnica-gostinstvo","usage-domaca-pisarna","usage-konferencna-soba","usage-pisarna","metal_profiles-kvadratna-cev","table_setup-kotna-postavitev","table_setup-enojno-delovno-mesto","table_setup-dvojno-delovno-mesto","table_setup-zaporedna-delovna-mesta","page_category-sistem-big"],"acf":[],"yoast_head":"<!-- This site is optimized with the Yoast SEO plugin v27.4 - https:\/\/yoast.com\/product\/yoast-seo-wordpress\/ -->\n<title>Sistem podno\u017eij za mize BIG B-P - VOGA<\/title>\n<meta name=\"description\" content=\"Za model BIG B-P so zna\u010dilni kvadratni vertikalni profili in kvadratni horizontalni profil. Navpi\u010dni profili so postavljeni pod kotom 90\u00b0.\" \/>\n<meta name=\"robots\" content=\"index, follow, max-snippet:-1, max-image-preview:large, max-video-preview:-1\" \/>\n<link rel=\"canonical\" href=\"https:\/\/voga.si\/sl\/sistem-big\/b-p\/\" \/>\n<meta property=\"og:locale\" content=\"sl_SI\" \/>\n<meta property=\"og:type\" content=\"article\" \/>\n<meta property=\"og:title\" content=\"Sistem podno\u017eij za mize BIG B-P - VOGA\" \/>\n<meta property=\"og:description\" content=\"Za model BIG B-P so zna\u010dilni kvadratni vertikalni profili in kvadratni horizontalni profil. Navpi\u010dni profili so postavljeni pod kotom 90\u00b0.\" \/>\n<meta property=\"og:url\" content=\"https:\/\/voga.si\/sl\/sistem-big\/b-p\/\" \/>\n<meta property=\"og:site_name\" content=\"VOGA\" \/>\n<meta property=\"article:publisher\" content=\"https:\/\/www.facebook.com\/voga.si\" \/>\n<meta property=\"article:modified_time\" content=\"2026-01-13T08:09:02+00:00\" \/>\n<meta property=\"og:image\" content=\"https:\/\/voga.si\/wp-content\/uploads\/2024\/01\/big_b-p_1920x1080px_1.jpg\" \/>\n\t<meta property=\"og:image:width\" content=\"1920\" \/>\n\t<meta property=\"og:image:height\" content=\"1080\" \/>\n\t<meta property=\"og:image:type\" content=\"image\/jpeg\" \/>\n<meta name=\"twitter:card\" content=\"summary_large_image\" \/>\n<meta name=\"twitter:label1\" content=\"Est. reading time\" \/>\n\t<meta name=\"twitter:data1\" content=\"1 minuta\" \/>\n<script type=\"application\/ld+json\" class=\"yoast-schema-graph\">{\"@context\":\"https:\\\/\\\/schema.org\",\"@graph\":[{\"@type\":\"WebPage\",\"@id\":\"https:\\\/\\\/voga.si\\\/sl\\\/sistem-big\\\/b-p\\\/\",\"url\":\"https:\\\/\\\/voga.si\\\/sl\\\/sistem-big\\\/b-p\\\/\",\"name\":\"Sistem podno\u017eij za mize BIG B-P - VOGA\",\"isPartOf\":{\"@id\":\"https:\\\/\\\/voga.si\\\/sl\\\/#website\"},\"primaryImageOfPage\":{\"@id\":\"https:\\\/\\\/voga.si\\\/sl\\\/sistem-big\\\/b-p\\\/#primaryimage\"},\"image\":{\"@id\":\"https:\\\/\\\/voga.si\\\/sl\\\/sistem-big\\\/b-p\\\/#primaryimage\"},\"thumbnailUrl\":\"https:\\\/\\\/voga.si\\\/wp-content\\\/uploads\\\/2024\\\/01\\\/big_b-p_1920x1080px_1.jpg\",\"datePublished\":\"2024-01-25T13:28:35+00:00\",\"dateModified\":\"2026-01-13T08:09:02+00:00\",\"description\":\"Za model BIG B-P so zna\u010dilni kvadratni vertikalni profili in kvadratni horizontalni profil. Navpi\u010dni profili so postavljeni pod kotom 90\u00b0.\",\"breadcrumb\":{\"@id\":\"https:\\\/\\\/voga.si\\\/sl\\\/sistem-big\\\/b-p\\\/#breadcrumb\"},\"inLanguage\":\"sl-SI\",\"potentialAction\":[{\"@type\":\"ReadAction\",\"target\":[\"https:\\\/\\\/voga.si\\\/sl\\\/sistem-big\\\/b-p\\\/\"]}]},{\"@type\":\"ImageObject\",\"inLanguage\":\"sl-SI\",\"@id\":\"https:\\\/\\\/voga.si\\\/sl\\\/sistem-big\\\/b-p\\\/#primaryimage\",\"url\":\"https:\\\/\\\/voga.si\\\/wp-content\\\/uploads\\\/2024\\\/01\\\/big_b-p_1920x1080px_1.jpg\",\"contentUrl\":\"https:\\\/\\\/voga.si\\\/wp-content\\\/uploads\\\/2024\\\/01\\\/big_b-p_1920x1080px_1.jpg\",\"width\":1920,\"height\":1080,\"caption\":\"Sistem BIG \u2013 B-P\"},{\"@type\":\"BreadcrumbList\",\"@id\":\"https:\\\/\\\/voga.si\\\/sl\\\/sistem-big\\\/b-p\\\/#breadcrumb\",\"itemListElement\":[{\"@type\":\"ListItem\",\"position\":1,\"name\":\"Home\",\"item\":\"https:\\\/\\\/voga.si\\\/sl\\\/\"},{\"@type\":\"ListItem\",\"position\":2,\"name\":\"Sistem BIG\",\"item\":\"https:\\\/\\\/voga.si\\\/sl\\\/system-big\\\/\"},{\"@type\":\"ListItem\",\"position\":3,\"name\":\"B-P\"}]},{\"@type\":\"WebSite\",\"@id\":\"https:\\\/\\\/voga.si\\\/sl\\\/#website\",\"url\":\"https:\\\/\\\/voga.si\\\/sl\\\/\",\"name\":\"VOGA\",\"description\":\"Pametne pohi\u0161tvene re\u0161itve\",\"publisher\":{\"@id\":\"https:\\\/\\\/voga.si\\\/sl\\\/#organization\"},\"potentialAction\":[{\"@type\":\"SearchAction\",\"target\":{\"@type\":\"EntryPoint\",\"urlTemplate\":\"https:\\\/\\\/voga.si\\\/sl\\\/?s={search_term_string}\"},\"query-input\":{\"@type\":\"PropertyValueSpecification\",\"valueRequired\":true,\"valueName\":\"search_term_string\"}}],\"inLanguage\":\"sl-SI\"},{\"@type\":\"Organization\",\"@id\":\"https:\\\/\\\/voga.si\\\/sl\\\/#organization\",\"name\":\"VOGA\",\"url\":\"https:\\\/\\\/voga.si\\\/sl\\\/\",\"logo\":{\"@type\":\"ImageObject\",\"inLanguage\":\"sl-SI\",\"@id\":\"https:\\\/\\\/voga.si\\\/sl\\\/#\\\/schema\\\/logo\\\/image\\\/\",\"url\":\"https:\\\/\\\/voga.si\\\/wp-content\\\/uploads\\\/2024\\\/02\\\/voga_logo.svg\",\"contentUrl\":\"https:\\\/\\\/voga.si\\\/wp-content\\\/uploads\\\/2024\\\/02\\\/voga_logo.svg\",\"width\":\"236\",\"height\":\"44\",\"caption\":\"VOGA\"},\"image\":{\"@id\":\"https:\\\/\\\/voga.si\\\/sl\\\/#\\\/schema\\\/logo\\\/image\\\/\"},\"sameAs\":[\"https:\\\/\\\/www.facebook.com\\\/voga.si\",\"https:\\\/\\\/www.instagram.com\\\/voga_si\\\/\",\"https:\\\/\\\/www.pinterest.com\\\/voga_si\\\/\",\"https:\\\/\\\/www.youtube.com\\\/channel\\\/UC8lMOZlkkox_ANm0CEV6IiQ\\\/\"]}]}<\/script>\n<!-- \/ Yoast SEO plugin. -->","yoast_head_json":{"title":"Sistem podno\u017eij za mize BIG B-P - VOGA","description":"Za model BIG B-P so zna\u010dilni kvadratni vertikalni profili in kvadratni horizontalni profil. Navpi\u010dni profili so postavljeni pod kotom 90\u00b0.","robots":{"index":"index","follow":"follow","max-snippet":"max-snippet:-1","max-image-preview":"max-image-preview:large","max-video-preview":"max-video-preview:-1"},"canonical":"https:\/\/voga.si\/sl\/sistem-big\/b-p\/","og_locale":"sl_SI","og_type":"article","og_title":"Sistem podno\u017eij za mize BIG B-P - VOGA","og_description":"Za model BIG B-P so zna\u010dilni kvadratni vertikalni profili in kvadratni horizontalni profil. Navpi\u010dni profili so postavljeni pod kotom 90\u00b0.","og_url":"https:\/\/voga.si\/sl\/sistem-big\/b-p\/","og_site_name":"VOGA","article_publisher":"https:\/\/www.facebook.com\/voga.si","article_modified_time":"2026-01-13T08:09:02+00:00","og_image":[{"width":1920,"height":1080,"url":"https:\/\/voga.si\/wp-content\/uploads\/2024\/01\/big_b-p_1920x1080px_1.jpg","type":"image\/jpeg"}],"twitter_card":"summary_large_image","twitter_misc":{"Est. reading time":"1 minuta"},"schema":{"@context":"https:\/\/schema.org","@graph":[{"@type":"WebPage","@id":"https:\/\/voga.si\/sl\/sistem-big\/b-p\/","url":"https:\/\/voga.si\/sl\/sistem-big\/b-p\/","name":"Sistem podno\u017eij za mize BIG B-P - VOGA","isPartOf":{"@id":"https:\/\/voga.si\/sl\/#website"},"primaryImageOfPage":{"@id":"https:\/\/voga.si\/sl\/sistem-big\/b-p\/#primaryimage"},"image":{"@id":"https:\/\/voga.si\/sl\/sistem-big\/b-p\/#primaryimage"},"thumbnailUrl":"https:\/\/voga.si\/wp-content\/uploads\/2024\/01\/big_b-p_1920x1080px_1.jpg","datePublished":"2024-01-25T13:28:35+00:00","dateModified":"2026-01-13T08:09:02+00:00","description":"Za model BIG B-P so zna\u010dilni kvadratni vertikalni profili in kvadratni horizontalni profil. Navpi\u010dni profili so postavljeni pod kotom 90\u00b0.","breadcrumb":{"@id":"https:\/\/voga.si\/sl\/sistem-big\/b-p\/#breadcrumb"},"inLanguage":"sl-SI","potentialAction":[{"@type":"ReadAction","target":["https:\/\/voga.si\/sl\/sistem-big\/b-p\/"]}]},{"@type":"ImageObject","inLanguage":"sl-SI","@id":"https:\/\/voga.si\/sl\/sistem-big\/b-p\/#primaryimage","url":"https:\/\/voga.si\/wp-content\/uploads\/2024\/01\/big_b-p_1920x1080px_1.jpg","contentUrl":"https:\/\/voga.si\/wp-content\/uploads\/2024\/01\/big_b-p_1920x1080px_1.jpg","width":1920,"height":1080,"caption":"Sistem BIG \u2013 B-P"},{"@type":"BreadcrumbList","@id":"https:\/\/voga.si\/sl\/sistem-big\/b-p\/#breadcrumb","itemListElement":[{"@type":"ListItem","position":1,"name":"Home","item":"https:\/\/voga.si\/sl\/"},{"@type":"ListItem","position":2,"name":"Sistem BIG","item":"https:\/\/voga.si\/sl\/system-big\/"},{"@type":"ListItem","position":3,"name":"B-P"}]},{"@type":"WebSite","@id":"https:\/\/voga.si\/sl\/#website","url":"https:\/\/voga.si\/sl\/","name":"VOGA","description":"Pametne pohi\u0161tvene re\u0161itve","publisher":{"@id":"https:\/\/voga.si\/sl\/#organization"},"potentialAction":[{"@type":"SearchAction","target":{"@type":"EntryPoint","urlTemplate":"https:\/\/voga.si\/sl\/?s={search_term_string}"},"query-input":{"@type":"PropertyValueSpecification","valueRequired":true,"valueName":"search_term_string"}}],"inLanguage":"sl-SI"},{"@type":"Organization","@id":"https:\/\/voga.si\/sl\/#organization","name":"VOGA","url":"https:\/\/voga.si\/sl\/","logo":{"@type":"ImageObject","inLanguage":"sl-SI","@id":"https:\/\/voga.si\/sl\/#\/schema\/logo\/image\/","url":"https:\/\/voga.si\/wp-content\/uploads\/2024\/02\/voga_logo.svg","contentUrl":"https:\/\/voga.si\/wp-content\/uploads\/2024\/02\/voga_logo.svg","width":"236","height":"44","caption":"VOGA"},"image":{"@id":"https:\/\/voga.si\/sl\/#\/schema\/logo\/image\/"},"sameAs":["https:\/\/www.facebook.com\/voga.si","https:\/\/www.instagram.com\/voga_si\/","https:\/\/www.pinterest.com\/voga_si\/","https:\/\/www.youtube.com\/channel\/UC8lMOZlkkox_ANm0CEV6IiQ\/"]}]}},"_links":{"self":[{"href":"https:\/\/voga.si\/sl\/wp-json\/wp\/v2\/pages\/7888","targetHints":{"allow":["GET"]}}],"collection":[{"href":"https:\/\/voga.si\/sl\/wp-json\/wp\/v2\/pages"}],"about":[{"href":"https:\/\/voga.si\/sl\/wp-json\/wp\/v2\/types\/page"}],"author":[{"embeddable":true,"href":"https:\/\/voga.si\/sl\/wp-json\/wp\/v2\/users\/2"}],"replies":[{"embeddable":true,"href":"https:\/\/voga.si\/sl\/wp-json\/wp\/v2\/comments?post=7888"}],"version-history":[{"count":11,"href":"https:\/\/voga.si\/sl\/wp-json\/wp\/v2\/pages\/7888\/revisions"}],"predecessor-version":[{"id":10953,"href":"https:\/\/voga.si\/sl\/wp-json\/wp\/v2\/pages\/7888\/revisions\/10953"}],"up":[{"embeddable":true,"href":"https:\/\/voga.si\/sl\/wp-json\/wp\/v2\/pages\/7882"}],"wp:featuredmedia":[{"embeddable":true,"href":"https:\/\/voga.si\/sl\/wp-json\/wp\/v2\/media\/7801"}],"wp:attachment":[{"href":"https:\/\/voga.si\/sl\/wp-json\/wp\/v2\/media?parent=7888"}],"curies":[{"name":"wp","href":"https:\/\/api.w.org\/{rel}","templated":true}]}}