{"id":7627,"date":"2024-01-23T10:19:50","date_gmt":"2024-01-23T09:19:50","guid":{"rendered":"https:\/\/voga.si\/sistem-hide\/hife-50\/"},"modified":"2025-04-14T11:58:07","modified_gmt":"2025-04-14T09:58:07","slug":"hife-50","status":"publish","type":"page","link":"https:\/\/voga.si\/sl\/sistem-hide\/hife-50\/","title":{"rendered":"HIFE 50"},"content":{"rendered":"<div class=\"wpb-content-wrapper\"><p>[vc_row unlock_row_content=&#8221;yes&#8221; row_height_percent=&#8221;50&#8243; override_padding=&#8221;yes&#8221; h_padding=&#8221;0&#8243; top_padding=&#8221;0&#8243; bottom_padding=&#8221;0&#8243; back_color=&#8221;color-prif&#8221; overlay_alpha=&#8221;50&#8243; equal_height=&#8221;yes&#8221; gutter_size=&#8221;3&#8243; column_width_percent=&#8221;100&#8243; shift_y=&#8221;0&#8243; z_index=&#8221;0&#8243;][vc_column column_width_percent=&#8221;100&#8243; position_vertical=&#8221;middle&#8221; gutter_size=&#8221;2&#8243; override_padding=&#8221;yes&#8221; column_padding=&#8221;4&#8243; style=&#8221;dark&#8221; overlay_alpha=&#8221;50&#8243; shift_x=&#8221;0&#8243; shift_y=&#8221;0&#8243; shift_y_down=&#8221;0&#8243; z_index=&#8221;0&#8243; medium_width=&#8221;0&#8243; mobile_width=&#8221;0&#8243; width=&#8221;1\/3&#8243;][vc_custom_heading text_color=&#8221;accent&#8221; heading_semantic=&#8221;h1&#8243; text_size=&#8221;h1&#8243; uncode_shortcode_id=&#8221;118093&#8243; text_color_type=&#8221;uncode-palette&#8221;]HIFE 50[\/vc_custom_heading][vc_column_text uncode_shortcode_id=&#8221;140950&#8243;]Model miznih nog HIFE 50 ima obliko trapeza z zgornjim vodoravnim pravokotnim profilom in pokon\u010dnimi okroglimi stranicami dimenzije \u00f8 50. Mizne noge HIFE 50 svojo obliko zagotavlja izjemno stabilnost. Kovinski profili so pra\u0161no barvani, kar podalj\u0161uje njihovo obstojnost. Noge HIFE 50 so opremljene z nivelacijo, ki omogo\u010da stabilnost na razli\u010dnih povr\u0161inah. Kovinske noge niso del serijske proizvodnje, so pa prilagodljive in jih je mogo\u010de izdelati po naro\u010dilu.<\/p>\n<table>\n<tbody>\n<tr>\n<th colspan=\"2\">Konfiguracija mizne plo\u0161\u010de<\/th>\n<\/tr>\n<tr>\n<td>\u0160irina<\/td>\n<td>600\u20131600 mm<\/td>\n<\/tr>\n<tr>\n<td>Dol\u017eina<\/td>\n<td>600\u20132000 mm<\/td>\n<\/tr>\n<tr>\n<td>Debelina<\/td>\n<td>12\u201325 mm<\/td>\n<\/tr>\n<tr>\n<td>Najve\u010dja te\u017ea<\/td>\n<td>25 kg\/m<sup>2<\/sup><\/td>\n<\/tr>\n<tr>\n<td>Najve\u010dja obremenitev<\/td>\n<td>150 kg\/m<sup>2<\/sup><\/td>\n<\/tr>\n<\/tbody>\n<\/table>\n<p>[\/vc_column_text][vc_button size=&#8221;btn-sm&#8221; outline=&#8221;yes&#8221; border_width=&#8221;0&#8243; icon=&#8221;fa fa-chevron-left2&#8243; link=&#8221;url:https%3A%2F%2Fvoga.si%2Fsl%2Fsistem-hide%2F|title:Sistem%20HIDE|&#8221;]Nazaj na sistem HIDE[\/vc_button][\/vc_column][vc_column column_width_percent=&#8221;100&#8243; gutter_size=&#8221;3&#8243; back_image=&#8221;7560&#8243; back_position=&#8221;center bottom&#8221; overlay_alpha=&#8221;50&#8243; shift_x=&#8221;0&#8243; shift_y=&#8221;0&#8243; shift_y_down=&#8221;0&#8243; z_index=&#8221;0&#8243; medium_width=&#8221;0&#8243; mobile_width=&#8221;0&#8243; width=&#8221;2\/3&#8243; mobile_height=&#8221;350&#8243; uncode_shortcode_id=&#8221;172233&#8243;][\/vc_column][\/vc_row][vc_row][vc_column width=&#8221;1\/1&#8243;][uncode_block id=&#8221;5729&#8243;][\/vc_column][\/vc_row][vc_row row_height_percent=&#8221;0&#8243; override_padding=&#8221;yes&#8221; h_padding=&#8221;2&#8243; top_padding=&#8221;3&#8243; bottom_padding=&#8221;2&#8243; overlay_alpha=&#8221;50&#8243; gutter_size=&#8221;3&#8243; column_width_percent=&#8221;100&#8243; shift_y=&#8221;0&#8243; z_index=&#8221;0&#8243; el_class=&#8221;parts_list&#8221; uncode_shortcode_id=&#8221;203160&#8243;][vc_column column_width_percent=&#8221;100&#8243; align_horizontal=&#8221;align_center&#8221; gutter_size=&#8221;3&#8243; overlay_alpha=&#8221;50&#8243; shift_x=&#8221;0&#8243; shift_y=&#8221;0&#8243; shift_y_down=&#8221;0&#8243; z_index=&#8221;0&#8243; medium_width=&#8221;0&#8243; align_mobile=&#8221;align_center_mobile&#8221; mobile_width=&#8221;0&#8243; width=&#8221;1\/1&#8243;][uncode_block id=&#8221;8007&#8243;][\/vc_column][\/vc_row]<\/p>\n<\/div>","protected":false},"excerpt":{"rendered":"<p>Izdelano po meri<br \/>\nNoge okroglega preseka<br \/>\nNivelacija<\/p>\n","protected":false},"author":2,"featured_media":7566,"parent":1598,"menu_order":28,"comment_status":"closed","ping_status":"closed","template":"","meta":{"_acf_changed":false,"footnotes":""},"class_list":["post-7627","page","type-page","status-publish","has-post-thumbnail","hentry","usage-jedilnica-gostinstvo","usage-domaca-pisarna","usage-konferencna-soba","usage-pisarna","metal_profiles-okrogla-cev","table_setup-kotna-postavitev","table_setup-enojno-delovno-mesto","table_setup-dvojno-delovno-mesto","table_setup-zaporedna-delovna-mesta","page_category-sistem-hide"],"acf":[],"yoast_head":"<!-- This site is optimized with the Yoast SEO plugin v27.4 - https:\/\/yoast.com\/product\/yoast-seo-wordpress\/ -->\n<title>Sistem podno\u017eij za mize HIFE 50 - VOGA<\/title>\n<meta name=\"description\" content=\"Model HIFE 50 ozna\u010duje obliko trapeza, z zgornjim, pre\u010dnim, pravokotnim profilom in navpi\u010dnim okroglim.\" \/>\n<meta name=\"robots\" content=\"index, follow, max-snippet:-1, max-image-preview:large, max-video-preview:-1\" \/>\n<link rel=\"canonical\" href=\"https:\/\/voga.si\/sl\/sistem-hide\/hife-50\/\" \/>\n<meta property=\"og:locale\" content=\"sl_SI\" \/>\n<meta property=\"og:type\" content=\"article\" \/>\n<meta property=\"og:title\" content=\"Sistem podno\u017eij za mize HIFE 50 - VOGA\" \/>\n<meta property=\"og:description\" content=\"Model HIFE 50 ozna\u010duje obliko trapeza, z zgornjim, pre\u010dnim, pravokotnim profilom in navpi\u010dnim okroglim.\" \/>\n<meta property=\"og:url\" content=\"https:\/\/voga.si\/sl\/sistem-hide\/hife-50\/\" \/>\n<meta property=\"og:site_name\" content=\"VOGA\" \/>\n<meta property=\"article:publisher\" content=\"https:\/\/www.facebook.com\/voga.si\" \/>\n<meta property=\"article:modified_time\" content=\"2025-04-14T09:58:07+00:00\" \/>\n<meta property=\"og:image\" content=\"https:\/\/voga.si\/wp-content\/uploads\/2024\/01\/hide_hife_50_1920x1080px_1.jpg\" \/>\n\t<meta property=\"og:image:width\" content=\"1920\" \/>\n\t<meta property=\"og:image:height\" content=\"1080\" \/>\n\t<meta property=\"og:image:type\" content=\"image\/jpeg\" \/>\n<meta name=\"twitter:card\" content=\"summary_large_image\" \/>\n<meta name=\"twitter:label1\" content=\"Est. reading time\" \/>\n\t<meta name=\"twitter:data1\" content=\"2 minuti\" \/>\n<script type=\"application\/ld+json\" class=\"yoast-schema-graph\">{\"@context\":\"https:\\\/\\\/schema.org\",\"@graph\":[{\"@type\":\"WebPage\",\"@id\":\"https:\\\/\\\/voga.si\\\/sl\\\/sistem-hide\\\/hife-50\\\/\",\"url\":\"https:\\\/\\\/voga.si\\\/sl\\\/sistem-hide\\\/hife-50\\\/\",\"name\":\"Sistem podno\u017eij za mize HIFE 50 - VOGA\",\"isPartOf\":{\"@id\":\"https:\\\/\\\/voga.si\\\/sl\\\/#website\"},\"primaryImageOfPage\":{\"@id\":\"https:\\\/\\\/voga.si\\\/sl\\\/sistem-hide\\\/hife-50\\\/#primaryimage\"},\"image\":{\"@id\":\"https:\\\/\\\/voga.si\\\/sl\\\/sistem-hide\\\/hife-50\\\/#primaryimage\"},\"thumbnailUrl\":\"https:\\\/\\\/voga.si\\\/wp-content\\\/uploads\\\/2024\\\/01\\\/hide_hife_50_1920x1080px_1.jpg\",\"datePublished\":\"2024-01-23T09:19:50+00:00\",\"dateModified\":\"2025-04-14T09:58:07+00:00\",\"description\":\"Model HIFE 50 ozna\u010duje obliko trapeza, z zgornjim, pre\u010dnim, pravokotnim profilom in navpi\u010dnim okroglim.\",\"breadcrumb\":{\"@id\":\"https:\\\/\\\/voga.si\\\/sl\\\/sistem-hide\\\/hife-50\\\/#breadcrumb\"},\"inLanguage\":\"sl-SI\",\"potentialAction\":[{\"@type\":\"ReadAction\",\"target\":[\"https:\\\/\\\/voga.si\\\/sl\\\/sistem-hide\\\/hife-50\\\/\"]}]},{\"@type\":\"ImageObject\",\"inLanguage\":\"sl-SI\",\"@id\":\"https:\\\/\\\/voga.si\\\/sl\\\/sistem-hide\\\/hife-50\\\/#primaryimage\",\"url\":\"https:\\\/\\\/voga.si\\\/wp-content\\\/uploads\\\/2024\\\/01\\\/hide_hife_50_1920x1080px_1.jpg\",\"contentUrl\":\"https:\\\/\\\/voga.si\\\/wp-content\\\/uploads\\\/2024\\\/01\\\/hide_hife_50_1920x1080px_1.jpg\",\"width\":1920,\"height\":1080,\"caption\":\"Sistem HIDE \u2013 HIFE 50\"},{\"@type\":\"BreadcrumbList\",\"@id\":\"https:\\\/\\\/voga.si\\\/sl\\\/sistem-hide\\\/hife-50\\\/#breadcrumb\",\"itemListElement\":[{\"@type\":\"ListItem\",\"position\":1,\"name\":\"Home\",\"item\":\"https:\\\/\\\/voga.si\\\/sl\\\/\"},{\"@type\":\"ListItem\",\"position\":2,\"name\":\"Sistem HIDE\",\"item\":\"https:\\\/\\\/voga.si\\\/sl\\\/system-hide\\\/\"},{\"@type\":\"ListItem\",\"position\":3,\"name\":\"HIFE 50\"}]},{\"@type\":\"WebSite\",\"@id\":\"https:\\\/\\\/voga.si\\\/sl\\\/#website\",\"url\":\"https:\\\/\\\/voga.si\\\/sl\\\/\",\"name\":\"VOGA\",\"description\":\"Pametne pohi\u0161tvene re\u0161itve\",\"publisher\":{\"@id\":\"https:\\\/\\\/voga.si\\\/sl\\\/#organization\"},\"potentialAction\":[{\"@type\":\"SearchAction\",\"target\":{\"@type\":\"EntryPoint\",\"urlTemplate\":\"https:\\\/\\\/voga.si\\\/sl\\\/?s={search_term_string}\"},\"query-input\":{\"@type\":\"PropertyValueSpecification\",\"valueRequired\":true,\"valueName\":\"search_term_string\"}}],\"inLanguage\":\"sl-SI\"},{\"@type\":\"Organization\",\"@id\":\"https:\\\/\\\/voga.si\\\/sl\\\/#organization\",\"name\":\"VOGA\",\"url\":\"https:\\\/\\\/voga.si\\\/sl\\\/\",\"logo\":{\"@type\":\"ImageObject\",\"inLanguage\":\"sl-SI\",\"@id\":\"https:\\\/\\\/voga.si\\\/sl\\\/#\\\/schema\\\/logo\\\/image\\\/\",\"url\":\"https:\\\/\\\/voga.si\\\/wp-content\\\/uploads\\\/2024\\\/02\\\/voga_logo.svg\",\"contentUrl\":\"https:\\\/\\\/voga.si\\\/wp-content\\\/uploads\\\/2024\\\/02\\\/voga_logo.svg\",\"width\":\"236\",\"height\":\"44\",\"caption\":\"VOGA\"},\"image\":{\"@id\":\"https:\\\/\\\/voga.si\\\/sl\\\/#\\\/schema\\\/logo\\\/image\\\/\"},\"sameAs\":[\"https:\\\/\\\/www.facebook.com\\\/voga.si\",\"https:\\\/\\\/www.instagram.com\\\/voga_si\\\/\",\"https:\\\/\\\/www.pinterest.com\\\/voga_si\\\/\",\"https:\\\/\\\/www.youtube.com\\\/channel\\\/UC8lMOZlkkox_ANm0CEV6IiQ\\\/\"]}]}<\/script>\n<!-- \/ Yoast SEO plugin. -->","yoast_head_json":{"title":"Sistem podno\u017eij za mize HIFE 50 - VOGA","description":"Model HIFE 50 ozna\u010duje obliko trapeza, z zgornjim, pre\u010dnim, pravokotnim profilom in navpi\u010dnim okroglim.","robots":{"index":"index","follow":"follow","max-snippet":"max-snippet:-1","max-image-preview":"max-image-preview:large","max-video-preview":"max-video-preview:-1"},"canonical":"https:\/\/voga.si\/sl\/sistem-hide\/hife-50\/","og_locale":"sl_SI","og_type":"article","og_title":"Sistem podno\u017eij za mize HIFE 50 - VOGA","og_description":"Model HIFE 50 ozna\u010duje obliko trapeza, z zgornjim, pre\u010dnim, pravokotnim profilom in navpi\u010dnim okroglim.","og_url":"https:\/\/voga.si\/sl\/sistem-hide\/hife-50\/","og_site_name":"VOGA","article_publisher":"https:\/\/www.facebook.com\/voga.si","article_modified_time":"2025-04-14T09:58:07+00:00","og_image":[{"width":1920,"height":1080,"url":"https:\/\/voga.si\/wp-content\/uploads\/2024\/01\/hide_hife_50_1920x1080px_1.jpg","type":"image\/jpeg"}],"twitter_card":"summary_large_image","twitter_misc":{"Est. reading time":"2 minuti"},"schema":{"@context":"https:\/\/schema.org","@graph":[{"@type":"WebPage","@id":"https:\/\/voga.si\/sl\/sistem-hide\/hife-50\/","url":"https:\/\/voga.si\/sl\/sistem-hide\/hife-50\/","name":"Sistem podno\u017eij za mize HIFE 50 - VOGA","isPartOf":{"@id":"https:\/\/voga.si\/sl\/#website"},"primaryImageOfPage":{"@id":"https:\/\/voga.si\/sl\/sistem-hide\/hife-50\/#primaryimage"},"image":{"@id":"https:\/\/voga.si\/sl\/sistem-hide\/hife-50\/#primaryimage"},"thumbnailUrl":"https:\/\/voga.si\/wp-content\/uploads\/2024\/01\/hide_hife_50_1920x1080px_1.jpg","datePublished":"2024-01-23T09:19:50+00:00","dateModified":"2025-04-14T09:58:07+00:00","description":"Model HIFE 50 ozna\u010duje obliko trapeza, z zgornjim, pre\u010dnim, pravokotnim profilom in navpi\u010dnim okroglim.","breadcrumb":{"@id":"https:\/\/voga.si\/sl\/sistem-hide\/hife-50\/#breadcrumb"},"inLanguage":"sl-SI","potentialAction":[{"@type":"ReadAction","target":["https:\/\/voga.si\/sl\/sistem-hide\/hife-50\/"]}]},{"@type":"ImageObject","inLanguage":"sl-SI","@id":"https:\/\/voga.si\/sl\/sistem-hide\/hife-50\/#primaryimage","url":"https:\/\/voga.si\/wp-content\/uploads\/2024\/01\/hide_hife_50_1920x1080px_1.jpg","contentUrl":"https:\/\/voga.si\/wp-content\/uploads\/2024\/01\/hide_hife_50_1920x1080px_1.jpg","width":1920,"height":1080,"caption":"Sistem HIDE \u2013 HIFE 50"},{"@type":"BreadcrumbList","@id":"https:\/\/voga.si\/sl\/sistem-hide\/hife-50\/#breadcrumb","itemListElement":[{"@type":"ListItem","position":1,"name":"Home","item":"https:\/\/voga.si\/sl\/"},{"@type":"ListItem","position":2,"name":"Sistem HIDE","item":"https:\/\/voga.si\/sl\/system-hide\/"},{"@type":"ListItem","position":3,"name":"HIFE 50"}]},{"@type":"WebSite","@id":"https:\/\/voga.si\/sl\/#website","url":"https:\/\/voga.si\/sl\/","name":"VOGA","description":"Pametne pohi\u0161tvene re\u0161itve","publisher":{"@id":"https:\/\/voga.si\/sl\/#organization"},"potentialAction":[{"@type":"SearchAction","target":{"@type":"EntryPoint","urlTemplate":"https:\/\/voga.si\/sl\/?s={search_term_string}"},"query-input":{"@type":"PropertyValueSpecification","valueRequired":true,"valueName":"search_term_string"}}],"inLanguage":"sl-SI"},{"@type":"Organization","@id":"https:\/\/voga.si\/sl\/#organization","name":"VOGA","url":"https:\/\/voga.si\/sl\/","logo":{"@type":"ImageObject","inLanguage":"sl-SI","@id":"https:\/\/voga.si\/sl\/#\/schema\/logo\/image\/","url":"https:\/\/voga.si\/wp-content\/uploads\/2024\/02\/voga_logo.svg","contentUrl":"https:\/\/voga.si\/wp-content\/uploads\/2024\/02\/voga_logo.svg","width":"236","height":"44","caption":"VOGA"},"image":{"@id":"https:\/\/voga.si\/sl\/#\/schema\/logo\/image\/"},"sameAs":["https:\/\/www.facebook.com\/voga.si","https:\/\/www.instagram.com\/voga_si\/","https:\/\/www.pinterest.com\/voga_si\/","https:\/\/www.youtube.com\/channel\/UC8lMOZlkkox_ANm0CEV6IiQ\/"]}]}},"_links":{"self":[{"href":"https:\/\/voga.si\/sl\/wp-json\/wp\/v2\/pages\/7627","targetHints":{"allow":["GET"]}}],"collection":[{"href":"https:\/\/voga.si\/sl\/wp-json\/wp\/v2\/pages"}],"about":[{"href":"https:\/\/voga.si\/sl\/wp-json\/wp\/v2\/types\/page"}],"author":[{"embeddable":true,"href":"https:\/\/voga.si\/sl\/wp-json\/wp\/v2\/users\/2"}],"replies":[{"embeddable":true,"href":"https:\/\/voga.si\/sl\/wp-json\/wp\/v2\/comments?post=7627"}],"version-history":[{"count":7,"href":"https:\/\/voga.si\/sl\/wp-json\/wp\/v2\/pages\/7627\/revisions"}],"predecessor-version":[{"id":9594,"href":"https:\/\/voga.si\/sl\/wp-json\/wp\/v2\/pages\/7627\/revisions\/9594"}],"up":[{"embeddable":true,"href":"https:\/\/voga.si\/sl\/wp-json\/wp\/v2\/pages\/1598"}],"wp:featuredmedia":[{"embeddable":true,"href":"https:\/\/voga.si\/sl\/wp-json\/wp\/v2\/media\/7566"}],"wp:attachment":[{"href":"https:\/\/voga.si\/sl\/wp-json\/wp\/v2\/media?parent=7627"}],"curies":[{"name":"wp","href":"https:\/\/api.w.org\/{rel}","templated":true}]}}