{"id":6156,"date":"2023-04-19T09:25:59","date_gmt":"2023-04-19T07:25:59","guid":{"rendered":"https:\/\/voga.si\/eltipla\/eltipla-compact\/"},"modified":"2026-02-13T13:13:12","modified_gmt":"2026-02-13T12:13:12","slug":"eltipla-compact","status":"publish","type":"page","link":"https:\/\/voga.si\/sl\/eltipla\/eltipla-compact\/","title":{"rendered":"ELTIPLA COMPACT"},"content":{"rendered":"<div class=\"wpb-content-wrapper\"><p>[vc_row unlock_row_content=&#8221;yes&#8221; row_height_percent=&#8221;50&#8243; override_padding=&#8221;yes&#8221; h_padding=&#8221;0&#8243; top_padding=&#8221;0&#8243; bottom_padding=&#8221;0&#8243; back_color=&#8221;color-prif&#8221; overlay_alpha=&#8221;50&#8243; equal_height=&#8221;yes&#8221; gutter_size=&#8221;3&#8243; column_width_percent=&#8221;100&#8243; shift_y=&#8221;0&#8243; z_index=&#8221;0&#8243;][vc_column column_width_percent=&#8221;100&#8243; position_vertical=&#8221;middle&#8221; gutter_size=&#8221;2&#8243; override_padding=&#8221;yes&#8221; column_padding=&#8221;4&#8243; style=&#8221;dark&#8221; overlay_alpha=&#8221;50&#8243; shift_x=&#8221;0&#8243; shift_y=&#8221;0&#8243; shift_y_down=&#8221;0&#8243; z_index=&#8221;0&#8243; medium_width=&#8221;0&#8243; mobile_width=&#8221;0&#8243; width=&#8221;1\/3&#8243;][vc_custom_heading text_color=&#8221;accent&#8221; heading_semantic=&#8221;h1&#8243; text_size=&#8221;h1&#8243; uncode_shortcode_id=&#8221;114131&#8243; text_color_type=&#8221;uncode-palette&#8221;]ELTIPLA COMPACT[\/vc_custom_heading][vc_column_text uncode_shortcode_id=&#8221;264823&#8243;]Elektri\u010dno mizno podno\u017eje ELTIPLA COMPACT omogo\u010da elektri\u010dno nastavitev vi\u0161ine mize in s tem omogo\u010da delo v sede\u010dem ali stoje\u010dem polo\u017eaju (SIT &amp; STAND). Mehanizem prenese obremenitev do 100 kg. Elektri\u010dno nastavljive noge vklju\u010dujejo mo\u017enost nivelacije (do 10 mm), vi\u0161ino pa se elektri\u010dno nastavi od 651 do 1121 mm. Priporo\u010dena velikost mizne plo\u0161\u010de je od 1000 do 1600 mm v dol\u017eino in od 600 do 800 mm v \u0161irino. Pogon in elektronika BOSCH \u2013 SIEMENS.<\/p>\n<table>\n<tbody>\n<tr>\n<td colspan=\"2\" width=\"406\">Tehni\u010dni podatki<\/td>\n<\/tr>\n<tr>\n<td width=\"151\">Mizna plo\u0161\u010da<\/td>\n<td width=\"255\">D: 1000-1600mm \u0160:600-800mm<\/td>\n<\/tr>\n<tr>\n<td width=\"151\">Razpon vi\u0161ine<\/td>\n<td width=\"255\">651-1121mm<\/td>\n<\/tr>\n<tr>\n<td width=\"151\">Dimenzija stebrov<\/td>\n<td width=\"255\">70x50mm, 60x40mm<\/td>\n<\/tr>\n<tr>\n<td width=\"151\">Barva<\/td>\n<td width=\"255\">RAL 9016 (bela), RAL 9006 (srebrna), RAL 9005 (\u010drna)<\/td>\n<\/tr>\n<tr>\n<td width=\"151\">Te\u017ea<\/td>\n<td width=\"255\">100kg vklju\u010dno z mizno plo\u0161\u010do<\/td>\n<\/tr>\n<tr>\n<td width=\"151\">Hitrost nastavitve vi\u0161ine<\/td>\n<td width=\"255\">30 mm\/s<\/td>\n<\/tr>\n<tr>\n<td width=\"151\">Glasnost delovanja<\/td>\n<td width=\"255\">&lt;48dB<\/td>\n<\/tr>\n<\/tbody>\n<\/table>\n<p>[\/vc_column_text][vc_button size=&#8221;btn-sm&#8221; outline=&#8221;yes&#8221; border_width=&#8221;0&#8243; icon=&#8221;fa fa-chevron-left2&#8243; link=&#8221;url:https%3A%2F%2Fvoga.si%2Fsl%2Feltipla%2F|title:ELTIPLA|&#8221; uncode_shortcode_id=&#8221;123477&#8243;]Nazaj na ELTIPLA[\/vc_button][\/vc_column][vc_column column_width_percent=&#8221;100&#8243; gutter_size=&#8221;3&#8243; back_image=&#8221;6138&#8243; back_position=&#8221;center bottom&#8221; overlay_alpha=&#8221;50&#8243; shift_x=&#8221;0&#8243; shift_y=&#8221;0&#8243; shift_y_down=&#8221;0&#8243; z_index=&#8221;0&#8243; medium_width=&#8221;0&#8243; mobile_width=&#8221;0&#8243; width=&#8221;2\/3&#8243; mobile_height=&#8221;350&#8243; uncode_shortcode_id=&#8221;133031&#8243;][\/vc_column][\/vc_row][vc_row][vc_column width=&#8221;1\/1&#8243;][uncode_block id=&#8221;5729&#8243;][\/vc_column][\/vc_row][vc_row row_height_percent=&#8221;0&#8243; override_padding=&#8221;yes&#8221; h_padding=&#8221;2&#8243; top_padding=&#8221;3&#8243; bottom_padding=&#8221;2&#8243; overlay_alpha=&#8221;50&#8243; gutter_size=&#8221;3&#8243; column_width_percent=&#8221;100&#8243; shift_y=&#8221;0&#8243; z_index=&#8221;0&#8243; el_class=&#8221;parts_list&#8221;][vc_column column_width_percent=&#8221;100&#8243; align_horizontal=&#8221;align_center&#8221; gutter_size=&#8221;3&#8243; overlay_alpha=&#8221;50&#8243; shift_x=&#8221;0&#8243; shift_y=&#8221;0&#8243; shift_y_down=&#8221;0&#8243; z_index=&#8221;0&#8243; medium_width=&#8221;0&#8243; align_mobile=&#8221;align_center_mobile&#8221; mobile_width=&#8221;0&#8243; width=&#8221;1\/1&#8243;][vc_custom_heading text_color=&#8221;color-wvjs&#8221; text_size=&#8221;h6&#8243; text_weight=&#8221;500&#8243; text_space=&#8221;fontspace-121210&#8243; separator_color=&#8221;yes&#8221; separator=&#8221;under&#8221; sub_reduced=&#8221;yes&#8221;]RAZPOLO\u017dLJIVE NOGE[\/vc_custom_heading][vc_separator sep_color=&#8221;color-gyho&#8221;][vc_row_inner row_inner_height_percent=&#8221;0&#8243; overlay_alpha=&#8221;50&#8243; gutter_size=&#8221;3&#8243; shift_y=&#8221;0&#8243; z_index=&#8221;0&#8243; limit_content=&#8221;&#8221;][vc_column_inner width=&#8221;1\/3&#8243;][vc_column_text uncode_shortcode_id=&#8221;453518&#8243;]<\/p>\n<h3>ELTIPLA COMPACT<\/h3>\n<p><strong>21362<\/strong> | RAL 9005<br \/><strong>31362<\/strong> | RAL 9006<br \/><strong>81362<\/strong> | RAL 9016<\/p>\n<p>V: 715 (651\u20131121) mm \/ \u0160: 600 mm<br \/>Dol\u017eina mizne plo\u0161\u010de: od 1000 mm do 1600 mm<br \/>\u0160irina mizne plo\u0161\u010de: od 650 mm do 800 mm<br \/>Nivelacija: 10 mm[\/vc_column_text][\/vc_column_inner][vc_column_inner column_width_percent=&#8221;100&#8243; align_horizontal=&#8221;align_center&#8221; gutter_size=&#8221;3&#8243; overlay_alpha=&#8221;50&#8243; shift_x=&#8221;0&#8243; shift_y=&#8221;0&#8243; shift_y_down=&#8221;0&#8243; z_index=&#8221;0&#8243; medium_width=&#8221;0&#8243; mobile_width=&#8221;0&#8243; width=&#8221;1\/3&#8243;][vc_single_image media=&#8221;8560&#8243; media_width_percent=&#8221;100&#8243; uncode_shortcode_id=&#8221;214525&#8243;][\/vc_column_inner][vc_column_inner column_width_percent=&#8221;100&#8243; align_horizontal=&#8221;align_center&#8221; gutter_size=&#8221;3&#8243; overlay_alpha=&#8221;50&#8243; shift_x=&#8221;0&#8243; shift_y=&#8221;0&#8243; shift_y_down=&#8221;0&#8243; z_index=&#8221;0&#8243; medium_width=&#8221;0&#8243; mobile_width=&#8221;0&#8243; width=&#8221;1\/3&#8243;][vc_single_image media=&#8221;8558&#8243; media_width_percent=&#8221;100&#8243; alignment=&#8221;center&#8221; uncode_shortcode_id=&#8221;784970&#8243;][\/vc_column_inner][\/vc_row_inner][vc_row_inner limit_content=&#8221;&#8221;][vc_column_inner width=&#8221;1\/1&#8243;][vc_separator sep_color=&#8221;color-gyho&#8221;][\/vc_column_inner][\/vc_row_inner][\/vc_column][\/vc_row][vc_row row_height_percent=&#8221;0&#8243; override_padding=&#8221;yes&#8221; h_padding=&#8221;2&#8243; top_padding=&#8221;0&#8243; bottom_padding=&#8221;2&#8243; overlay_alpha=&#8221;50&#8243; gutter_size=&#8221;3&#8243; column_width_percent=&#8221;100&#8243; shift_y=&#8221;0&#8243; z_index=&#8221;0&#8243;][vc_column width=&#8221;1\/1&#8243;][vc_single_image media=&#8221;6146&#8243; media_lightbox=&#8221;yes&#8221; media_width_use_pixel=&#8221;yes&#8221; alignment=&#8221;center&#8221; media_width_pixel=&#8221;516&#8243; uncode_shortcode_id=&#8221;214248&#8243;][\/vc_column][\/vc_row]<\/p>\n<\/div>","protected":false},"excerpt":{"rendered":"<p>Elektri\u010dna nastavitev vi\u0161ine<br \/>\nSamodejna varnostna zavora<br \/>\nZa samostojne mize<\/p>\n","protected":false},"author":2,"featured_media":7498,"parent":1889,"menu_order":110,"comment_status":"closed","ping_status":"closed","template":"","meta":{"_acf_changed":false,"footnotes":""},"class_list":["post-6156","page","type-page","status-publish","has-post-thumbnail","hentry","usage-otroska-soba","usage-domaca-pisarna","usage-pisarna","usage-ucilnica","metal_profiles-pravokotna-cev","table_setup-enojno-delovno-mesto","page_category-sistem-eltipla"],"acf":[],"yoast_head":"<!-- This site is optimized with the Yoast SEO plugin v27.5 - https:\/\/yoast.com\/product\/yoast-seo-wordpress\/ -->\n<title>Sistem miznih podno\u017eij ELTIPLA - VOGA<\/title>\n<meta name=\"description\" content=\"Pri podno\u017ejih ELTIPLA lahko vi\u0161ino mize nastavite elektri\u010dno, kar omogo\u010da delo v sede\u010dem ali stoje\u010dem polo\u017eaju.\" \/>\n<meta name=\"robots\" content=\"index, follow, max-snippet:-1, max-image-preview:large, max-video-preview:-1\" \/>\n<link rel=\"canonical\" href=\"https:\/\/voga.si\/sl\/eltipla\/eltipla-compact\/\" \/>\n<meta property=\"og:locale\" content=\"sl_SI\" \/>\n<meta property=\"og:type\" content=\"article\" \/>\n<meta property=\"og:title\" content=\"Sistem miznih podno\u017eij ELTIPLA - VOGA\" \/>\n<meta property=\"og:description\" content=\"Pri podno\u017ejih ELTIPLA lahko vi\u0161ino mize nastavite elektri\u010dno, kar omogo\u010da delo v sede\u010dem ali stoje\u010dem polo\u017eaju.\" \/>\n<meta property=\"og:url\" content=\"https:\/\/voga.si\/sl\/eltipla\/eltipla-compact\/\" \/>\n<meta property=\"og:site_name\" content=\"VOGA\" \/>\n<meta property=\"article:publisher\" content=\"https:\/\/www.facebook.com\/voga.si\" \/>\n<meta property=\"article:modified_time\" content=\"2026-02-13T12:13:12+00:00\" \/>\n<meta property=\"og:image\" content=\"https:\/\/voga.si\/wp-content\/uploads\/2024\/01\/eltipla_eltipla_compact_1920x1080px_1.jpg\" \/>\n\t<meta property=\"og:image:width\" content=\"1920\" \/>\n\t<meta property=\"og:image:height\" content=\"1080\" \/>\n\t<meta property=\"og:image:type\" content=\"image\/jpeg\" \/>\n<meta name=\"twitter:card\" content=\"summary_large_image\" \/>\n<meta name=\"twitter:label1\" content=\"Est. reading time\" \/>\n\t<meta name=\"twitter:data1\" content=\"2 minuti\" \/>\n<script type=\"application\/ld+json\" class=\"yoast-schema-graph\">{\"@context\":\"https:\\\/\\\/schema.org\",\"@graph\":[{\"@type\":\"WebPage\",\"@id\":\"https:\\\/\\\/voga.si\\\/sl\\\/eltipla\\\/eltipla-compact\\\/\",\"url\":\"https:\\\/\\\/voga.si\\\/sl\\\/eltipla\\\/eltipla-compact\\\/\",\"name\":\"Sistem miznih podno\u017eij ELTIPLA - VOGA\",\"isPartOf\":{\"@id\":\"https:\\\/\\\/voga.si\\\/sl\\\/#website\"},\"primaryImageOfPage\":{\"@id\":\"https:\\\/\\\/voga.si\\\/sl\\\/eltipla\\\/eltipla-compact\\\/#primaryimage\"},\"image\":{\"@id\":\"https:\\\/\\\/voga.si\\\/sl\\\/eltipla\\\/eltipla-compact\\\/#primaryimage\"},\"thumbnailUrl\":\"https:\\\/\\\/voga.si\\\/wp-content\\\/uploads\\\/2024\\\/01\\\/eltipla_eltipla_compact_1920x1080px_1.jpg\",\"datePublished\":\"2023-04-19T07:25:59+00:00\",\"dateModified\":\"2026-02-13T12:13:12+00:00\",\"description\":\"Pri podno\u017ejih ELTIPLA lahko vi\u0161ino mize nastavite elektri\u010dno, kar omogo\u010da delo v sede\u010dem ali stoje\u010dem polo\u017eaju.\",\"breadcrumb\":{\"@id\":\"https:\\\/\\\/voga.si\\\/sl\\\/eltipla\\\/eltipla-compact\\\/#breadcrumb\"},\"inLanguage\":\"sl-SI\",\"potentialAction\":[{\"@type\":\"ReadAction\",\"target\":[\"https:\\\/\\\/voga.si\\\/sl\\\/eltipla\\\/eltipla-compact\\\/\"]}]},{\"@type\":\"ImageObject\",\"inLanguage\":\"sl-SI\",\"@id\":\"https:\\\/\\\/voga.si\\\/sl\\\/eltipla\\\/eltipla-compact\\\/#primaryimage\",\"url\":\"https:\\\/\\\/voga.si\\\/wp-content\\\/uploads\\\/2024\\\/01\\\/eltipla_eltipla_compact_1920x1080px_1.jpg\",\"contentUrl\":\"https:\\\/\\\/voga.si\\\/wp-content\\\/uploads\\\/2024\\\/01\\\/eltipla_eltipla_compact_1920x1080px_1.jpg\",\"width\":1920,\"height\":1080,\"caption\":\"ELTIPLA \u2013 ELTIPLA COMPACT\"},{\"@type\":\"BreadcrumbList\",\"@id\":\"https:\\\/\\\/voga.si\\\/sl\\\/eltipla\\\/eltipla-compact\\\/#breadcrumb\",\"itemListElement\":[{\"@type\":\"ListItem\",\"position\":1,\"name\":\"Home\",\"item\":\"https:\\\/\\\/voga.si\\\/sl\\\/\"},{\"@type\":\"ListItem\",\"position\":2,\"name\":\"ELEKTRI\u010cNA DVI\u017dNA PODNO\u017dJA ELTIPLA\",\"item\":\"https:\\\/\\\/voga.si\\\/sl\\\/eltipla\\\/\"},{\"@type\":\"ListItem\",\"position\":3,\"name\":\"ELTIPLA COMPACT\"}]},{\"@type\":\"WebSite\",\"@id\":\"https:\\\/\\\/voga.si\\\/sl\\\/#website\",\"url\":\"https:\\\/\\\/voga.si\\\/sl\\\/\",\"name\":\"VOGA\",\"description\":\"Pametne pohi\u0161tvene re\u0161itve\",\"publisher\":{\"@id\":\"https:\\\/\\\/voga.si\\\/sl\\\/#organization\"},\"potentialAction\":[{\"@type\":\"SearchAction\",\"target\":{\"@type\":\"EntryPoint\",\"urlTemplate\":\"https:\\\/\\\/voga.si\\\/sl\\\/?s={search_term_string}\"},\"query-input\":{\"@type\":\"PropertyValueSpecification\",\"valueRequired\":true,\"valueName\":\"search_term_string\"}}],\"inLanguage\":\"sl-SI\"},{\"@type\":\"Organization\",\"@id\":\"https:\\\/\\\/voga.si\\\/sl\\\/#organization\",\"name\":\"VOGA\",\"url\":\"https:\\\/\\\/voga.si\\\/sl\\\/\",\"logo\":{\"@type\":\"ImageObject\",\"inLanguage\":\"sl-SI\",\"@id\":\"https:\\\/\\\/voga.si\\\/sl\\\/#\\\/schema\\\/logo\\\/image\\\/\",\"url\":\"https:\\\/\\\/voga.si\\\/wp-content\\\/uploads\\\/2024\\\/02\\\/voga_logo.svg\",\"contentUrl\":\"https:\\\/\\\/voga.si\\\/wp-content\\\/uploads\\\/2024\\\/02\\\/voga_logo.svg\",\"width\":\"236\",\"height\":\"44\",\"caption\":\"VOGA\"},\"image\":{\"@id\":\"https:\\\/\\\/voga.si\\\/sl\\\/#\\\/schema\\\/logo\\\/image\\\/\"},\"sameAs\":[\"https:\\\/\\\/www.facebook.com\\\/voga.si\",\"https:\\\/\\\/www.instagram.com\\\/voga_si\\\/\",\"https:\\\/\\\/www.pinterest.com\\\/voga_si\\\/\",\"https:\\\/\\\/www.youtube.com\\\/channel\\\/UC8lMOZlkkox_ANm0CEV6IiQ\\\/\"]}]}<\/script>\n<!-- \/ Yoast SEO plugin. -->","yoast_head_json":{"title":"Sistem miznih podno\u017eij ELTIPLA - VOGA","description":"Pri podno\u017ejih ELTIPLA lahko vi\u0161ino mize nastavite elektri\u010dno, kar omogo\u010da delo v sede\u010dem ali stoje\u010dem polo\u017eaju.","robots":{"index":"index","follow":"follow","max-snippet":"max-snippet:-1","max-image-preview":"max-image-preview:large","max-video-preview":"max-video-preview:-1"},"canonical":"https:\/\/voga.si\/sl\/eltipla\/eltipla-compact\/","og_locale":"sl_SI","og_type":"article","og_title":"Sistem miznih podno\u017eij ELTIPLA - VOGA","og_description":"Pri podno\u017ejih ELTIPLA lahko vi\u0161ino mize nastavite elektri\u010dno, kar omogo\u010da delo v sede\u010dem ali stoje\u010dem polo\u017eaju.","og_url":"https:\/\/voga.si\/sl\/eltipla\/eltipla-compact\/","og_site_name":"VOGA","article_publisher":"https:\/\/www.facebook.com\/voga.si","article_modified_time":"2026-02-13T12:13:12+00:00","og_image":[{"width":1920,"height":1080,"url":"https:\/\/voga.si\/wp-content\/uploads\/2024\/01\/eltipla_eltipla_compact_1920x1080px_1.jpg","type":"image\/jpeg"}],"twitter_card":"summary_large_image","twitter_misc":{"Est. reading time":"2 minuti"},"schema":{"@context":"https:\/\/schema.org","@graph":[{"@type":"WebPage","@id":"https:\/\/voga.si\/sl\/eltipla\/eltipla-compact\/","url":"https:\/\/voga.si\/sl\/eltipla\/eltipla-compact\/","name":"Sistem miznih podno\u017eij ELTIPLA - VOGA","isPartOf":{"@id":"https:\/\/voga.si\/sl\/#website"},"primaryImageOfPage":{"@id":"https:\/\/voga.si\/sl\/eltipla\/eltipla-compact\/#primaryimage"},"image":{"@id":"https:\/\/voga.si\/sl\/eltipla\/eltipla-compact\/#primaryimage"},"thumbnailUrl":"https:\/\/voga.si\/wp-content\/uploads\/2024\/01\/eltipla_eltipla_compact_1920x1080px_1.jpg","datePublished":"2023-04-19T07:25:59+00:00","dateModified":"2026-02-13T12:13:12+00:00","description":"Pri podno\u017ejih ELTIPLA lahko vi\u0161ino mize nastavite elektri\u010dno, kar omogo\u010da delo v sede\u010dem ali stoje\u010dem polo\u017eaju.","breadcrumb":{"@id":"https:\/\/voga.si\/sl\/eltipla\/eltipla-compact\/#breadcrumb"},"inLanguage":"sl-SI","potentialAction":[{"@type":"ReadAction","target":["https:\/\/voga.si\/sl\/eltipla\/eltipla-compact\/"]}]},{"@type":"ImageObject","inLanguage":"sl-SI","@id":"https:\/\/voga.si\/sl\/eltipla\/eltipla-compact\/#primaryimage","url":"https:\/\/voga.si\/wp-content\/uploads\/2024\/01\/eltipla_eltipla_compact_1920x1080px_1.jpg","contentUrl":"https:\/\/voga.si\/wp-content\/uploads\/2024\/01\/eltipla_eltipla_compact_1920x1080px_1.jpg","width":1920,"height":1080,"caption":"ELTIPLA \u2013 ELTIPLA COMPACT"},{"@type":"BreadcrumbList","@id":"https:\/\/voga.si\/sl\/eltipla\/eltipla-compact\/#breadcrumb","itemListElement":[{"@type":"ListItem","position":1,"name":"Home","item":"https:\/\/voga.si\/sl\/"},{"@type":"ListItem","position":2,"name":"ELEKTRI\u010cNA DVI\u017dNA PODNO\u017dJA ELTIPLA","item":"https:\/\/voga.si\/sl\/eltipla\/"},{"@type":"ListItem","position":3,"name":"ELTIPLA COMPACT"}]},{"@type":"WebSite","@id":"https:\/\/voga.si\/sl\/#website","url":"https:\/\/voga.si\/sl\/","name":"VOGA","description":"Pametne pohi\u0161tvene re\u0161itve","publisher":{"@id":"https:\/\/voga.si\/sl\/#organization"},"potentialAction":[{"@type":"SearchAction","target":{"@type":"EntryPoint","urlTemplate":"https:\/\/voga.si\/sl\/?s={search_term_string}"},"query-input":{"@type":"PropertyValueSpecification","valueRequired":true,"valueName":"search_term_string"}}],"inLanguage":"sl-SI"},{"@type":"Organization","@id":"https:\/\/voga.si\/sl\/#organization","name":"VOGA","url":"https:\/\/voga.si\/sl\/","logo":{"@type":"ImageObject","inLanguage":"sl-SI","@id":"https:\/\/voga.si\/sl\/#\/schema\/logo\/image\/","url":"https:\/\/voga.si\/wp-content\/uploads\/2024\/02\/voga_logo.svg","contentUrl":"https:\/\/voga.si\/wp-content\/uploads\/2024\/02\/voga_logo.svg","width":"236","height":"44","caption":"VOGA"},"image":{"@id":"https:\/\/voga.si\/sl\/#\/schema\/logo\/image\/"},"sameAs":["https:\/\/www.facebook.com\/voga.si","https:\/\/www.instagram.com\/voga_si\/","https:\/\/www.pinterest.com\/voga_si\/","https:\/\/www.youtube.com\/channel\/UC8lMOZlkkox_ANm0CEV6IiQ\/"]}]}},"_links":{"self":[{"href":"https:\/\/voga.si\/sl\/wp-json\/wp\/v2\/pages\/6156","targetHints":{"allow":["GET"]}}],"collection":[{"href":"https:\/\/voga.si\/sl\/wp-json\/wp\/v2\/pages"}],"about":[{"href":"https:\/\/voga.si\/sl\/wp-json\/wp\/v2\/types\/page"}],"author":[{"embeddable":true,"href":"https:\/\/voga.si\/sl\/wp-json\/wp\/v2\/users\/2"}],"replies":[{"embeddable":true,"href":"https:\/\/voga.si\/sl\/wp-json\/wp\/v2\/comments?post=6156"}],"version-history":[{"count":48,"href":"https:\/\/voga.si\/sl\/wp-json\/wp\/v2\/pages\/6156\/revisions"}],"predecessor-version":[{"id":11627,"href":"https:\/\/voga.si\/sl\/wp-json\/wp\/v2\/pages\/6156\/revisions\/11627"}],"up":[{"embeddable":true,"href":"https:\/\/voga.si\/sl\/wp-json\/wp\/v2\/pages\/1889"}],"wp:featuredmedia":[{"embeddable":true,"href":"https:\/\/voga.si\/sl\/wp-json\/wp\/v2\/media\/7498"}],"wp:attachment":[{"href":"https:\/\/voga.si\/sl\/wp-json\/wp\/v2\/media?parent=6156"}],"curies":[{"name":"wp","href":"https:\/\/api.w.org\/{rel}","templated":true}]}}