{"id":2468,"date":"2020-10-19T14:20:12","date_gmt":"2020-10-19T12:20:12","guid":{"rendered":"https:\/\/voga.si\/politika-zasebnosti\/"},"modified":"2024-02-12T13:37:26","modified_gmt":"2024-02-12T12:37:26","slug":"politika-zasebnosti","status":"publish","type":"page","link":"https:\/\/voga.si\/sl\/politika-zasebnosti\/","title":{"rendered":"Politika zasebnosti"},"content":{"rendered":"<div class=\"wpb-content-wrapper\"><p>[vc_row row_height_percent=&#8221;0&#8243; override_padding=&#8221;yes&#8221; h_padding=&#8221;2&#8243; top_padding=&#8221;3&#8243; bottom_padding=&#8221;3&#8243; overlay_alpha=&#8221;50&#8243; gutter_size=&#8221;3&#8243; column_width_percent=&#8221;100&#8243; shift_y=&#8221;0&#8243; z_index=&#8221;0&#8243;][vc_column width=&#8221;1\/4&#8243;][vc_column_text]<\/p>\n<h4>Ponudnik<\/h4>\n<p>VOGA, d.o.o.<br \/>\nIndustrijska cesta 5<br \/>\nSI-1290 Grosuplje<\/p>\n<p>Tel.\u00a001 786 61 40<br \/>\nE-naslov\u00a0<a href=\"mailto:voga@voga.si\">voga@voga.si<\/a><\/p>\n<p>Mati\u010dna \u0161t.: 5691702<br \/>\nDav\u010dna \u0161t.: 12984809<br \/>\nID za DDV: SI12984809<\/p>\n<p>[\/vc_column_text][\/vc_column][vc_column width=&#8221;3\/4&#8243;][vc_column_text text_lead=&#8221;yes&#8221; uncode_shortcode_id=&#8221;271812&#8243;]Na\u0161a politika zasebnosti je sestavljena v skladu z Zakonom o varstvu potro\u0161nikov in Zakonom o varstvu osebnih podatkov. Dolo\u010da pogoje uporabe spletnih strani voga.si, ki ju upravlja dru\u017eba VOGA, d.o.o. (v nadaljevanju: ponudnik), ter pogoje obdelave osebnih podatkov, ki jih zbira ponudnik.[\/vc_column_text][vc_separator sep_color=&#8221;color-gyho&#8221;][vc_column_text uncode_shortcode_id=&#8221;281799&#8243;]<\/p>\n<h4>Varovanje osebnih podatkov<\/h4>\n<p>Ponudnik preko spletne strani voga.si zbira osebne podatke strank. Kot upravljavec osebnih podatkov obdeluje zbrane osebne podatke v skladu z veljavno zakonodajo s podro\u010dja varstva osebnih podatkov.<\/p>\n<p>Na\u0161a politika glede varovanja osebnih podatkov:<\/p>\n<ul>\n<li>Osebnih podatkov nikoli ne dajemo v najem, jih ne prodajamo in ne dovolimo, da bi jih obdelovala katerakoli tretja oseba.<\/li>\n<li>Osebne podatke hranimo, dokler je to nujno potrebno za izpolnjevanje namena, zaradi katerega so bili zbrani oziroma do preklica privolitve posameznika.<\/li>\n<li>Zavezujemo se k trajnemu varovanju vseh osebnih podatkov na\u0161ih strank.<\/li>\n<li>Osebne podatke obdelujemo samo za to poobla\u0161\u010dene osebe ponudnika.<\/li>\n<li>Pravila o varstvu osebnih podatkov bomo v bodo\u010de spreminjali in dopolnjevali v skladu s spremembami zakonodaje s podro\u010dja varstva osebnih podatkov.<\/li>\n<\/ul>\n<p>[\/vc_column_text][vc_separator sep_color=&#8221;color-gyho&#8221;][vc_column_text]<\/p>\n<h4>Namen obdelave zbranih osebnih podatkov<\/h4>\n<ul>\n<li>Ponudnik bo osebne podatke uporabil izklju\u010dno za namen, za katerega so bili zbrani in za katerega ima privolitev posameznika.<\/li>\n<li>Osebne podatke strank, ki so privolile v prejemanje obvestil o na\u0161ih novostih in dogodkih, bomo uporabili izklju\u010dno za obve\u0161\u010danje po e-po\u0161ti najve\u010d enkrat mese\u010dno.<\/li>\n<li>Osebne podatke strank, ki nam na spletni strani preko kontaktnega obrazca oddajo sporo\u010dilo, bomo uporabili izklju\u010dno za odgovor na zastavljeno vpra\u0161anje oziroma povpra\u0161evanje.<\/li>\n<\/ul>\n<p>[\/vc_column_text][vc_separator sep_color=&#8221;color-gyho&#8221;][vc_column_text uncode_shortcode_id=&#8221;142925&#8243;]<\/p>\n<h4>Postopek uveljavljanja pravic posameznika<\/h4>\n<ul>\n<li>Za vse informacije o obdelavi osebnih podatkov oziroma pravicah posameznika, na katerega se osebni podatki nana\u0161ajo (pravica do dostopa, popravka, izbrisa, omejitve obdelave, prenosljivosti in ugovora), se lahko pove\u017eete z upravljalcem osebnih podatkov VOGA,\u00a0d.o.o., Industrijska cesta 5, 1290 Grosuplje, po po\u0161ti, elektronski po\u0161ti na naslov\u00a0<a href=\"mailto:voga@voga.si\">voga@voga.si<\/a>\u00a0ali na telefon 01 786 61 40.<\/li>\n<li>Upravljalec bo na va\u0161o zahtevo, s katero uveljavljate svoje pravice v zvezi z osebnimi podatki, odgovoril brez nepotrebnega odla\u0161anja in najpozneje v enem mesecu od prejema zahteve.<\/li>\n<li>Za potrebe zanesljive identifikacije v primeru uveljavljanja pravic v zvezi z osebnimi podatki lahko od vas upravljavec zahteva dodatne podatke, ukrepanje pa lahko zavrne le v primeru, da doka\u017ee, da vas ne more zanesljivo identificirati.<\/li>\n<\/ul>\n<p>[\/vc_column_text][vc_separator sep_color=&#8221;color-gyho&#8221;][vc_column_text]<\/p>\n<h4>Odjava od obve\u0161\u010danja<\/h4>\n<ul>\n<li>Od prejemanja obvestil po elektronski po\u0161ti se lahko odjavite kadarkoli, in sicer tako, da v prejetem elektronskem sporo\u010dilu kliknete na povezavo za odjavo. Svoje \u017eelje nam lahko sporo\u010dite tudi pisno na naslov podjetja.<\/li>\n<li>V kolikor obvestila kljub odjavi \u0161e vedno prejemate, se vam za to iskreno opravi\u010dujemo in vas prosimo, da nas na to takoj opozorite.<\/li>\n<\/ul>\n<p>[\/vc_column_text][vc_separator sep_color=&#8221;color-gyho&#8221;][vc_column_text]<\/p>\n<h4>Pravica do prito\u017ebe<\/h4>\n<p>\u010ce menite, da na\u0161a obdelava osebnih podatkov kr\u0161i veljavno zakonodajo s podro\u010dja varstva osebnih podatkov, imate pravico podati prito\u017ebo pri Informacijskem poobla\u0161\u010dencu na naslov Informacijski poobla\u0161\u010denec, Zalo\u0161ka cesta\u00a059, 1000\u00a0Ljubljana, telefon 01\u00a0230\u00a097\u00a030, e-naslov\u00a0<a href=\"mailto:gp.ip@ip-rs.si\">gp.ip@ip-rs.si<\/a>.<\/p>\n<p>[\/vc_column_text][\/vc_column][\/vc_row]<\/p>\n<\/div>","protected":false},"excerpt":{"rendered":"<p>[vc_row row_height_percent=&#8221;0&#8243; override_padding=&#8221;yes&#8221; h_padding=&#8221;2&#8243; top_padding=&#8221;3&#8243; bottom_padding=&#8221;3&#8243; overlay_alpha=&#8221;50&#8243; gutter_size=&#8221;3&#8243; column_width_percent=&#8221;100&#8243; shift_y=&#8221;0&#8243; z_index=&#8221;0&#8243;][vc_column width=&#8221;1\/4&#8243;][vc_column_text] Ponudnik VOGA, d.o.o. Industrijska cesta 5 SI-1290 Grosuplje [&hellip;]<\/p>\n","protected":false},"author":1,"featured_media":0,"parent":0,"menu_order":210,"comment_status":"closed","ping_status":"closed","template":"","meta":{"_acf_changed":false,"footnotes":""},"class_list":["post-2468","page","type-page","status-publish","hentry","page_category-skrij-pred-iskanjem"],"acf":[],"yoast_head":"<!-- This site is optimized with the Yoast SEO plugin v27.6 - https:\/\/yoast.com\/product\/yoast-seo-wordpress\/ -->\n<title>Politika zasebnosti - VOGA<\/title>\n<meta name=\"robots\" content=\"index, follow, max-snippet:-1, max-image-preview:large, max-video-preview:-1\" \/>\n<link rel=\"canonical\" href=\"https:\/\/voga.si\/sl\/politika-zasebnosti\/\" \/>\n<meta property=\"og:locale\" content=\"sl_SI\" \/>\n<meta property=\"og:type\" content=\"article\" \/>\n<meta property=\"og:title\" content=\"Politika zasebnosti - VOGA\" \/>\n<meta property=\"og:description\" content=\"[vc_row row_height_percent=&#8221;0&#8243; override_padding=&#8221;yes&#8221; h_padding=&#8221;2&#8243; top_padding=&#8221;3&#8243; bottom_padding=&#8221;3&#8243; overlay_alpha=&#8221;50&#8243; gutter_size=&#8221;3&#8243; column_width_percent=&#8221;100&#8243; shift_y=&#8221;0&#8243; z_index=&#8221;0&#8243;][vc_column width=&#8221;1\/4&#8243;][vc_column_text] Ponudnik VOGA, d.o.o. Industrijska cesta 5 SI-1290 Grosuplje [&hellip;]\" \/>\n<meta property=\"og:url\" content=\"https:\/\/voga.si\/sl\/politika-zasebnosti\/\" \/>\n<meta property=\"og:site_name\" content=\"VOGA\" \/>\n<meta property=\"article:publisher\" content=\"https:\/\/www.facebook.com\/voga.si\" \/>\n<meta property=\"article:modified_time\" content=\"2024-02-12T12:37:26+00:00\" \/>\n<meta name=\"twitter:card\" content=\"summary_large_image\" \/>\n<meta name=\"twitter:label1\" content=\"Est. reading time\" \/>\n\t<meta name=\"twitter:data1\" content=\"3 minute\" \/>\n<script type=\"application\/ld+json\" class=\"yoast-schema-graph\">{\"@context\":\"https:\\\/\\\/schema.org\",\"@graph\":[{\"@type\":\"WebPage\",\"@id\":\"https:\\\/\\\/voga.si\\\/sl\\\/politika-zasebnosti\\\/\",\"url\":\"https:\\\/\\\/voga.si\\\/sl\\\/politika-zasebnosti\\\/\",\"name\":\"Politika zasebnosti - VOGA\",\"isPartOf\":{\"@id\":\"https:\\\/\\\/voga.si\\\/sl\\\/#website\"},\"datePublished\":\"2020-10-19T12:20:12+00:00\",\"dateModified\":\"2024-02-12T12:37:26+00:00\",\"breadcrumb\":{\"@id\":\"https:\\\/\\\/voga.si\\\/sl\\\/politika-zasebnosti\\\/#breadcrumb\"},\"inLanguage\":\"sl-SI\",\"potentialAction\":[{\"@type\":\"ReadAction\",\"target\":[\"https:\\\/\\\/voga.si\\\/sl\\\/politika-zasebnosti\\\/\"]}]},{\"@type\":\"BreadcrumbList\",\"@id\":\"https:\\\/\\\/voga.si\\\/sl\\\/politika-zasebnosti\\\/#breadcrumb\",\"itemListElement\":[{\"@type\":\"ListItem\",\"position\":1,\"name\":\"Home\",\"item\":\"https:\\\/\\\/voga.si\\\/sl\\\/\"},{\"@type\":\"ListItem\",\"position\":2,\"name\":\"Politika zasebnosti\"}]},{\"@type\":\"WebSite\",\"@id\":\"https:\\\/\\\/voga.si\\\/sl\\\/#website\",\"url\":\"https:\\\/\\\/voga.si\\\/sl\\\/\",\"name\":\"VOGA\",\"description\":\"Pametne pohi\u0161tvene re\u0161itve\",\"publisher\":{\"@id\":\"https:\\\/\\\/voga.si\\\/sl\\\/#organization\"},\"potentialAction\":[{\"@type\":\"SearchAction\",\"target\":{\"@type\":\"EntryPoint\",\"urlTemplate\":\"https:\\\/\\\/voga.si\\\/sl\\\/?s={search_term_string}\"},\"query-input\":{\"@type\":\"PropertyValueSpecification\",\"valueRequired\":true,\"valueName\":\"search_term_string\"}}],\"inLanguage\":\"sl-SI\"},{\"@type\":\"Organization\",\"@id\":\"https:\\\/\\\/voga.si\\\/sl\\\/#organization\",\"name\":\"VOGA\",\"url\":\"https:\\\/\\\/voga.si\\\/sl\\\/\",\"logo\":{\"@type\":\"ImageObject\",\"inLanguage\":\"sl-SI\",\"@id\":\"https:\\\/\\\/voga.si\\\/sl\\\/#\\\/schema\\\/logo\\\/image\\\/\",\"url\":\"https:\\\/\\\/voga.si\\\/wp-content\\\/uploads\\\/2024\\\/02\\\/voga_logo.svg\",\"contentUrl\":\"https:\\\/\\\/voga.si\\\/wp-content\\\/uploads\\\/2024\\\/02\\\/voga_logo.svg\",\"width\":\"236\",\"height\":\"44\",\"caption\":\"VOGA\"},\"image\":{\"@id\":\"https:\\\/\\\/voga.si\\\/sl\\\/#\\\/schema\\\/logo\\\/image\\\/\"},\"sameAs\":[\"https:\\\/\\\/www.facebook.com\\\/voga.si\",\"https:\\\/\\\/www.instagram.com\\\/voga_si\\\/\",\"https:\\\/\\\/www.pinterest.com\\\/voga_si\\\/\",\"https:\\\/\\\/www.youtube.com\\\/channel\\\/UC8lMOZlkkox_ANm0CEV6IiQ\\\/\"]}]}<\/script>\n<!-- \/ Yoast SEO plugin. -->","yoast_head_json":{"title":"Politika zasebnosti - VOGA","robots":{"index":"index","follow":"follow","max-snippet":"max-snippet:-1","max-image-preview":"max-image-preview:large","max-video-preview":"max-video-preview:-1"},"canonical":"https:\/\/voga.si\/sl\/politika-zasebnosti\/","og_locale":"sl_SI","og_type":"article","og_title":"Politika zasebnosti - VOGA","og_description":"[vc_row row_height_percent=&#8221;0&#8243; override_padding=&#8221;yes&#8221; h_padding=&#8221;2&#8243; top_padding=&#8221;3&#8243; bottom_padding=&#8221;3&#8243; overlay_alpha=&#8221;50&#8243; gutter_size=&#8221;3&#8243; column_width_percent=&#8221;100&#8243; shift_y=&#8221;0&#8243; z_index=&#8221;0&#8243;][vc_column width=&#8221;1\/4&#8243;][vc_column_text] Ponudnik VOGA, d.o.o. Industrijska cesta 5 SI-1290 Grosuplje [&hellip;]","og_url":"https:\/\/voga.si\/sl\/politika-zasebnosti\/","og_site_name":"VOGA","article_publisher":"https:\/\/www.facebook.com\/voga.si","article_modified_time":"2024-02-12T12:37:26+00:00","twitter_card":"summary_large_image","twitter_misc":{"Est. reading time":"3 minute"},"schema":{"@context":"https:\/\/schema.org","@graph":[{"@type":"WebPage","@id":"https:\/\/voga.si\/sl\/politika-zasebnosti\/","url":"https:\/\/voga.si\/sl\/politika-zasebnosti\/","name":"Politika zasebnosti - VOGA","isPartOf":{"@id":"https:\/\/voga.si\/sl\/#website"},"datePublished":"2020-10-19T12:20:12+00:00","dateModified":"2024-02-12T12:37:26+00:00","breadcrumb":{"@id":"https:\/\/voga.si\/sl\/politika-zasebnosti\/#breadcrumb"},"inLanguage":"sl-SI","potentialAction":[{"@type":"ReadAction","target":["https:\/\/voga.si\/sl\/politika-zasebnosti\/"]}]},{"@type":"BreadcrumbList","@id":"https:\/\/voga.si\/sl\/politika-zasebnosti\/#breadcrumb","itemListElement":[{"@type":"ListItem","position":1,"name":"Home","item":"https:\/\/voga.si\/sl\/"},{"@type":"ListItem","position":2,"name":"Politika zasebnosti"}]},{"@type":"WebSite","@id":"https:\/\/voga.si\/sl\/#website","url":"https:\/\/voga.si\/sl\/","name":"VOGA","description":"Pametne pohi\u0161tvene re\u0161itve","publisher":{"@id":"https:\/\/voga.si\/sl\/#organization"},"potentialAction":[{"@type":"SearchAction","target":{"@type":"EntryPoint","urlTemplate":"https:\/\/voga.si\/sl\/?s={search_term_string}"},"query-input":{"@type":"PropertyValueSpecification","valueRequired":true,"valueName":"search_term_string"}}],"inLanguage":"sl-SI"},{"@type":"Organization","@id":"https:\/\/voga.si\/sl\/#organization","name":"VOGA","url":"https:\/\/voga.si\/sl\/","logo":{"@type":"ImageObject","inLanguage":"sl-SI","@id":"https:\/\/voga.si\/sl\/#\/schema\/logo\/image\/","url":"https:\/\/voga.si\/wp-content\/uploads\/2024\/02\/voga_logo.svg","contentUrl":"https:\/\/voga.si\/wp-content\/uploads\/2024\/02\/voga_logo.svg","width":"236","height":"44","caption":"VOGA"},"image":{"@id":"https:\/\/voga.si\/sl\/#\/schema\/logo\/image\/"},"sameAs":["https:\/\/www.facebook.com\/voga.si","https:\/\/www.instagram.com\/voga_si\/","https:\/\/www.pinterest.com\/voga_si\/","https:\/\/www.youtube.com\/channel\/UC8lMOZlkkox_ANm0CEV6IiQ\/"]}]}},"_links":{"self":[{"href":"https:\/\/voga.si\/sl\/wp-json\/wp\/v2\/pages\/2468","targetHints":{"allow":["GET"]}}],"collection":[{"href":"https:\/\/voga.si\/sl\/wp-json\/wp\/v2\/pages"}],"about":[{"href":"https:\/\/voga.si\/sl\/wp-json\/wp\/v2\/types\/page"}],"author":[{"embeddable":true,"href":"https:\/\/voga.si\/sl\/wp-json\/wp\/v2\/users\/1"}],"replies":[{"embeddable":true,"href":"https:\/\/voga.si\/sl\/wp-json\/wp\/v2\/comments?post=2468"}],"version-history":[{"count":11,"href":"https:\/\/voga.si\/sl\/wp-json\/wp\/v2\/pages\/2468\/revisions"}],"predecessor-version":[{"id":8263,"href":"https:\/\/voga.si\/sl\/wp-json\/wp\/v2\/pages\/2468\/revisions\/8263"}],"wp:attachment":[{"href":"https:\/\/voga.si\/sl\/wp-json\/wp\/v2\/media?parent=2468"}],"curies":[{"name":"wp","href":"https:\/\/api.w.org\/{rel}","templated":true}]}}