{"id":2038,"date":"2020-09-22T10:27:26","date_gmt":"2020-09-22T08:27:26","guid":{"rendered":"https:\/\/voga.si\/sistem-hrbet\/ava\/"},"modified":"2026-03-20T10:50:20","modified_gmt":"2026-03-20T09:50:20","slug":"ava","status":"publish","type":"page","link":"https:\/\/voga.si\/sl\/sistem-hrbet\/ava\/","title":{"rendered":"AVA"},"content":{"rendered":"<div class=\"wpb-content-wrapper\"><p>[vc_row unlock_row_content=&#8221;yes&#8221; row_height_percent=&#8221;50&#8243; override_padding=&#8221;yes&#8221; h_padding=&#8221;0&#8243; top_padding=&#8221;0&#8243; bottom_padding=&#8221;0&#8243; back_color=&#8221;color-prif&#8221; overlay_alpha=&#8221;50&#8243; equal_height=&#8221;yes&#8221; gutter_size=&#8221;3&#8243; column_width_percent=&#8221;100&#8243; shift_y=&#8221;0&#8243; z_index=&#8221;0&#8243;][vc_column column_width_percent=&#8221;100&#8243; position_vertical=&#8221;middle&#8221; gutter_size=&#8221;2&#8243; override_padding=&#8221;yes&#8221; column_padding=&#8221;4&#8243; style=&#8221;dark&#8221; overlay_alpha=&#8221;50&#8243; shift_x=&#8221;0&#8243; shift_y=&#8221;0&#8243; shift_y_down=&#8221;0&#8243; z_index=&#8221;0&#8243; medium_width=&#8221;0&#8243; mobile_width=&#8221;0&#8243; width=&#8221;1\/3&#8243;][vc_custom_heading text_color=&#8221;accent&#8221; heading_semantic=&#8221;h1&#8243; text_size=&#8221;h1&#8243;]AVA[\/vc_custom_heading][vc_column_text uncode_shortcode_id=&#8221;701107&#8243;]Mizne noge AVA so izdelane iz kovinskih profilov pol ovalnega in ovalnega prereza. Stebri nog so ekscentri\u010dno varjeni (C noga) brez vidnih varov. Dol\u017eina miznega podno\u017eja je spremenljiva, odvisna od dol\u017eine hrbta. AVA predstavlja na\u010din medsebojnega povezovanja nog z lesenimi ali kovinskimi hrbti po naro\u010dilu. Na ta na\u010din tvori stabilno in togo mizno podno\u017eje. Fiksne mizne noge AVA so opremljene z nivelacijo.[\/vc_column_text][vc_column_text uncode_shortcode_id=&#8221;206822&#8243;]<\/p>\n<table>\n<tbody>\n<tr>\n<th colspan=\"2\">Konfiguracija mizne plo\u0161\u010de<\/th>\n<\/tr>\n<tr>\n<td>\u0160irina<\/td>\n<td>500\u20131000 mm<\/td>\n<\/tr>\n<tr>\n<td>Dol\u017eina<\/td>\n<td>800\u20132400 mm<\/td>\n<\/tr>\n<tr>\n<td>Debelina<\/td>\n<td>24 mm<\/td>\n<\/tr>\n<tr>\n<td>Najve\u010dja te\u017ea<\/td>\n<td>30 kg\/m<sup>2<\/sup><\/td>\n<\/tr>\n<tr>\n<td>Najve\u010dja obremenitev<\/td>\n<td>150 kg\/m<sup>2<\/sup><\/td>\n<\/tr>\n<\/tbody>\n<\/table>\n<p>[\/vc_column_text][vc_button size=&#8221;btn-sm&#8221; outline=&#8221;yes&#8221; border_width=&#8221;0&#8243; icon=&#8221;fa fa-chevron-left2&#8243; link=&#8221;url:https%3A%2F%2Fvoga.si%2Fsl%2Fsistem-hrbet%2F|title:Sistem%20HRBET|&#8221;]Nazaj na sistem HRBET[\/vc_button][\/vc_column][vc_column column_width_percent=&#8221;100&#8243; gutter_size=&#8221;3&#8243; back_image=&#8221;1288&#8243; back_position=&#8221;center bottom&#8221; overlay_alpha=&#8221;50&#8243; shift_x=&#8221;0&#8243; shift_y=&#8221;0&#8243; shift_y_down=&#8221;0&#8243; z_index=&#8221;0&#8243; medium_width=&#8221;0&#8243; mobile_width=&#8221;0&#8243; width=&#8221;2\/3&#8243; mobile_height=&#8221;350&#8243;][\/vc_column][\/vc_row][vc_row][vc_column width=&#8221;1\/1&#8243;][uncode_block id=&#8221;5729&#8243;][\/vc_column][\/vc_row][vc_row row_height_percent=&#8221;0&#8243; override_padding=&#8221;yes&#8221; h_padding=&#8221;2&#8243; top_padding=&#8221;3&#8243; bottom_padding=&#8221;3&#8243; overlay_alpha=&#8221;50&#8243; gutter_size=&#8221;3&#8243; column_width_percent=&#8221;100&#8243; shift_y=&#8221;0&#8243; z_index=&#8221;0&#8243; el_class=&#8221;parts_list&#8221;][vc_column column_width_percent=&#8221;100&#8243; align_horizontal=&#8221;align_center&#8221; gutter_size=&#8221;3&#8243; overlay_alpha=&#8221;50&#8243; shift_x=&#8221;0&#8243; shift_y=&#8221;0&#8243; shift_y_down=&#8221;0&#8243; z_index=&#8221;0&#8243; medium_width=&#8221;0&#8243; align_mobile=&#8221;align_center_mobile&#8221; mobile_width=&#8221;0&#8243; width=&#8221;1\/1&#8243;][vc_custom_heading text_color=&#8221;color-wvjs&#8221; text_size=&#8221;h6&#8243; text_weight=&#8221;500&#8243; text_space=&#8221;fontspace-121210&#8243; separator_color=&#8221;yes&#8221; separator=&#8221;under&#8221; sub_reduced=&#8221;yes&#8221;]RAZPOLO\u017dLJIVE VELIKOSTI NOG[\/vc_custom_heading][vc_separator sep_color=&#8221;color-gyho&#8221;][vc_row_inner row_inner_height_percent=&#8221;0&#8243; overlay_alpha=&#8221;50&#8243; gutter_size=&#8221;3&#8243; shift_y=&#8221;0&#8243; z_index=&#8221;0&#8243; limit_content=&#8221;&#8221;][vc_column_inner width=&#8221;1\/3&#8243;][vc_column_text uncode_shortcode_id=&#8221;729743&#8243;]<\/p>\n<h3>AVA C 500<\/h3>\n<p><strong>30173<\/strong> | RAL 9006G<br \/>\n<strong>20173<\/strong> | RAL 9005FE<br \/>\nDruge barve po naro\u010dilu<strong><br \/>\n<\/strong><\/p>\n<p>V: 715 mm \/ \u0160: 495 mm<br \/>\n\u0160irina mizne plo\u0161\u010de: 600 mm<br \/>\nNivelacija: 10 mm[\/vc_column_text][\/vc_column_inner][vc_column_inner column_width_percent=&#8221;100&#8243; align_horizontal=&#8221;align_center&#8221; gutter_size=&#8221;3&#8243; overlay_alpha=&#8221;50&#8243; shift_x=&#8221;0&#8243; shift_y=&#8221;0&#8243; shift_y_down=&#8221;0&#8243; z_index=&#8221;0&#8243; medium_width=&#8221;0&#8243; mobile_width=&#8221;0&#8243; width=&#8221;1\/3&#8243;][vc_single_image media=&#8221;1289&#8243; media_width_percent=&#8221;100&#8243;][\/vc_column_inner][vc_column_inner column_width_percent=&#8221;100&#8243; align_horizontal=&#8221;align_center&#8221; gutter_size=&#8221;3&#8243; overlay_alpha=&#8221;50&#8243; shift_x=&#8221;0&#8243; shift_y=&#8221;0&#8243; shift_y_down=&#8221;0&#8243; z_index=&#8221;0&#8243; medium_width=&#8221;0&#8243; mobile_width=&#8221;0&#8243; width=&#8221;1\/3&#8243;][vc_single_image media=&#8221;1290&#8243; media_width_percent=&#8221;100&#8243; alignment=&#8221;center&#8221;][\/vc_column_inner][\/vc_row_inner][vc_row_inner limit_content=&#8221;&#8221;][vc_column_inner width=&#8221;1\/1&#8243;][vc_separator sep_color=&#8221;color-gyho&#8221;][\/vc_column_inner][\/vc_row_inner][vc_row_inner row_inner_height_percent=&#8221;0&#8243; overlay_alpha=&#8221;50&#8243; gutter_size=&#8221;3&#8243; shift_y=&#8221;0&#8243; z_index=&#8221;0&#8243; limit_content=&#8221;&#8221;][vc_column_inner width=&#8221;1\/3&#8243;][vc_column_text uncode_shortcode_id=&#8221;114954&#8243;]<\/p>\n<h3>AVA C 700<\/h3>\n<p><strong>30172<\/strong> | RAL 9006G<strong><br \/>\n20172<\/strong> | RAL 9005FE<br \/>\nDruge barve po naro\u010dilu<strong><br \/>\n<\/strong><br \/>\nV: 715 mm \/ \u0160: 695 mm<br \/>\n\u0160irina mizne plo\u0161\u010de: 800 mm<br \/>\nNivelacija: 10 mm[\/vc_column_text][\/vc_column_inner][vc_column_inner column_width_percent=&#8221;100&#8243; align_horizontal=&#8221;align_center&#8221; gutter_size=&#8221;3&#8243; overlay_alpha=&#8221;50&#8243; shift_x=&#8221;0&#8243; shift_y=&#8221;0&#8243; shift_y_down=&#8221;0&#8243; z_index=&#8221;0&#8243; medium_width=&#8221;0&#8243; mobile_width=&#8221;0&#8243; width=&#8221;1\/3&#8243;][vc_single_image media=&#8221;1291&#8243; media_width_percent=&#8221;100&#8243;][\/vc_column_inner][vc_column_inner column_width_percent=&#8221;100&#8243; align_horizontal=&#8221;align_center&#8221; gutter_size=&#8221;3&#8243; overlay_alpha=&#8221;50&#8243; shift_x=&#8221;0&#8243; shift_y=&#8221;0&#8243; shift_y_down=&#8221;0&#8243; z_index=&#8221;0&#8243; medium_width=&#8221;0&#8243; mobile_width=&#8221;0&#8243; width=&#8221;1\/3&#8243;][vc_single_image media=&#8221;1292&#8243; media_width_percent=&#8221;100&#8243; alignment=&#8221;center&#8221;][\/vc_column_inner][\/vc_row_inner][vc_row_inner limit_content=&#8221;&#8221;][vc_column_inner width=&#8221;1\/1&#8243;][vc_separator sep_color=&#8221;color-gyho&#8221;][\/vc_column_inner][\/vc_row_inner][vc_row_inner row_inner_height_percent=&#8221;0&#8243; overlay_alpha=&#8221;50&#8243; gutter_size=&#8221;3&#8243; shift_y=&#8221;0&#8243; z_index=&#8221;0&#8243; limit_content=&#8221;&#8221;][vc_column_inner width=&#8221;1\/3&#8243;][vc_column_text uncode_shortcode_id=&#8221;533203&#8243;]<\/p>\n<h3>AVA CC 800<\/h3>\n<p><strong>30251<\/strong> | RAL 9006G<br \/>\n<strong>20251<\/strong> | RAL 9005FE<br \/>\nDruge barve po naro\u010dilu<\/p>\n<p>V: 715 mm \/ \u0160: 800 mm<br \/>\n\u0160irina mizne plo\u0161\u010de: od 900 mm naprej glede na potrebe in izvedljivost<br \/>\nNivelacija: 10 mm[\/vc_column_text][\/vc_column_inner][vc_column_inner column_width_percent=&#8221;100&#8243; align_horizontal=&#8221;align_center&#8221; gutter_size=&#8221;3&#8243; overlay_alpha=&#8221;50&#8243; shift_x=&#8221;0&#8243; shift_y=&#8221;0&#8243; shift_y_down=&#8221;0&#8243; z_index=&#8221;0&#8243; medium_width=&#8221;0&#8243; mobile_width=&#8221;0&#8243; width=&#8221;1\/3&#8243;][vc_single_image media=&#8221;1293&#8243; media_width_percent=&#8221;100&#8243;][\/vc_column_inner][vc_column_inner column_width_percent=&#8221;100&#8243; align_horizontal=&#8221;align_center&#8221; gutter_size=&#8221;3&#8243; overlay_alpha=&#8221;50&#8243; shift_x=&#8221;0&#8243; shift_y=&#8221;0&#8243; shift_y_down=&#8221;0&#8243; z_index=&#8221;0&#8243; medium_width=&#8221;0&#8243; mobile_width=&#8221;0&#8243; width=&#8221;1\/3&#8243;][vc_single_image media=&#8221;1294&#8243; media_width_percent=&#8221;100&#8243; alignment=&#8221;center&#8221;][\/vc_column_inner][\/vc_row_inner][vc_row_inner limit_content=&#8221;&#8221;][vc_column_inner column_width_percent=&#8221;100&#8243; align_horizontal=&#8221;align_center&#8221; gutter_size=&#8221;4&#8243; overlay_alpha=&#8221;50&#8243; shift_x=&#8221;0&#8243; shift_y=&#8221;0&#8243; shift_y_down=&#8221;0&#8243; z_index=&#8221;0&#8243; medium_width=&#8221;0&#8243; mobile_width=&#8221;0&#8243; width=&#8221;1\/1&#8243;][vc_separator sep_color=&#8221;color-gyho&#8221;][vc_button border_width=&#8221;0&#8243; link=&#8221;url:https%3A%2F%2Fvoga.si%2Fsl%2Fsistem-hrbet%2Fdodatki-za-sistem-hrbet%2F|title:Dodatki%20HRBET|&#8221;]Dodatki[\/vc_button][\/vc_column_inner][\/vc_row_inner][\/vc_column][\/vc_row][vc_row][vc_column width=&#8221;1\/1&#8243;][uncode_block id=&#8221;8007&#8243;][\/vc_column][\/vc_row]<\/p>\n<\/div>","protected":false},"excerpt":{"rendered":"<p>Kovinski profili polovalnega in ovalnega prereza<br \/>\nFiksne noge z mo\u017enostjo nivelacije<br \/>\nZa mizne plo\u0161\u010de \u0161irine 600\u2013800 mm<\/p>\n","protected":false},"author":1,"featured_media":7269,"parent":1672,"menu_order":70,"comment_status":"closed","ping_status":"closed","template":"","meta":{"_acf_changed":false,"footnotes":""},"class_list":["post-2038","page","type-page","status-publish","has-post-thumbnail","hentry","usage-pisarna","usage-ucilnica","metal_profiles-ovalna-polovalna-cev","table_setup-enojno-delovno-mesto","table_setup-zaporedna-delovna-mesta","page_category-sistem-hrbet"],"acf":[],"yoast_head":"<!-- This site is optimized with the Yoast SEO plugin v27.5 - https:\/\/yoast.com\/product\/yoast-seo-wordpress\/ -->\n<title>Sistem podno\u017eji za mize AVA - VOGA<\/title>\n<meta name=\"description\" content=\"Noge AVA so izdelane iz kovinskih profilov polovalnega in ovalnega prereza. Stebri nog so ekscentri\u010dno varjeni.\" \/>\n<meta name=\"robots\" content=\"index, follow, max-snippet:-1, max-image-preview:large, max-video-preview:-1\" \/>\n<link rel=\"canonical\" href=\"https:\/\/voga.si\/sl\/sistem-hrbet\/ava\/\" \/>\n<meta property=\"og:locale\" content=\"sl_SI\" \/>\n<meta property=\"og:type\" content=\"article\" \/>\n<meta property=\"og:title\" content=\"Sistem podno\u017eji za mize AVA - VOGA\" \/>\n<meta property=\"og:description\" content=\"Noge AVA so izdelane iz kovinskih profilov polovalnega in ovalnega prereza. Stebri nog so ekscentri\u010dno varjeni.\" \/>\n<meta property=\"og:url\" content=\"https:\/\/voga.si\/sl\/sistem-hrbet\/ava\/\" \/>\n<meta property=\"og:site_name\" content=\"VOGA\" \/>\n<meta property=\"article:publisher\" content=\"https:\/\/www.facebook.com\/voga.si\" \/>\n<meta property=\"article:modified_time\" content=\"2026-03-20T09:50:20+00:00\" \/>\n<meta property=\"og:image\" content=\"https:\/\/voga.si\/wp-content\/uploads\/2024\/01\/back_ava_1920x1080px_1.jpg\" \/>\n\t<meta property=\"og:image:width\" content=\"1920\" \/>\n\t<meta property=\"og:image:height\" content=\"1080\" \/>\n\t<meta property=\"og:image:type\" content=\"image\/jpeg\" \/>\n<meta name=\"twitter:card\" content=\"summary_large_image\" \/>\n<meta name=\"twitter:label1\" content=\"Est. reading time\" \/>\n\t<meta name=\"twitter:data1\" content=\"2 minuti\" \/>\n<script type=\"application\/ld+json\" class=\"yoast-schema-graph\">{\"@context\":\"https:\\\/\\\/schema.org\",\"@graph\":[{\"@type\":\"WebPage\",\"@id\":\"https:\\\/\\\/voga.si\\\/sl\\\/sistem-hrbet\\\/ava\\\/\",\"url\":\"https:\\\/\\\/voga.si\\\/sl\\\/sistem-hrbet\\\/ava\\\/\",\"name\":\"Sistem podno\u017eji za mize AVA - VOGA\",\"isPartOf\":{\"@id\":\"https:\\\/\\\/voga.si\\\/sl\\\/#website\"},\"primaryImageOfPage\":{\"@id\":\"https:\\\/\\\/voga.si\\\/sl\\\/sistem-hrbet\\\/ava\\\/#primaryimage\"},\"image\":{\"@id\":\"https:\\\/\\\/voga.si\\\/sl\\\/sistem-hrbet\\\/ava\\\/#primaryimage\"},\"thumbnailUrl\":\"https:\\\/\\\/voga.si\\\/wp-content\\\/uploads\\\/2024\\\/01\\\/back_ava_1920x1080px_1.jpg\",\"datePublished\":\"2020-09-22T08:27:26+00:00\",\"dateModified\":\"2026-03-20T09:50:20+00:00\",\"description\":\"Noge AVA so izdelane iz kovinskih profilov polovalnega in ovalnega prereza. Stebri nog so ekscentri\u010dno varjeni.\",\"breadcrumb\":{\"@id\":\"https:\\\/\\\/voga.si\\\/sl\\\/sistem-hrbet\\\/ava\\\/#breadcrumb\"},\"inLanguage\":\"sl-SI\",\"potentialAction\":[{\"@type\":\"ReadAction\",\"target\":[\"https:\\\/\\\/voga.si\\\/sl\\\/sistem-hrbet\\\/ava\\\/\"]}]},{\"@type\":\"ImageObject\",\"inLanguage\":\"sl-SI\",\"@id\":\"https:\\\/\\\/voga.si\\\/sl\\\/sistem-hrbet\\\/ava\\\/#primaryimage\",\"url\":\"https:\\\/\\\/voga.si\\\/wp-content\\\/uploads\\\/2024\\\/01\\\/back_ava_1920x1080px_1.jpg\",\"contentUrl\":\"https:\\\/\\\/voga.si\\\/wp-content\\\/uploads\\\/2024\\\/01\\\/back_ava_1920x1080px_1.jpg\",\"width\":1920,\"height\":1080,\"caption\":\"Sistem BACK \u2013 AVA\"},{\"@type\":\"BreadcrumbList\",\"@id\":\"https:\\\/\\\/voga.si\\\/sl\\\/sistem-hrbet\\\/ava\\\/#breadcrumb\",\"itemListElement\":[{\"@type\":\"ListItem\",\"position\":1,\"name\":\"Home\",\"item\":\"https:\\\/\\\/voga.si\\\/sl\\\/\"},{\"@type\":\"ListItem\",\"position\":2,\"name\":\"Sistem HRBET\",\"item\":\"https:\\\/\\\/voga.si\\\/sl\\\/system-back\\\/\"},{\"@type\":\"ListItem\",\"position\":3,\"name\":\"AVA\"}]},{\"@type\":\"WebSite\",\"@id\":\"https:\\\/\\\/voga.si\\\/sl\\\/#website\",\"url\":\"https:\\\/\\\/voga.si\\\/sl\\\/\",\"name\":\"VOGA\",\"description\":\"Pametne pohi\u0161tvene re\u0161itve\",\"publisher\":{\"@id\":\"https:\\\/\\\/voga.si\\\/sl\\\/#organization\"},\"potentialAction\":[{\"@type\":\"SearchAction\",\"target\":{\"@type\":\"EntryPoint\",\"urlTemplate\":\"https:\\\/\\\/voga.si\\\/sl\\\/?s={search_term_string}\"},\"query-input\":{\"@type\":\"PropertyValueSpecification\",\"valueRequired\":true,\"valueName\":\"search_term_string\"}}],\"inLanguage\":\"sl-SI\"},{\"@type\":\"Organization\",\"@id\":\"https:\\\/\\\/voga.si\\\/sl\\\/#organization\",\"name\":\"VOGA\",\"url\":\"https:\\\/\\\/voga.si\\\/sl\\\/\",\"logo\":{\"@type\":\"ImageObject\",\"inLanguage\":\"sl-SI\",\"@id\":\"https:\\\/\\\/voga.si\\\/sl\\\/#\\\/schema\\\/logo\\\/image\\\/\",\"url\":\"https:\\\/\\\/voga.si\\\/wp-content\\\/uploads\\\/2024\\\/02\\\/voga_logo.svg\",\"contentUrl\":\"https:\\\/\\\/voga.si\\\/wp-content\\\/uploads\\\/2024\\\/02\\\/voga_logo.svg\",\"width\":\"236\",\"height\":\"44\",\"caption\":\"VOGA\"},\"image\":{\"@id\":\"https:\\\/\\\/voga.si\\\/sl\\\/#\\\/schema\\\/logo\\\/image\\\/\"},\"sameAs\":[\"https:\\\/\\\/www.facebook.com\\\/voga.si\",\"https:\\\/\\\/www.instagram.com\\\/voga_si\\\/\",\"https:\\\/\\\/www.pinterest.com\\\/voga_si\\\/\",\"https:\\\/\\\/www.youtube.com\\\/channel\\\/UC8lMOZlkkox_ANm0CEV6IiQ\\\/\"]}]}<\/script>\n<!-- \/ Yoast SEO plugin. -->","yoast_head_json":{"title":"Sistem podno\u017eji za mize AVA - VOGA","description":"Noge AVA so izdelane iz kovinskih profilov polovalnega in ovalnega prereza. Stebri nog so ekscentri\u010dno varjeni.","robots":{"index":"index","follow":"follow","max-snippet":"max-snippet:-1","max-image-preview":"max-image-preview:large","max-video-preview":"max-video-preview:-1"},"canonical":"https:\/\/voga.si\/sl\/sistem-hrbet\/ava\/","og_locale":"sl_SI","og_type":"article","og_title":"Sistem podno\u017eji za mize AVA - VOGA","og_description":"Noge AVA so izdelane iz kovinskih profilov polovalnega in ovalnega prereza. Stebri nog so ekscentri\u010dno varjeni.","og_url":"https:\/\/voga.si\/sl\/sistem-hrbet\/ava\/","og_site_name":"VOGA","article_publisher":"https:\/\/www.facebook.com\/voga.si","article_modified_time":"2026-03-20T09:50:20+00:00","og_image":[{"width":1920,"height":1080,"url":"https:\/\/voga.si\/wp-content\/uploads\/2024\/01\/back_ava_1920x1080px_1.jpg","type":"image\/jpeg"}],"twitter_card":"summary_large_image","twitter_misc":{"Est. reading time":"2 minuti"},"schema":{"@context":"https:\/\/schema.org","@graph":[{"@type":"WebPage","@id":"https:\/\/voga.si\/sl\/sistem-hrbet\/ava\/","url":"https:\/\/voga.si\/sl\/sistem-hrbet\/ava\/","name":"Sistem podno\u017eji za mize AVA - VOGA","isPartOf":{"@id":"https:\/\/voga.si\/sl\/#website"},"primaryImageOfPage":{"@id":"https:\/\/voga.si\/sl\/sistem-hrbet\/ava\/#primaryimage"},"image":{"@id":"https:\/\/voga.si\/sl\/sistem-hrbet\/ava\/#primaryimage"},"thumbnailUrl":"https:\/\/voga.si\/wp-content\/uploads\/2024\/01\/back_ava_1920x1080px_1.jpg","datePublished":"2020-09-22T08:27:26+00:00","dateModified":"2026-03-20T09:50:20+00:00","description":"Noge AVA so izdelane iz kovinskih profilov polovalnega in ovalnega prereza. Stebri nog so ekscentri\u010dno varjeni.","breadcrumb":{"@id":"https:\/\/voga.si\/sl\/sistem-hrbet\/ava\/#breadcrumb"},"inLanguage":"sl-SI","potentialAction":[{"@type":"ReadAction","target":["https:\/\/voga.si\/sl\/sistem-hrbet\/ava\/"]}]},{"@type":"ImageObject","inLanguage":"sl-SI","@id":"https:\/\/voga.si\/sl\/sistem-hrbet\/ava\/#primaryimage","url":"https:\/\/voga.si\/wp-content\/uploads\/2024\/01\/back_ava_1920x1080px_1.jpg","contentUrl":"https:\/\/voga.si\/wp-content\/uploads\/2024\/01\/back_ava_1920x1080px_1.jpg","width":1920,"height":1080,"caption":"Sistem BACK \u2013 AVA"},{"@type":"BreadcrumbList","@id":"https:\/\/voga.si\/sl\/sistem-hrbet\/ava\/#breadcrumb","itemListElement":[{"@type":"ListItem","position":1,"name":"Home","item":"https:\/\/voga.si\/sl\/"},{"@type":"ListItem","position":2,"name":"Sistem HRBET","item":"https:\/\/voga.si\/sl\/system-back\/"},{"@type":"ListItem","position":3,"name":"AVA"}]},{"@type":"WebSite","@id":"https:\/\/voga.si\/sl\/#website","url":"https:\/\/voga.si\/sl\/","name":"VOGA","description":"Pametne pohi\u0161tvene re\u0161itve","publisher":{"@id":"https:\/\/voga.si\/sl\/#organization"},"potentialAction":[{"@type":"SearchAction","target":{"@type":"EntryPoint","urlTemplate":"https:\/\/voga.si\/sl\/?s={search_term_string}"},"query-input":{"@type":"PropertyValueSpecification","valueRequired":true,"valueName":"search_term_string"}}],"inLanguage":"sl-SI"},{"@type":"Organization","@id":"https:\/\/voga.si\/sl\/#organization","name":"VOGA","url":"https:\/\/voga.si\/sl\/","logo":{"@type":"ImageObject","inLanguage":"sl-SI","@id":"https:\/\/voga.si\/sl\/#\/schema\/logo\/image\/","url":"https:\/\/voga.si\/wp-content\/uploads\/2024\/02\/voga_logo.svg","contentUrl":"https:\/\/voga.si\/wp-content\/uploads\/2024\/02\/voga_logo.svg","width":"236","height":"44","caption":"VOGA"},"image":{"@id":"https:\/\/voga.si\/sl\/#\/schema\/logo\/image\/"},"sameAs":["https:\/\/www.facebook.com\/voga.si","https:\/\/www.instagram.com\/voga_si\/","https:\/\/www.pinterest.com\/voga_si\/","https:\/\/www.youtube.com\/channel\/UC8lMOZlkkox_ANm0CEV6IiQ\/"]}]}},"_links":{"self":[{"href":"https:\/\/voga.si\/sl\/wp-json\/wp\/v2\/pages\/2038","targetHints":{"allow":["GET"]}}],"collection":[{"href":"https:\/\/voga.si\/sl\/wp-json\/wp\/v2\/pages"}],"about":[{"href":"https:\/\/voga.si\/sl\/wp-json\/wp\/v2\/types\/page"}],"author":[{"embeddable":true,"href":"https:\/\/voga.si\/sl\/wp-json\/wp\/v2\/users\/1"}],"replies":[{"embeddable":true,"href":"https:\/\/voga.si\/sl\/wp-json\/wp\/v2\/comments?post=2038"}],"version-history":[{"count":23,"href":"https:\/\/voga.si\/sl\/wp-json\/wp\/v2\/pages\/2038\/revisions"}],"predecessor-version":[{"id":11962,"href":"https:\/\/voga.si\/sl\/wp-json\/wp\/v2\/pages\/2038\/revisions\/11962"}],"up":[{"embeddable":true,"href":"https:\/\/voga.si\/sl\/wp-json\/wp\/v2\/pages\/1672"}],"wp:featuredmedia":[{"embeddable":true,"href":"https:\/\/voga.si\/sl\/wp-json\/wp\/v2\/media\/7269"}],"wp:attachment":[{"href":"https:\/\/voga.si\/sl\/wp-json\/wp\/v2\/media?parent=2038"}],"curies":[{"name":"wp","href":"https:\/\/api.w.org\/{rel}","templated":true}]}}