{"id":1889,"date":"2020-09-21T11:40:06","date_gmt":"2020-09-21T09:40:06","guid":{"rendered":"https:\/\/voga.si\/sistem-eltipla\/"},"modified":"2025-12-01T10:53:30","modified_gmt":"2025-12-01T09:53:30","slug":"eltipla","status":"publish","type":"page","link":"https:\/\/voga.si\/sl\/eltipla\/","title":{"rendered":"ELEKTRI\u010cNA DVI\u017dNA PODNO\u017dJA ELTIPLA"},"content":{"rendered":"<div class=\"wpb-content-wrapper\"><p>[vc_row row_height_percent=&#8221;0&#8243; overlay_alpha=&#8221;50&#8243; gutter_size=&#8221;3&#8243; column_width_percent=&#8221;100&#8243; shift_y=&#8221;0&#8243; z_index=&#8221;0&#8243;][vc_column column_width_percent=&#8221;100&#8243; gutter_size=&#8221;2&#8243; overlay_alpha=&#8221;50&#8243; shift_x=&#8221;0&#8243; shift_y=&#8221;0&#8243; shift_y_down=&#8221;0&#8243; z_index=&#8221;0&#8243; medium_width=&#8221;0&#8243; mobile_width=&#8221;0&#8243; width=&#8221;1\/1&#8243;][vc_custom_heading heading_semantic=&#8221;h1&#8243; text_size=&#8221;h1&#8243; text_transform=&#8221;uppercase&#8221; uncode_shortcode_id=&#8221;212163&#8243;]ELEKTRI\u010cNA DVI\u017dNA PODNO\u017dJA ELTIPLA[\/vc_custom_heading][vc_column_text uncode_shortcode_id=&#8221;163956&#8243;]V \u010dasu, ko nam narava dela narekuje prekomerno delo za ra\u010dunalnikom je potrebno \u0161e toliko bolj upo\u0161tevati ergonomijo delovnega mesta. Ker se pri konstantnem sedenju hrbtenica poseda, je potrebno ve\u010dkrat na dan delovno mesto dvigniti na stojno vi\u0161ino uporabnika. Tako imenovano SIT &amp; STAND delovno mesto je prihodnost opremljanja pisarn, ker je zdravje na prvem mestu. Elektri\u010dno mizno podno\u017eje ELTIPLA z elektri\u010dno nastavitvijo vi\u0161ine zagotavljajo prilagodljivo in ergonomsko delovno mesto v sede\u010dem in stoje\u010dem polo\u017eaju uporabnika. Vi\u0161ino uravnavamo s pritiskom na stikalo. Brezstopenjsko obmo\u010dje vi\u0161insko nastavljivih elektri\u010dnih podno\u017eji miz sega od 617 do 1267 mm. Priporo\u010dene mere miznih plo\u0161\u010d so od 750 do 900 mm v \u0161irino in od 1200 do 2200 mm v dol\u017eino.<\/p>\n<p>Elektri\u010dno nastavljivo podno\u017eje ELTIPLA so primerna za vsa delovna okolja, saj omogo\u010da sede\u010de in stoje\u010de delo (SIT &amp; STAND). Uporabna tudi za delavnice, kjer je vi\u0161ina delovnega mesta zelo pomembna pri razli\u010dnih obremenitvah dolo\u010denih delov telesa. ELTIPLA so stabilna elektri\u010dna podno\u017eja in omogo\u010dajo nosilnost 120 kg tovora po celotni dol\u017eini mize. Elektri\u010dna podno\u017eja imajo mo\u017enost nivelacije in so pra\u0161no lakirane v standardnih barvah RAL 9005, 9006 in RAL 9016.<\/p>\n<p>Ponujamo tudi bolj ekonomi\u010dno razli\u010dico tega edinstvenega elektri\u010dnega podno\u017eja \u2013 ELTIPLA COMPACT. Na voljo je v barvah RAL 9005, RAL 9006 in RAL 9016, z nastavljivo vi\u0161ino od 651 do 1121 mm in nosilnostjo 100 kg po celotni dol\u017eini mize.<\/p>\n<p>Vsa nastavljiva mizna podno\u017eja Eltipla imajo vgrajene motorje ter krmiljenje proizvajalca BOSCH &#8211; SIEMENS.[\/vc_column_text][\/vc_column][\/vc_row][vc_row unlock_row_content=&#8221;yes&#8221; row_height_percent=&#8221;0&#8243; override_padding=&#8221;yes&#8221; h_padding=&#8221;2&#8243; top_padding=&#8221;2&#8243; bottom_padding=&#8221;3&#8243; overlay_alpha=&#8221;50&#8243; equal_height=&#8221;yes&#8221; gutter_size=&#8221;3&#8243; column_width_percent=&#8221;100&#8243; shift_y=&#8221;0&#8243; z_index=&#8221;0&#8243; uncode_shortcode_id=&#8221;188538&#8243;][vc_column column_width_use_pixel=&#8221;yes&#8221; gutter_size=&#8221;3&#8243; overlay_alpha=&#8221;50&#8243; shift_x=&#8221;0&#8243; shift_y=&#8221;0&#8243; shift_y_down=&#8221;0&#8243; z_index=&#8221;0&#8243; medium_width=&#8221;0&#8243; mobile_width=&#8221;0&#8243; width=&#8221;1\/1&#8243; uncode_shortcode_id=&#8221;124713&#8243; column_width_pixel=&#8221;1512&#8243;][uncode_index el_id=&#8221;index-177532&#8243; isotope_mode=&#8221;fitRows&#8221; loop=&#8221;size:All|order_by:menu_order|order:ASC|post_type:page|tax_query:13|taxonomy_count:10&#8243; screen_lg=&#8221;1000&#8243; screen_md=&#8221;600&#8243; screen_sm=&#8221;480&#8243; gutter_size=&#8221;3&#8243; page_items=&#8221;media|featured|onpost|original,icon|md,title,sep-one|full,text|excerpt&#8221; images_size=&#8221;sixteen-nine&#8221; single_back_color=&#8221;color-xsdn&#8221; single_overlay_color=&#8221;color-jevc&#8221; single_overlay_opacity=&#8221;50&#8243; single_h_align=&#8221;center&#8221; single_padding=&#8221;2&#8243; single_text_reduced=&#8221;yes&#8221; single_title_semantic=&#8221;h2&#8243; single_title_dimension=&#8221;h2&#8243; single_title_transform=&#8221;uppercase&#8221; single_shadow=&#8221;yes&#8221; single_css_animation=&#8221;bottom-t-top&#8221; single_animation_delay=&#8221;200&#8243; single_icon=&#8221;fa fa-plus2&#8243; uncode_shortcode_id=&#8221;197163&#8243;][\/vc_column][\/vc_row]<\/p>\n<\/div>","protected":false},"excerpt":{"rendered":"<p>sledijo globalnim ergonomskim trendom pri opremljanju delovnega mesta. Omogo\u010dajo vi\u0161insko nastavljivost delovne mize v sede\u010dem ali stoje\u010dem polo\u017eaju.<\/p>\n","protected":false},"author":1,"featured_media":6082,"parent":0,"menu_order":14,"comment_status":"closed","ping_status":"closed","template":"","meta":{"_acf_changed":false,"footnotes":""},"class_list":["post-1889","page","type-page","status-publish","has-post-thumbnail","hentry","page_category-sistem-voga"],"acf":[],"yoast_head":"<!-- This site is optimized with the Yoast SEO plugin v27.5 - https:\/\/yoast.com\/product\/yoast-seo-wordpress\/ -->\n<title>Podno\u017eja za mize ELTIPLA - VOGA<\/title>\n<meta name=\"description\" content=\"Kovinska mizna podno\u017eja ELTIPLA z elektri\u010dno nastavitvijo vi\u0161ine zagotavljajo prilagodljivo in ergonomsko delovno mesto. Vi\u0161ino uravnavamo s pritiskom na stikalo.\" \/>\n<meta name=\"robots\" content=\"index, follow, max-snippet:-1, max-image-preview:large, max-video-preview:-1\" \/>\n<link rel=\"canonical\" href=\"https:\/\/voga.si\/sl\/eltipla\/\" \/>\n<meta property=\"og:locale\" content=\"sl_SI\" \/>\n<meta property=\"og:type\" content=\"article\" \/>\n<meta property=\"og:title\" content=\"Podno\u017eja za mize ELTIPLA - VOGA\" \/>\n<meta property=\"og:description\" content=\"Kovinska mizna podno\u017eja ELTIPLA z elektri\u010dno nastavitvijo vi\u0161ine zagotavljajo prilagodljivo in ergonomsko delovno mesto. Vi\u0161ino uravnavamo s pritiskom na stikalo.\" \/>\n<meta property=\"og:url\" content=\"https:\/\/voga.si\/sl\/eltipla\/\" \/>\n<meta property=\"og:site_name\" content=\"VOGA\" \/>\n<meta property=\"article:publisher\" content=\"https:\/\/www.facebook.com\/voga.si\" \/>\n<meta property=\"article:modified_time\" content=\"2025-12-01T09:53:30+00:00\" \/>\n<meta property=\"og:image\" content=\"https:\/\/voga.si\/wp-content\/uploads\/2023\/04\/voga_eltipla_2_1260x709px_3.jpg\" \/>\n\t<meta property=\"og:image:width\" content=\"1260\" \/>\n\t<meta property=\"og:image:height\" content=\"709\" \/>\n\t<meta property=\"og:image:type\" content=\"image\/jpeg\" \/>\n<meta name=\"twitter:card\" content=\"summary_large_image\" \/>\n<meta name=\"twitter:label1\" content=\"Est. reading time\" \/>\n\t<meta name=\"twitter:data1\" content=\"2 minuti\" \/>\n<script type=\"application\/ld+json\" class=\"yoast-schema-graph\">{\"@context\":\"https:\\\/\\\/schema.org\",\"@graph\":[{\"@type\":\"WebPage\",\"@id\":\"https:\\\/\\\/voga.si\\\/sl\\\/eltipla\\\/\",\"url\":\"https:\\\/\\\/voga.si\\\/sl\\\/eltipla\\\/\",\"name\":\"Podno\u017eja za mize ELTIPLA - VOGA\",\"isPartOf\":{\"@id\":\"https:\\\/\\\/voga.si\\\/sl\\\/#website\"},\"primaryImageOfPage\":{\"@id\":\"https:\\\/\\\/voga.si\\\/sl\\\/eltipla\\\/#primaryimage\"},\"image\":{\"@id\":\"https:\\\/\\\/voga.si\\\/sl\\\/eltipla\\\/#primaryimage\"},\"thumbnailUrl\":\"https:\\\/\\\/voga.si\\\/wp-content\\\/uploads\\\/2023\\\/04\\\/voga_eltipla_2_1260x709px_3.jpg\",\"datePublished\":\"2020-09-21T09:40:06+00:00\",\"dateModified\":\"2025-12-01T09:53:30+00:00\",\"description\":\"Kovinska mizna podno\u017eja ELTIPLA z elektri\u010dno nastavitvijo vi\u0161ine zagotavljajo prilagodljivo in ergonomsko delovno mesto. Vi\u0161ino uravnavamo s pritiskom na stikalo.\",\"breadcrumb\":{\"@id\":\"https:\\\/\\\/voga.si\\\/sl\\\/eltipla\\\/#breadcrumb\"},\"inLanguage\":\"sl-SI\",\"potentialAction\":[{\"@type\":\"ReadAction\",\"target\":[\"https:\\\/\\\/voga.si\\\/sl\\\/eltipla\\\/\"]}]},{\"@type\":\"ImageObject\",\"inLanguage\":\"sl-SI\",\"@id\":\"https:\\\/\\\/voga.si\\\/sl\\\/eltipla\\\/#primaryimage\",\"url\":\"https:\\\/\\\/voga.si\\\/wp-content\\\/uploads\\\/2023\\\/04\\\/voga_eltipla_2_1260x709px_3.jpg\",\"contentUrl\":\"https:\\\/\\\/voga.si\\\/wp-content\\\/uploads\\\/2023\\\/04\\\/voga_eltipla_2_1260x709px_3.jpg\",\"width\":1260,\"height\":709,\"caption\":\"ELTIPLA 2\"},{\"@type\":\"BreadcrumbList\",\"@id\":\"https:\\\/\\\/voga.si\\\/sl\\\/eltipla\\\/#breadcrumb\",\"itemListElement\":[{\"@type\":\"ListItem\",\"position\":1,\"name\":\"Home\",\"item\":\"https:\\\/\\\/voga.si\\\/sl\\\/\"},{\"@type\":\"ListItem\",\"position\":2,\"name\":\"ELEKTRI\u010cNA DVI\u017dNA PODNO\u017dJA ELTIPLA\"}]},{\"@type\":\"WebSite\",\"@id\":\"https:\\\/\\\/voga.si\\\/sl\\\/#website\",\"url\":\"https:\\\/\\\/voga.si\\\/sl\\\/\",\"name\":\"VOGA\",\"description\":\"Pametne pohi\u0161tvene re\u0161itve\",\"publisher\":{\"@id\":\"https:\\\/\\\/voga.si\\\/sl\\\/#organization\"},\"potentialAction\":[{\"@type\":\"SearchAction\",\"target\":{\"@type\":\"EntryPoint\",\"urlTemplate\":\"https:\\\/\\\/voga.si\\\/sl\\\/?s={search_term_string}\"},\"query-input\":{\"@type\":\"PropertyValueSpecification\",\"valueRequired\":true,\"valueName\":\"search_term_string\"}}],\"inLanguage\":\"sl-SI\"},{\"@type\":\"Organization\",\"@id\":\"https:\\\/\\\/voga.si\\\/sl\\\/#organization\",\"name\":\"VOGA\",\"url\":\"https:\\\/\\\/voga.si\\\/sl\\\/\",\"logo\":{\"@type\":\"ImageObject\",\"inLanguage\":\"sl-SI\",\"@id\":\"https:\\\/\\\/voga.si\\\/sl\\\/#\\\/schema\\\/logo\\\/image\\\/\",\"url\":\"https:\\\/\\\/voga.si\\\/wp-content\\\/uploads\\\/2024\\\/02\\\/voga_logo.svg\",\"contentUrl\":\"https:\\\/\\\/voga.si\\\/wp-content\\\/uploads\\\/2024\\\/02\\\/voga_logo.svg\",\"width\":\"236\",\"height\":\"44\",\"caption\":\"VOGA\"},\"image\":{\"@id\":\"https:\\\/\\\/voga.si\\\/sl\\\/#\\\/schema\\\/logo\\\/image\\\/\"},\"sameAs\":[\"https:\\\/\\\/www.facebook.com\\\/voga.si\",\"https:\\\/\\\/www.instagram.com\\\/voga_si\\\/\",\"https:\\\/\\\/www.pinterest.com\\\/voga_si\\\/\",\"https:\\\/\\\/www.youtube.com\\\/channel\\\/UC8lMOZlkkox_ANm0CEV6IiQ\\\/\"]}]}<\/script>\n<!-- \/ Yoast SEO plugin. -->","yoast_head_json":{"title":"Podno\u017eja za mize ELTIPLA - VOGA","description":"Kovinska mizna podno\u017eja ELTIPLA z elektri\u010dno nastavitvijo vi\u0161ine zagotavljajo prilagodljivo in ergonomsko delovno mesto. Vi\u0161ino uravnavamo s pritiskom na stikalo.","robots":{"index":"index","follow":"follow","max-snippet":"max-snippet:-1","max-image-preview":"max-image-preview:large","max-video-preview":"max-video-preview:-1"},"canonical":"https:\/\/voga.si\/sl\/eltipla\/","og_locale":"sl_SI","og_type":"article","og_title":"Podno\u017eja za mize ELTIPLA - VOGA","og_description":"Kovinska mizna podno\u017eja ELTIPLA z elektri\u010dno nastavitvijo vi\u0161ine zagotavljajo prilagodljivo in ergonomsko delovno mesto. Vi\u0161ino uravnavamo s pritiskom na stikalo.","og_url":"https:\/\/voga.si\/sl\/eltipla\/","og_site_name":"VOGA","article_publisher":"https:\/\/www.facebook.com\/voga.si","article_modified_time":"2025-12-01T09:53:30+00:00","og_image":[{"width":1260,"height":709,"url":"https:\/\/voga.si\/wp-content\/uploads\/2023\/04\/voga_eltipla_2_1260x709px_3.jpg","type":"image\/jpeg"}],"twitter_card":"summary_large_image","twitter_misc":{"Est. reading time":"2 minuti"},"schema":{"@context":"https:\/\/schema.org","@graph":[{"@type":"WebPage","@id":"https:\/\/voga.si\/sl\/eltipla\/","url":"https:\/\/voga.si\/sl\/eltipla\/","name":"Podno\u017eja za mize ELTIPLA - VOGA","isPartOf":{"@id":"https:\/\/voga.si\/sl\/#website"},"primaryImageOfPage":{"@id":"https:\/\/voga.si\/sl\/eltipla\/#primaryimage"},"image":{"@id":"https:\/\/voga.si\/sl\/eltipla\/#primaryimage"},"thumbnailUrl":"https:\/\/voga.si\/wp-content\/uploads\/2023\/04\/voga_eltipla_2_1260x709px_3.jpg","datePublished":"2020-09-21T09:40:06+00:00","dateModified":"2025-12-01T09:53:30+00:00","description":"Kovinska mizna podno\u017eja ELTIPLA z elektri\u010dno nastavitvijo vi\u0161ine zagotavljajo prilagodljivo in ergonomsko delovno mesto. Vi\u0161ino uravnavamo s pritiskom na stikalo.","breadcrumb":{"@id":"https:\/\/voga.si\/sl\/eltipla\/#breadcrumb"},"inLanguage":"sl-SI","potentialAction":[{"@type":"ReadAction","target":["https:\/\/voga.si\/sl\/eltipla\/"]}]},{"@type":"ImageObject","inLanguage":"sl-SI","@id":"https:\/\/voga.si\/sl\/eltipla\/#primaryimage","url":"https:\/\/voga.si\/wp-content\/uploads\/2023\/04\/voga_eltipla_2_1260x709px_3.jpg","contentUrl":"https:\/\/voga.si\/wp-content\/uploads\/2023\/04\/voga_eltipla_2_1260x709px_3.jpg","width":1260,"height":709,"caption":"ELTIPLA 2"},{"@type":"BreadcrumbList","@id":"https:\/\/voga.si\/sl\/eltipla\/#breadcrumb","itemListElement":[{"@type":"ListItem","position":1,"name":"Home","item":"https:\/\/voga.si\/sl\/"},{"@type":"ListItem","position":2,"name":"ELEKTRI\u010cNA DVI\u017dNA PODNO\u017dJA ELTIPLA"}]},{"@type":"WebSite","@id":"https:\/\/voga.si\/sl\/#website","url":"https:\/\/voga.si\/sl\/","name":"VOGA","description":"Pametne pohi\u0161tvene re\u0161itve","publisher":{"@id":"https:\/\/voga.si\/sl\/#organization"},"potentialAction":[{"@type":"SearchAction","target":{"@type":"EntryPoint","urlTemplate":"https:\/\/voga.si\/sl\/?s={search_term_string}"},"query-input":{"@type":"PropertyValueSpecification","valueRequired":true,"valueName":"search_term_string"}}],"inLanguage":"sl-SI"},{"@type":"Organization","@id":"https:\/\/voga.si\/sl\/#organization","name":"VOGA","url":"https:\/\/voga.si\/sl\/","logo":{"@type":"ImageObject","inLanguage":"sl-SI","@id":"https:\/\/voga.si\/sl\/#\/schema\/logo\/image\/","url":"https:\/\/voga.si\/wp-content\/uploads\/2024\/02\/voga_logo.svg","contentUrl":"https:\/\/voga.si\/wp-content\/uploads\/2024\/02\/voga_logo.svg","width":"236","height":"44","caption":"VOGA"},"image":{"@id":"https:\/\/voga.si\/sl\/#\/schema\/logo\/image\/"},"sameAs":["https:\/\/www.facebook.com\/voga.si","https:\/\/www.instagram.com\/voga_si\/","https:\/\/www.pinterest.com\/voga_si\/","https:\/\/www.youtube.com\/channel\/UC8lMOZlkkox_ANm0CEV6IiQ\/"]}]}},"_links":{"self":[{"href":"https:\/\/voga.si\/sl\/wp-json\/wp\/v2\/pages\/1889","targetHints":{"allow":["GET"]}}],"collection":[{"href":"https:\/\/voga.si\/sl\/wp-json\/wp\/v2\/pages"}],"about":[{"href":"https:\/\/voga.si\/sl\/wp-json\/wp\/v2\/types\/page"}],"author":[{"embeddable":true,"href":"https:\/\/voga.si\/sl\/wp-json\/wp\/v2\/users\/1"}],"replies":[{"embeddable":true,"href":"https:\/\/voga.si\/sl\/wp-json\/wp\/v2\/comments?post=1889"}],"version-history":[{"count":67,"href":"https:\/\/voga.si\/sl\/wp-json\/wp\/v2\/pages\/1889\/revisions"}],"predecessor-version":[{"id":10564,"href":"https:\/\/voga.si\/sl\/wp-json\/wp\/v2\/pages\/1889\/revisions\/10564"}],"wp:featuredmedia":[{"embeddable":true,"href":"https:\/\/voga.si\/sl\/wp-json\/wp\/v2\/media\/6082"}],"wp:attachment":[{"href":"https:\/\/voga.si\/sl\/wp-json\/wp\/v2\/media?parent=1889"}],"curies":[{"name":"wp","href":"https:\/\/api.w.org\/{rel}","templated":true}]}}