{"id":1767,"date":"2020-09-18T14:09:14","date_gmt":"2020-09-18T12:09:14","guid":{"rendered":"https:\/\/voga.si\/samostojne-noge\/fifty-z\/"},"modified":"2026-01-13T12:02:48","modified_gmt":"2026-01-13T11:02:48","slug":"fifty-z","status":"publish","type":"page","link":"https:\/\/voga.si\/sl\/samostojne-noge\/fifty-z\/","title":{"rendered":"FIFTY Z"},"content":{"rendered":"<div class=\"wpb-content-wrapper\"><p>[vc_row unlock_row_content=&#8221;yes&#8221; row_height_percent=&#8221;50&#8243; override_padding=&#8221;yes&#8221; h_padding=&#8221;0&#8243; top_padding=&#8221;0&#8243; bottom_padding=&#8221;0&#8243; back_color=&#8221;color-prif&#8221; overlay_alpha=&#8221;50&#8243; equal_height=&#8221;yes&#8221; gutter_size=&#8221;3&#8243; column_width_percent=&#8221;100&#8243; shift_y=&#8221;0&#8243; z_index=&#8221;0&#8243;][vc_column column_width_percent=&#8221;100&#8243; position_vertical=&#8221;middle&#8221; gutter_size=&#8221;2&#8243; override_padding=&#8221;yes&#8221; column_padding=&#8221;4&#8243; style=&#8221;dark&#8221; overlay_alpha=&#8221;50&#8243; shift_x=&#8221;0&#8243; shift_y=&#8221;0&#8243; shift_y_down=&#8221;0&#8243; z_index=&#8221;0&#8243; medium_width=&#8221;0&#8243; mobile_width=&#8221;0&#8243; width=&#8221;1\/3&#8243;][vc_custom_heading text_color=&#8221;accent&#8221; heading_semantic=&#8221;h1&#8243; text_size=&#8221;h1&#8243;]FIFTY Z[\/vc_custom_heading][vc_column_text uncode_shortcode_id=&#8221;729733&#8243;]Zlo\u017eljive kovinske noge FIFTY Z so izdelane iz okrogle cevi s premerom 50 mm, opremljene z zlo\u017eljivim mehanizmom. Namenjene so za za\u010dasne mize, ki se uporabljajo na prilo\u017enostnih prireditvah, ter za ve\u010dje sejne sobe, kjer je potrebno mize po dogodku hitro odstraniti in shraniti na \u010dim manj\u0161i prostor. Ko je miza postavljena, plasti\u010dni pokrovi slu\u017eijo kot okras, v zlo\u017eenem stanju pa prepre\u010dujejo po\u0161kodbe miznih plo\u0161\u010d, ko so mize nalo\u017eene eno na drugo.[\/vc_column_text][vc_button size=&#8221;btn-sm&#8221; outline=&#8221;yes&#8221; border_width=&#8221;0&#8243; icon=&#8221;fa fa-chevron-left2&#8243; link=&#8221;url:https%3A%2F%2Fvoga.si%2Fsl%2Fsamostojne-noge%2F|title:Samostojne%20noge|&#8221;]Nazaj na samostojne noge[\/vc_button][\/vc_column][vc_column column_width_percent=&#8221;100&#8243; gutter_size=&#8221;3&#8243; back_image=&#8221;1345&#8243; back_position=&#8221;center bottom&#8221; overlay_alpha=&#8221;50&#8243; shift_x=&#8221;0&#8243; shift_y=&#8221;0&#8243; shift_y_down=&#8221;0&#8243; z_index=&#8221;0&#8243; medium_width=&#8221;0&#8243; mobile_width=&#8221;0&#8243; width=&#8221;2\/3&#8243; mobile_height=&#8221;350&#8243;][\/vc_column][\/vc_row][vc_row][vc_column width=&#8221;1\/1&#8243;][uncode_block id=&#8221;5729&#8243;][\/vc_column][\/vc_row][vc_row row_height_percent=&#8221;0&#8243; override_padding=&#8221;yes&#8221; h_padding=&#8221;2&#8243; top_padding=&#8221;3&#8243; bottom_padding=&#8221;2&#8243; overlay_alpha=&#8221;50&#8243; gutter_size=&#8221;3&#8243; column_width_percent=&#8221;100&#8243; shift_y=&#8221;0&#8243; z_index=&#8221;0&#8243; el_class=&#8221;parts_list&#8221;][vc_column column_width_percent=&#8221;100&#8243; align_horizontal=&#8221;align_center&#8221; gutter_size=&#8221;3&#8243; overlay_alpha=&#8221;50&#8243; shift_x=&#8221;0&#8243; shift_y=&#8221;0&#8243; shift_y_down=&#8221;0&#8243; z_index=&#8221;0&#8243; medium_width=&#8221;0&#8243; align_mobile=&#8221;align_center_mobile&#8221; mobile_width=&#8221;0&#8243; width=&#8221;1\/1&#8243;][vc_custom_heading text_color=&#8221;color-wvjs&#8221; text_size=&#8221;h6&#8243; text_weight=&#8221;500&#8243; text_space=&#8221;fontspace-121210&#8243; separator_color=&#8221;yes&#8221; separator=&#8221;under&#8221; sub_reduced=&#8221;yes&#8221;]RAZPOLO\u017dLJIVE NOGE[\/vc_custom_heading][vc_separator sep_color=&#8221;color-gyho&#8221;][vc_row_inner row_inner_height_percent=&#8221;0&#8243; overlay_alpha=&#8221;50&#8243; gutter_size=&#8221;3&#8243; shift_y=&#8221;0&#8243; z_index=&#8221;0&#8243; limit_content=&#8221;&#8221;][vc_column_inner width=&#8221;1\/3&#8243;][vc_column_text uncode_shortcode_id=&#8221;306172&#8243;]<\/p>\n<h3>FIFTY Z<\/h3>\n<p><strong>30736<\/strong> | RAL 9006G<br \/>Druge barve po naro\u010dilu<\/p>\n<p>V: 715 mm \/ \u0160:\u00a0\u00f8 50\u00a0mm<br \/>Debelina mizne plo\u0161\u010de: min. 25 mm<br \/>Dol\u017eina mizne plo\u0161\u010de: min. 1600 mm<br \/>Nivelacija: 10 mm[\/vc_column_text][\/vc_column_inner][vc_column_inner column_width_percent=&#8221;100&#8243; align_horizontal=&#8221;align_center&#8221; gutter_size=&#8221;3&#8243; overlay_alpha=&#8221;50&#8243; shift_x=&#8221;0&#8243; shift_y=&#8221;0&#8243; shift_y_down=&#8221;0&#8243; z_index=&#8221;0&#8243; medium_width=&#8221;0&#8243; mobile_width=&#8221;0&#8243; width=&#8221;1\/3&#8243;][vc_single_image media=&#8221;1346&#8243; media_width_percent=&#8221;100&#8243;][\/vc_column_inner][vc_column_inner column_width_percent=&#8221;100&#8243; align_horizontal=&#8221;align_center&#8221; gutter_size=&#8221;3&#8243; overlay_alpha=&#8221;50&#8243; shift_x=&#8221;0&#8243; shift_y=&#8221;0&#8243; shift_y_down=&#8221;0&#8243; z_index=&#8221;0&#8243; medium_width=&#8221;0&#8243; mobile_width=&#8221;0&#8243; width=&#8221;1\/3&#8243;][vc_single_image media=&#8221;1348&#8243; media_width_percent=&#8221;100&#8243; alignment=&#8221;center&#8221;][\/vc_column_inner][\/vc_row_inner][vc_row_inner limit_content=&#8221;&#8221;][vc_column_inner width=&#8221;1\/1&#8243;][vc_separator sep_color=&#8221;color-gyho&#8221;][\/vc_column_inner][\/vc_row_inner][\/vc_column][\/vc_row][vc_row][vc_column column_width_percent=&#8221;100&#8243; align_horizontal=&#8221;align_center&#8221; gutter_size=&#8221;3&#8243; overlay_alpha=&#8221;50&#8243; shift_x=&#8221;0&#8243; shift_y=&#8221;0&#8243; shift_y_down=&#8221;0&#8243; z_index=&#8221;0&#8243; medium_width=&#8221;0&#8243; mobile_width=&#8221;0&#8243; width=&#8221;1\/1&#8243;][vc_single_image media=&#8221;1347&#8243; media_lightbox=&#8221;yes&#8221; media_width_use_pixel=&#8221;yes&#8221; alignment=&#8221;center&#8221; media_width_pixel=&#8221;516&#8243;][\/vc_column][\/vc_row]<\/p>\n<\/div>","protected":false},"excerpt":{"rendered":"<p>Noge z mehanizmom za preklop in mo\u017enostjo nivelacije<br \/>\nZlo\u017eljiva miza za prilo\u017enostno uporabo.<\/p>\n","protected":false},"author":1,"featured_media":7300,"parent":1716,"menu_order":86,"comment_status":"closed","ping_status":"closed","template":"","meta":{"_acf_changed":false,"footnotes":""},"class_list":["post-1767","page","type-page","status-publish","has-post-thumbnail","hentry","usage-jedilnica-gostinstvo","usage-otroska-soba","usage-domaca-pisarna","usage-pisarna","usage-ucilnica","metal_profiles-okrogla-cev","table_setup-enojno-delovno-mesto","page_category-samostojne-noge"],"acf":[],"yoast_head":"<!-- This site is optimized with the Yoast SEO plugin v27.4 - https:\/\/yoast.com\/product\/yoast-seo-wordpress\/ -->\n<title>Sistem podno\u017eij za mize FIFTY Z - VOGA<\/title>\n<meta name=\"description\" content=\"Noge FIFTY Z so izdelane iz okrogle cevi s premerom 50 mm in zlo\u017eljivim mehanizmom. Uporabljajo se za za\u010dasne mize na prilo\u017enostnih prireditvah.\" \/>\n<meta name=\"robots\" content=\"index, follow, max-snippet:-1, max-image-preview:large, max-video-preview:-1\" \/>\n<link rel=\"canonical\" href=\"https:\/\/voga.si\/sl\/samostojne-noge\/fifty-z\/\" \/>\n<meta property=\"og:locale\" content=\"sl_SI\" \/>\n<meta property=\"og:type\" content=\"article\" \/>\n<meta property=\"og:title\" content=\"Sistem podno\u017eij za mize FIFTY Z - VOGA\" \/>\n<meta property=\"og:description\" content=\"Noge FIFTY Z so izdelane iz okrogle cevi s premerom 50 mm in zlo\u017eljivim mehanizmom. Uporabljajo se za za\u010dasne mize na prilo\u017enostnih prireditvah.\" \/>\n<meta property=\"og:url\" content=\"https:\/\/voga.si\/sl\/samostojne-noge\/fifty-z\/\" \/>\n<meta property=\"og:site_name\" content=\"VOGA\" \/>\n<meta property=\"article:publisher\" content=\"https:\/\/www.facebook.com\/voga.si\" \/>\n<meta property=\"article:modified_time\" content=\"2026-01-13T11:02:48+00:00\" \/>\n<meta property=\"og:image\" content=\"https:\/\/voga.si\/wp-content\/uploads\/2024\/01\/self_standing_legs_fifty_z_1920x1080px_1.jpg\" \/>\n\t<meta property=\"og:image:width\" content=\"1920\" \/>\n\t<meta property=\"og:image:height\" content=\"1080\" \/>\n\t<meta property=\"og:image:type\" content=\"image\/jpeg\" \/>\n<meta name=\"twitter:card\" content=\"summary_large_image\" \/>\n<meta name=\"twitter:label1\" content=\"Est. reading time\" \/>\n\t<meta name=\"twitter:data1\" content=\"2 minuti\" \/>\n<script type=\"application\/ld+json\" class=\"yoast-schema-graph\">{\"@context\":\"https:\\\/\\\/schema.org\",\"@graph\":[{\"@type\":\"WebPage\",\"@id\":\"https:\\\/\\\/voga.si\\\/sl\\\/samostojne-noge\\\/fifty-z\\\/\",\"url\":\"https:\\\/\\\/voga.si\\\/sl\\\/samostojne-noge\\\/fifty-z\\\/\",\"name\":\"Sistem podno\u017eij za mize FIFTY Z - VOGA\",\"isPartOf\":{\"@id\":\"https:\\\/\\\/voga.si\\\/sl\\\/#website\"},\"primaryImageOfPage\":{\"@id\":\"https:\\\/\\\/voga.si\\\/sl\\\/samostojne-noge\\\/fifty-z\\\/#primaryimage\"},\"image\":{\"@id\":\"https:\\\/\\\/voga.si\\\/sl\\\/samostojne-noge\\\/fifty-z\\\/#primaryimage\"},\"thumbnailUrl\":\"https:\\\/\\\/voga.si\\\/wp-content\\\/uploads\\\/2024\\\/01\\\/self_standing_legs_fifty_z_1920x1080px_1.jpg\",\"datePublished\":\"2020-09-18T12:09:14+00:00\",\"dateModified\":\"2026-01-13T11:02:48+00:00\",\"description\":\"Noge FIFTY Z so izdelane iz okrogle cevi s premerom 50 mm in zlo\u017eljivim mehanizmom. Uporabljajo se za za\u010dasne mize na prilo\u017enostnih prireditvah.\",\"breadcrumb\":{\"@id\":\"https:\\\/\\\/voga.si\\\/sl\\\/samostojne-noge\\\/fifty-z\\\/#breadcrumb\"},\"inLanguage\":\"sl-SI\",\"potentialAction\":[{\"@type\":\"ReadAction\",\"target\":[\"https:\\\/\\\/voga.si\\\/sl\\\/samostojne-noge\\\/fifty-z\\\/\"]}]},{\"@type\":\"ImageObject\",\"inLanguage\":\"sl-SI\",\"@id\":\"https:\\\/\\\/voga.si\\\/sl\\\/samostojne-noge\\\/fifty-z\\\/#primaryimage\",\"url\":\"https:\\\/\\\/voga.si\\\/wp-content\\\/uploads\\\/2024\\\/01\\\/self_standing_legs_fifty_z_1920x1080px_1.jpg\",\"contentUrl\":\"https:\\\/\\\/voga.si\\\/wp-content\\\/uploads\\\/2024\\\/01\\\/self_standing_legs_fifty_z_1920x1080px_1.jpg\",\"width\":1920,\"height\":1080,\"caption\":\"SAMOSTOJNE NOGE \u2013 FIFTY Z\"},{\"@type\":\"BreadcrumbList\",\"@id\":\"https:\\\/\\\/voga.si\\\/sl\\\/samostojne-noge\\\/fifty-z\\\/#breadcrumb\",\"itemListElement\":[{\"@type\":\"ListItem\",\"position\":1,\"name\":\"Home\",\"item\":\"https:\\\/\\\/voga.si\\\/sl\\\/\"},{\"@type\":\"ListItem\",\"position\":2,\"name\":\"Samostojne noge\",\"item\":\"https:\\\/\\\/voga.si\\\/sl\\\/samostojne-noge\\\/\"},{\"@type\":\"ListItem\",\"position\":3,\"name\":\"FIFTY Z\"}]},{\"@type\":\"WebSite\",\"@id\":\"https:\\\/\\\/voga.si\\\/sl\\\/#website\",\"url\":\"https:\\\/\\\/voga.si\\\/sl\\\/\",\"name\":\"VOGA\",\"description\":\"Pametne pohi\u0161tvene re\u0161itve\",\"publisher\":{\"@id\":\"https:\\\/\\\/voga.si\\\/sl\\\/#organization\"},\"potentialAction\":[{\"@type\":\"SearchAction\",\"target\":{\"@type\":\"EntryPoint\",\"urlTemplate\":\"https:\\\/\\\/voga.si\\\/sl\\\/?s={search_term_string}\"},\"query-input\":{\"@type\":\"PropertyValueSpecification\",\"valueRequired\":true,\"valueName\":\"search_term_string\"}}],\"inLanguage\":\"sl-SI\"},{\"@type\":\"Organization\",\"@id\":\"https:\\\/\\\/voga.si\\\/sl\\\/#organization\",\"name\":\"VOGA\",\"url\":\"https:\\\/\\\/voga.si\\\/sl\\\/\",\"logo\":{\"@type\":\"ImageObject\",\"inLanguage\":\"sl-SI\",\"@id\":\"https:\\\/\\\/voga.si\\\/sl\\\/#\\\/schema\\\/logo\\\/image\\\/\",\"url\":\"https:\\\/\\\/voga.si\\\/wp-content\\\/uploads\\\/2024\\\/02\\\/voga_logo.svg\",\"contentUrl\":\"https:\\\/\\\/voga.si\\\/wp-content\\\/uploads\\\/2024\\\/02\\\/voga_logo.svg\",\"width\":\"236\",\"height\":\"44\",\"caption\":\"VOGA\"},\"image\":{\"@id\":\"https:\\\/\\\/voga.si\\\/sl\\\/#\\\/schema\\\/logo\\\/image\\\/\"},\"sameAs\":[\"https:\\\/\\\/www.facebook.com\\\/voga.si\",\"https:\\\/\\\/www.instagram.com\\\/voga_si\\\/\",\"https:\\\/\\\/www.pinterest.com\\\/voga_si\\\/\",\"https:\\\/\\\/www.youtube.com\\\/channel\\\/UC8lMOZlkkox_ANm0CEV6IiQ\\\/\"]}]}<\/script>\n<!-- \/ Yoast SEO plugin. -->","yoast_head_json":{"title":"Sistem podno\u017eij za mize FIFTY Z - VOGA","description":"Noge FIFTY Z so izdelane iz okrogle cevi s premerom 50 mm in zlo\u017eljivim mehanizmom. Uporabljajo se za za\u010dasne mize na prilo\u017enostnih prireditvah.","robots":{"index":"index","follow":"follow","max-snippet":"max-snippet:-1","max-image-preview":"max-image-preview:large","max-video-preview":"max-video-preview:-1"},"canonical":"https:\/\/voga.si\/sl\/samostojne-noge\/fifty-z\/","og_locale":"sl_SI","og_type":"article","og_title":"Sistem podno\u017eij za mize FIFTY Z - VOGA","og_description":"Noge FIFTY Z so izdelane iz okrogle cevi s premerom 50 mm in zlo\u017eljivim mehanizmom. Uporabljajo se za za\u010dasne mize na prilo\u017enostnih prireditvah.","og_url":"https:\/\/voga.si\/sl\/samostojne-noge\/fifty-z\/","og_site_name":"VOGA","article_publisher":"https:\/\/www.facebook.com\/voga.si","article_modified_time":"2026-01-13T11:02:48+00:00","og_image":[{"width":1920,"height":1080,"url":"https:\/\/voga.si\/wp-content\/uploads\/2024\/01\/self_standing_legs_fifty_z_1920x1080px_1.jpg","type":"image\/jpeg"}],"twitter_card":"summary_large_image","twitter_misc":{"Est. reading time":"2 minuti"},"schema":{"@context":"https:\/\/schema.org","@graph":[{"@type":"WebPage","@id":"https:\/\/voga.si\/sl\/samostojne-noge\/fifty-z\/","url":"https:\/\/voga.si\/sl\/samostojne-noge\/fifty-z\/","name":"Sistem podno\u017eij za mize FIFTY Z - VOGA","isPartOf":{"@id":"https:\/\/voga.si\/sl\/#website"},"primaryImageOfPage":{"@id":"https:\/\/voga.si\/sl\/samostojne-noge\/fifty-z\/#primaryimage"},"image":{"@id":"https:\/\/voga.si\/sl\/samostojne-noge\/fifty-z\/#primaryimage"},"thumbnailUrl":"https:\/\/voga.si\/wp-content\/uploads\/2024\/01\/self_standing_legs_fifty_z_1920x1080px_1.jpg","datePublished":"2020-09-18T12:09:14+00:00","dateModified":"2026-01-13T11:02:48+00:00","description":"Noge FIFTY Z so izdelane iz okrogle cevi s premerom 50 mm in zlo\u017eljivim mehanizmom. Uporabljajo se za za\u010dasne mize na prilo\u017enostnih prireditvah.","breadcrumb":{"@id":"https:\/\/voga.si\/sl\/samostojne-noge\/fifty-z\/#breadcrumb"},"inLanguage":"sl-SI","potentialAction":[{"@type":"ReadAction","target":["https:\/\/voga.si\/sl\/samostojne-noge\/fifty-z\/"]}]},{"@type":"ImageObject","inLanguage":"sl-SI","@id":"https:\/\/voga.si\/sl\/samostojne-noge\/fifty-z\/#primaryimage","url":"https:\/\/voga.si\/wp-content\/uploads\/2024\/01\/self_standing_legs_fifty_z_1920x1080px_1.jpg","contentUrl":"https:\/\/voga.si\/wp-content\/uploads\/2024\/01\/self_standing_legs_fifty_z_1920x1080px_1.jpg","width":1920,"height":1080,"caption":"SAMOSTOJNE NOGE \u2013 FIFTY Z"},{"@type":"BreadcrumbList","@id":"https:\/\/voga.si\/sl\/samostojne-noge\/fifty-z\/#breadcrumb","itemListElement":[{"@type":"ListItem","position":1,"name":"Home","item":"https:\/\/voga.si\/sl\/"},{"@type":"ListItem","position":2,"name":"Samostojne noge","item":"https:\/\/voga.si\/sl\/samostojne-noge\/"},{"@type":"ListItem","position":3,"name":"FIFTY Z"}]},{"@type":"WebSite","@id":"https:\/\/voga.si\/sl\/#website","url":"https:\/\/voga.si\/sl\/","name":"VOGA","description":"Pametne pohi\u0161tvene re\u0161itve","publisher":{"@id":"https:\/\/voga.si\/sl\/#organization"},"potentialAction":[{"@type":"SearchAction","target":{"@type":"EntryPoint","urlTemplate":"https:\/\/voga.si\/sl\/?s={search_term_string}"},"query-input":{"@type":"PropertyValueSpecification","valueRequired":true,"valueName":"search_term_string"}}],"inLanguage":"sl-SI"},{"@type":"Organization","@id":"https:\/\/voga.si\/sl\/#organization","name":"VOGA","url":"https:\/\/voga.si\/sl\/","logo":{"@type":"ImageObject","inLanguage":"sl-SI","@id":"https:\/\/voga.si\/sl\/#\/schema\/logo\/image\/","url":"https:\/\/voga.si\/wp-content\/uploads\/2024\/02\/voga_logo.svg","contentUrl":"https:\/\/voga.si\/wp-content\/uploads\/2024\/02\/voga_logo.svg","width":"236","height":"44","caption":"VOGA"},"image":{"@id":"https:\/\/voga.si\/sl\/#\/schema\/logo\/image\/"},"sameAs":["https:\/\/www.facebook.com\/voga.si","https:\/\/www.instagram.com\/voga_si\/","https:\/\/www.pinterest.com\/voga_si\/","https:\/\/www.youtube.com\/channel\/UC8lMOZlkkox_ANm0CEV6IiQ\/"]}]}},"_links":{"self":[{"href":"https:\/\/voga.si\/sl\/wp-json\/wp\/v2\/pages\/1767","targetHints":{"allow":["GET"]}}],"collection":[{"href":"https:\/\/voga.si\/sl\/wp-json\/wp\/v2\/pages"}],"about":[{"href":"https:\/\/voga.si\/sl\/wp-json\/wp\/v2\/types\/page"}],"author":[{"embeddable":true,"href":"https:\/\/voga.si\/sl\/wp-json\/wp\/v2\/users\/1"}],"replies":[{"embeddable":true,"href":"https:\/\/voga.si\/sl\/wp-json\/wp\/v2\/comments?post=1767"}],"version-history":[{"count":43,"href":"https:\/\/voga.si\/sl\/wp-json\/wp\/v2\/pages\/1767\/revisions"}],"predecessor-version":[{"id":10991,"href":"https:\/\/voga.si\/sl\/wp-json\/wp\/v2\/pages\/1767\/revisions\/10991"}],"up":[{"embeddable":true,"href":"https:\/\/voga.si\/sl\/wp-json\/wp\/v2\/pages\/1716"}],"wp:featuredmedia":[{"embeddable":true,"href":"https:\/\/voga.si\/sl\/wp-json\/wp\/v2\/media\/7300"}],"wp:attachment":[{"href":"https:\/\/voga.si\/sl\/wp-json\/wp\/v2\/media?parent=1767"}],"curies":[{"name":"wp","href":"https:\/\/api.w.org\/{rel}","templated":true}]}}