{"id":1568,"date":"2020-09-17T13:41:29","date_gmt":"2020-09-17T11:41:29","guid":{"rendered":"https:\/\/voga.si\/sistem-veznik\/tend\/"},"modified":"2026-02-05T10:00:33","modified_gmt":"2026-02-05T09:00:33","slug":"tend","status":"publish","type":"page","link":"https:\/\/voga.si\/sl\/sistem-veznik\/tend\/","title":{"rendered":"TEND"},"content":{"rendered":"<div class=\"wpb-content-wrapper\"><p>[vc_row unlock_row_content=&#8221;yes&#8221; row_height_percent=&#8221;50&#8243; override_padding=&#8221;yes&#8221; h_padding=&#8221;0&#8243; top_padding=&#8221;0&#8243; bottom_padding=&#8221;0&#8243; back_color=&#8221;color-prif&#8221; overlay_alpha=&#8221;50&#8243; equal_height=&#8221;yes&#8221; gutter_size=&#8221;3&#8243; column_width_percent=&#8221;100&#8243; shift_y=&#8221;0&#8243; z_index=&#8221;0&#8243;][vc_column column_width_percent=&#8221;100&#8243; position_vertical=&#8221;middle&#8221; gutter_size=&#8221;2&#8243; override_padding=&#8221;yes&#8221; column_padding=&#8221;4&#8243; style=&#8221;dark&#8221; overlay_alpha=&#8221;50&#8243; shift_x=&#8221;0&#8243; shift_y=&#8221;0&#8243; shift_y_down=&#8221;0&#8243; z_index=&#8221;0&#8243; medium_width=&#8221;0&#8243; mobile_width=&#8221;0&#8243; width=&#8221;1\/3&#8243;][vc_custom_heading text_color=&#8221;accent&#8221; heading_semantic=&#8221;h1&#8243; text_size=&#8221;h1&#8243;]TEND[\/vc_custom_heading][vc_column_text uncode_shortcode_id=&#8221;193767&#8243;]Mizne noge TEND so izdelane iz pravokotnih \u017eeleznih cevi. Steber je centralno vpet v nogo (T-noga). Na voljo so fiksne in po vi\u0161ini nastavljive kovinske noge. Povr\u0161ina je pra\u0161no lakirana ter brez vidnih varov. Noge so narejene za mizne plo\u0161\u010de \u0161irine od 600 do 800 mm. Pakirane so po 2 kosa v kartonski embala\u017ei.[\/vc_column_text][vc_column_text uncode_shortcode_id=&#8221;155481&#8243;]<\/p>\n<table>\n<tbody>\n<tr>\n<th colspan=\"2\">Konfiguracija mizne plo\u0161\u010de<\/th>\n<\/tr>\n<tr>\n<td>\u0160irina<\/td>\n<td>600\u20131000 mm<\/td>\n<\/tr>\n<tr>\n<td>Dol\u017eina<\/td>\n<td>800\u20132000 mm<\/td>\n<\/tr>\n<tr>\n<td>Debelina<\/td>\n<td>24 mm ali ve\u010d<\/td>\n<\/tr>\n<tr>\n<td>Najve\u010dja te\u017ea<\/td>\n<td>30 kg\/m<sup>2<\/sup><\/td>\n<\/tr>\n<tr>\n<td>Najve\u010dja obremenitev<\/td>\n<td>do 150 kg\/m<sup>2<\/sup><\/td>\n<\/tr>\n<\/tbody>\n<\/table>\n<p>&nbsp;<br \/>\n[\/vc_column_text][vc_button size=&#8221;btn-sm&#8221; outline=&#8221;yes&#8221; border_width=&#8221;0&#8243; icon=&#8221;fa fa-chevron-left2&#8243; link=&#8221;url:https%3A%2F%2Fvoga.si%2Fsl%2Fsistem-veznik%2F|title:Sistem%20VEZNIK|&#8221;]Nazaj na Sistem Veznik[\/vc_button][\/vc_column][vc_column column_width_percent=&#8221;100&#8243; gutter_size=&#8221;3&#8243; back_image=&#8221;1192&#8243; back_position=&#8221;center bottom&#8221; overlay_alpha=&#8221;50&#8243; shift_x=&#8221;0&#8243; shift_y=&#8221;0&#8243; shift_y_down=&#8221;0&#8243; z_index=&#8221;0&#8243; medium_width=&#8221;0&#8243; mobile_width=&#8221;0&#8243; width=&#8221;2\/3&#8243; mobile_height=&#8221;350&#8243;][\/vc_column][\/vc_row][vc_row][vc_column width=&#8221;1\/1&#8243;][uncode_block id=&#8221;5729&#8243;][\/vc_column][\/vc_row][vc_row row_height_percent=&#8221;0&#8243; override_padding=&#8221;yes&#8221; h_padding=&#8221;2&#8243; top_padding=&#8221;3&#8243; bottom_padding=&#8221;2&#8243; overlay_alpha=&#8221;50&#8243; gutter_size=&#8221;3&#8243; column_width_percent=&#8221;100&#8243; shift_y=&#8221;0&#8243; z_index=&#8221;0&#8243; el_class=&#8221;parts_list&#8221;][vc_column column_width_percent=&#8221;100&#8243; align_horizontal=&#8221;align_center&#8221; gutter_size=&#8221;3&#8243; overlay_alpha=&#8221;50&#8243; shift_x=&#8221;0&#8243; shift_y=&#8221;0&#8243; shift_y_down=&#8221;0&#8243; z_index=&#8221;0&#8243; medium_width=&#8221;0&#8243; align_mobile=&#8221;align_center_mobile&#8221; mobile_width=&#8221;0&#8243; width=&#8221;1\/1&#8243;][vc_custom_heading text_color=&#8221;color-wvjs&#8221; text_size=&#8221;h6&#8243; text_weight=&#8221;500&#8243; text_space=&#8221;fontspace-121210&#8243; separator_color=&#8221;yes&#8221; separator=&#8221;under&#8221; sub_reduced=&#8221;yes&#8221;]RAZPOLO\u017dLJIVE VELIKOSTI NOG[\/vc_custom_heading][vc_separator sep_color=&#8221;color-gyho&#8221;][vc_row_inner row_inner_height_percent=&#8221;0&#8243; overlay_alpha=&#8221;50&#8243; gutter_size=&#8221;3&#8243; shift_y=&#8221;0&#8243; z_index=&#8221;0&#8243; limit_content=&#8221;&#8221;][vc_column_inner width=&#8221;1\/3&#8243;][vc_column_text uncode_shortcode_id=&#8221;124690&#8243;]<\/p>\n<h3>TEND T 400<\/h3>\n<p><strong>30745<\/strong> | RAL 9006G<br \/><strong>20745<\/strong> | RAL 9005FE<br \/>Druge barve po naro\u010dilu<\/p>\n<p>V: 715 mm \/ \u0160: 534 mm<br \/>\u0160irina mizne plo\u0161\u010de: 600 mm<br \/>Nivelacija: 10 mm[\/vc_column_text][\/vc_column_inner][vc_column_inner column_width_percent=&#8221;100&#8243; align_horizontal=&#8221;align_center&#8221; gutter_size=&#8221;3&#8243; overlay_alpha=&#8221;50&#8243; shift_x=&#8221;0&#8243; shift_y=&#8221;0&#8243; shift_y_down=&#8221;0&#8243; z_index=&#8221;0&#8243; medium_width=&#8221;0&#8243; mobile_width=&#8221;0&#8243; width=&#8221;1\/3&#8243;][vc_single_image media=&#8221;1197&#8243; media_width_percent=&#8221;100&#8243;][\/vc_column_inner][vc_column_inner column_width_percent=&#8221;100&#8243; align_horizontal=&#8221;align_center&#8221; gutter_size=&#8221;3&#8243; overlay_alpha=&#8221;50&#8243; shift_x=&#8221;0&#8243; shift_y=&#8221;0&#8243; shift_y_down=&#8221;0&#8243; z_index=&#8221;0&#8243; medium_width=&#8221;0&#8243; mobile_width=&#8221;0&#8243; width=&#8221;1\/3&#8243;][vc_single_image media=&#8221;1200&#8243; media_width_percent=&#8221;100&#8243; alignment=&#8221;center&#8221;][\/vc_column_inner][\/vc_row_inner][vc_row_inner limit_content=&#8221;&#8221;][vc_column_inner width=&#8221;1\/1&#8243;][vc_separator sep_color=&#8221;color-gyho&#8221;][\/vc_column_inner][\/vc_row_inner][vc_row_inner row_inner_height_percent=&#8221;0&#8243; overlay_alpha=&#8221;50&#8243; gutter_size=&#8221;3&#8243; shift_y=&#8221;0&#8243; z_index=&#8221;0&#8243; limit_content=&#8221;&#8221;][vc_column_inner width=&#8221;1\/3&#8243;][vc_column_text uncode_shortcode_id=&#8221;165688&#8243;]<\/p>\n<h3>TEND T 600<\/h3>\n<p><strong>30744<\/strong> | RAL 9006G<br \/><strong>20744<\/strong> | RAL 9005FE<br \/>Druge barve po naro\u010dilu<\/p>\n<p>V: 715 mm \/ \u0160: 734 mm<br \/>\u0160irina mizne plo\u0161\u010de: 800 mm<br \/>Nivelacija: 10 mm[\/vc_column_text][\/vc_column_inner][vc_column_inner column_width_percent=&#8221;100&#8243; align_horizontal=&#8221;align_center&#8221; gutter_size=&#8221;3&#8243; overlay_alpha=&#8221;50&#8243; shift_x=&#8221;0&#8243; shift_y=&#8221;0&#8243; shift_y_down=&#8221;0&#8243; z_index=&#8221;0&#8243; medium_width=&#8221;0&#8243; mobile_width=&#8221;0&#8243; width=&#8221;1\/3&#8243;][vc_single_image media=&#8221;1193&#8243; media_width_percent=&#8221;100&#8243;][\/vc_column_inner][vc_column_inner column_width_percent=&#8221;100&#8243; align_horizontal=&#8221;align_center&#8221; gutter_size=&#8221;3&#8243; overlay_alpha=&#8221;50&#8243; shift_x=&#8221;0&#8243; shift_y=&#8221;0&#8243; shift_y_down=&#8221;0&#8243; z_index=&#8221;0&#8243; medium_width=&#8221;0&#8243; mobile_width=&#8221;0&#8243; width=&#8221;1\/3&#8243;][vc_single_image media=&#8221;1196&#8243; media_width_percent=&#8221;100&#8243; alignment=&#8221;center&#8221;][\/vc_column_inner][\/vc_row_inner][vc_row_inner limit_content=&#8221;&#8221;][vc_column_inner width=&#8221;1\/1&#8243;][vc_separator sep_color=&#8221;color-gyho&#8221;][\/vc_column_inner][\/vc_row_inner][vc_row_inner row_inner_height_percent=&#8221;0&#8243; overlay_alpha=&#8221;50&#8243; gutter_size=&#8221;3&#8243; shift_y=&#8221;0&#8243; z_index=&#8221;0&#8243; limit_content=&#8221;&#8221;][vc_column_inner width=&#8221;1\/3&#8243;][vc_column_text uncode_shortcode_id=&#8221;276084&#8243;]<\/p>\n<h3>TEND T 400 HV<\/h3>\n<p><strong>30986<\/strong> | RAL 9006G<br \/>Druge barve po naro\u010dilu<\/p>\n<p>V: 680\u2013820 mm \/ \u0160: 534 mm<br \/>\u0160irina mizne plo\u0161\u010de: 600 mm<br \/>Nivelacija: 10 mm[\/vc_column_text][\/vc_column_inner][vc_column_inner column_width_percent=&#8221;100&#8243; align_horizontal=&#8221;align_center&#8221; gutter_size=&#8221;3&#8243; overlay_alpha=&#8221;50&#8243; shift_x=&#8221;0&#8243; shift_y=&#8221;0&#8243; shift_y_down=&#8221;0&#8243; z_index=&#8221;0&#8243; medium_width=&#8221;0&#8243; mobile_width=&#8221;0&#8243; width=&#8221;1\/3&#8243;][vc_single_image media=&#8221;1198&#8243; media_width_percent=&#8221;100&#8243;][\/vc_column_inner][vc_column_inner column_width_percent=&#8221;100&#8243; align_horizontal=&#8221;align_center&#8221; gutter_size=&#8221;3&#8243; overlay_alpha=&#8221;50&#8243; shift_x=&#8221;0&#8243; shift_y=&#8221;0&#8243; shift_y_down=&#8221;0&#8243; z_index=&#8221;0&#8243; medium_width=&#8221;0&#8243; mobile_width=&#8221;0&#8243; width=&#8221;1\/3&#8243;][vc_single_image media=&#8221;1199&#8243; media_width_percent=&#8221;100&#8243; alignment=&#8221;center&#8221;][\/vc_column_inner][\/vc_row_inner][vc_row_inner limit_content=&#8221;&#8221;][vc_column_inner width=&#8221;1\/1&#8243;][vc_separator sep_color=&#8221;color-gyho&#8221;][\/vc_column_inner][\/vc_row_inner][vc_row_inner row_inner_height_percent=&#8221;0&#8243; overlay_alpha=&#8221;50&#8243; gutter_size=&#8221;3&#8243; shift_y=&#8221;0&#8243; z_index=&#8221;0&#8243; limit_content=&#8221;&#8221;][vc_column_inner width=&#8221;1\/3&#8243;][vc_column_text uncode_shortcode_id=&#8221;935466&#8243;]<\/p>\n<h3>TEND T 600 HV<\/h3>\n<p><strong>30985<\/strong> | RAL 9006G<br \/>Druge barve po naro\u010dilu<\/p>\n<p>V: 680\u2013820 mm \/ \u0160: 734 mm<br \/>\u0160irina mizne plo\u0161\u010de: 800 mm<br \/>Nivelacija: 10 mm[\/vc_column_text][\/vc_column_inner][vc_column_inner column_width_percent=&#8221;100&#8243; align_horizontal=&#8221;align_center&#8221; gutter_size=&#8221;3&#8243; overlay_alpha=&#8221;50&#8243; shift_x=&#8221;0&#8243; shift_y=&#8221;0&#8243; shift_y_down=&#8221;0&#8243; z_index=&#8221;0&#8243; medium_width=&#8221;0&#8243; mobile_width=&#8221;0&#8243; width=&#8221;1\/3&#8243;][vc_single_image media=&#8221;1194&#8243; media_width_percent=&#8221;100&#8243;][\/vc_column_inner][vc_column_inner column_width_percent=&#8221;100&#8243; align_horizontal=&#8221;align_center&#8221; gutter_size=&#8221;3&#8243; overlay_alpha=&#8221;50&#8243; shift_x=&#8221;0&#8243; shift_y=&#8221;0&#8243; shift_y_down=&#8221;0&#8243; z_index=&#8221;0&#8243; medium_width=&#8221;0&#8243; mobile_width=&#8221;0&#8243; width=&#8221;1\/3&#8243;][vc_single_image media=&#8221;1195&#8243; media_width_percent=&#8221;100&#8243; alignment=&#8221;center&#8221;][\/vc_column_inner][\/vc_row_inner][vc_row_inner limit_content=&#8221;&#8221;][vc_column_inner width=&#8221;1\/1&#8243;][vc_separator sep_color=&#8221;color-gyho&#8221;][\/vc_column_inner][\/vc_row_inner][\/vc_column][\/vc_row]<\/p>\n<\/div>","protected":false},"excerpt":{"rendered":"<p>Centralne T-noge<br \/>\nFiksne in vi\u0161insko nastavljive noge z nivelacijo<\/p>\n","protected":false},"author":1,"featured_media":7221,"parent":1526,"menu_order":33,"comment_status":"closed","ping_status":"closed","template":"","meta":{"_acf_changed":false,"footnotes":""},"class_list":["post-1568","page","type-page","status-publish","has-post-thumbnail","hentry","usage-jedilnica-gostinstvo","usage-domaca-pisarna","usage-pisarna","usage-ucilnica","metal_profiles-pravokotna-cev","table_setup-kotna-postavitev","table_setup-enojno-delovno-mesto","table_setup-zaporedna-delovna-mesta","page_category-sistem-veznik"],"acf":[],"yoast_head":"<!-- This site is optimized with the Yoast SEO plugin v27.4 - https:\/\/yoast.com\/product\/yoast-seo-wordpress\/ -->\n<title>Sistem podno\u017eji za mize TEND - VOGA<\/title>\n<meta name=\"description\" content=\"Noge TEND so izdelane iz pravokotnih \u017eeleznih cevi. Steber je centralno vpet v nogo (T-noga). Na voljo so fiksne in po vi\u0161ini nastavljive noge.\" \/>\n<meta name=\"robots\" content=\"index, follow, max-snippet:-1, max-image-preview:large, max-video-preview:-1\" \/>\n<link rel=\"canonical\" href=\"https:\/\/voga.si\/sl\/sistem-veznik\/tend\/\" \/>\n<meta property=\"og:locale\" content=\"sl_SI\" \/>\n<meta property=\"og:type\" content=\"article\" \/>\n<meta property=\"og:title\" content=\"Sistem podno\u017eji za mize TEND - VOGA\" \/>\n<meta property=\"og:description\" content=\"Noge TEND so izdelane iz pravokotnih \u017eeleznih cevi. Steber je centralno vpet v nogo (T-noga). Na voljo so fiksne in po vi\u0161ini nastavljive noge.\" \/>\n<meta property=\"og:url\" content=\"https:\/\/voga.si\/sl\/sistem-veznik\/tend\/\" \/>\n<meta property=\"og:site_name\" content=\"VOGA\" \/>\n<meta property=\"article:publisher\" content=\"https:\/\/www.facebook.com\/voga.si\" \/>\n<meta property=\"article:modified_time\" content=\"2026-02-05T09:00:33+00:00\" \/>\n<meta property=\"og:image\" content=\"https:\/\/voga.si\/wp-content\/uploads\/2024\/01\/desk_bar_tend_1920x1080px_1.jpg\" \/>\n\t<meta property=\"og:image:width\" content=\"1920\" \/>\n\t<meta property=\"og:image:height\" content=\"1080\" \/>\n\t<meta property=\"og:image:type\" content=\"image\/jpeg\" \/>\n<meta name=\"twitter:card\" content=\"summary_large_image\" \/>\n<meta name=\"twitter:label1\" content=\"Est. reading time\" \/>\n\t<meta name=\"twitter:data1\" content=\"2 minuti\" \/>\n<script type=\"application\/ld+json\" class=\"yoast-schema-graph\">{\"@context\":\"https:\\\/\\\/schema.org\",\"@graph\":[{\"@type\":\"WebPage\",\"@id\":\"https:\\\/\\\/voga.si\\\/sl\\\/sistem-veznik\\\/tend\\\/\",\"url\":\"https:\\\/\\\/voga.si\\\/sl\\\/sistem-veznik\\\/tend\\\/\",\"name\":\"Sistem podno\u017eji za mize TEND - VOGA\",\"isPartOf\":{\"@id\":\"https:\\\/\\\/voga.si\\\/sl\\\/#website\"},\"primaryImageOfPage\":{\"@id\":\"https:\\\/\\\/voga.si\\\/sl\\\/sistem-veznik\\\/tend\\\/#primaryimage\"},\"image\":{\"@id\":\"https:\\\/\\\/voga.si\\\/sl\\\/sistem-veznik\\\/tend\\\/#primaryimage\"},\"thumbnailUrl\":\"https:\\\/\\\/voga.si\\\/wp-content\\\/uploads\\\/2024\\\/01\\\/desk_bar_tend_1920x1080px_1.jpg\",\"datePublished\":\"2020-09-17T11:41:29+00:00\",\"dateModified\":\"2026-02-05T09:00:33+00:00\",\"description\":\"Noge TEND so izdelane iz pravokotnih \u017eeleznih cevi. Steber je centralno vpet v nogo (T-noga). Na voljo so fiksne in po vi\u0161ini nastavljive noge.\",\"breadcrumb\":{\"@id\":\"https:\\\/\\\/voga.si\\\/sl\\\/sistem-veznik\\\/tend\\\/#breadcrumb\"},\"inLanguage\":\"sl-SI\",\"potentialAction\":[{\"@type\":\"ReadAction\",\"target\":[\"https:\\\/\\\/voga.si\\\/sl\\\/sistem-veznik\\\/tend\\\/\"]}]},{\"@type\":\"ImageObject\",\"inLanguage\":\"sl-SI\",\"@id\":\"https:\\\/\\\/voga.si\\\/sl\\\/sistem-veznik\\\/tend\\\/#primaryimage\",\"url\":\"https:\\\/\\\/voga.si\\\/wp-content\\\/uploads\\\/2024\\\/01\\\/desk_bar_tend_1920x1080px_1.jpg\",\"contentUrl\":\"https:\\\/\\\/voga.si\\\/wp-content\\\/uploads\\\/2024\\\/01\\\/desk_bar_tend_1920x1080px_1.jpg\",\"width\":1920,\"height\":1080,\"caption\":\"System DESK BAR \u2013 TEND\"},{\"@type\":\"BreadcrumbList\",\"@id\":\"https:\\\/\\\/voga.si\\\/sl\\\/sistem-veznik\\\/tend\\\/#breadcrumb\",\"itemListElement\":[{\"@type\":\"ListItem\",\"position\":1,\"name\":\"Home\",\"item\":\"https:\\\/\\\/voga.si\\\/sl\\\/\"},{\"@type\":\"ListItem\",\"position\":2,\"name\":\"Sistem VEZNIK\",\"item\":\"https:\\\/\\\/voga.si\\\/sl\\\/sistem-veznik\\\/\"},{\"@type\":\"ListItem\",\"position\":3,\"name\":\"TEND\"}]},{\"@type\":\"WebSite\",\"@id\":\"https:\\\/\\\/voga.si\\\/sl\\\/#website\",\"url\":\"https:\\\/\\\/voga.si\\\/sl\\\/\",\"name\":\"VOGA\",\"description\":\"Pametne pohi\u0161tvene re\u0161itve\",\"publisher\":{\"@id\":\"https:\\\/\\\/voga.si\\\/sl\\\/#organization\"},\"potentialAction\":[{\"@type\":\"SearchAction\",\"target\":{\"@type\":\"EntryPoint\",\"urlTemplate\":\"https:\\\/\\\/voga.si\\\/sl\\\/?s={search_term_string}\"},\"query-input\":{\"@type\":\"PropertyValueSpecification\",\"valueRequired\":true,\"valueName\":\"search_term_string\"}}],\"inLanguage\":\"sl-SI\"},{\"@type\":\"Organization\",\"@id\":\"https:\\\/\\\/voga.si\\\/sl\\\/#organization\",\"name\":\"VOGA\",\"url\":\"https:\\\/\\\/voga.si\\\/sl\\\/\",\"logo\":{\"@type\":\"ImageObject\",\"inLanguage\":\"sl-SI\",\"@id\":\"https:\\\/\\\/voga.si\\\/sl\\\/#\\\/schema\\\/logo\\\/image\\\/\",\"url\":\"https:\\\/\\\/voga.si\\\/wp-content\\\/uploads\\\/2024\\\/02\\\/voga_logo.svg\",\"contentUrl\":\"https:\\\/\\\/voga.si\\\/wp-content\\\/uploads\\\/2024\\\/02\\\/voga_logo.svg\",\"width\":\"236\",\"height\":\"44\",\"caption\":\"VOGA\"},\"image\":{\"@id\":\"https:\\\/\\\/voga.si\\\/sl\\\/#\\\/schema\\\/logo\\\/image\\\/\"},\"sameAs\":[\"https:\\\/\\\/www.facebook.com\\\/voga.si\",\"https:\\\/\\\/www.instagram.com\\\/voga_si\\\/\",\"https:\\\/\\\/www.pinterest.com\\\/voga_si\\\/\",\"https:\\\/\\\/www.youtube.com\\\/channel\\\/UC8lMOZlkkox_ANm0CEV6IiQ\\\/\"]}]}<\/script>\n<!-- \/ Yoast SEO plugin. -->","yoast_head_json":{"title":"Sistem podno\u017eji za mize TEND - VOGA","description":"Noge TEND so izdelane iz pravokotnih \u017eeleznih cevi. Steber je centralno vpet v nogo (T-noga). Na voljo so fiksne in po vi\u0161ini nastavljive noge.","robots":{"index":"index","follow":"follow","max-snippet":"max-snippet:-1","max-image-preview":"max-image-preview:large","max-video-preview":"max-video-preview:-1"},"canonical":"https:\/\/voga.si\/sl\/sistem-veznik\/tend\/","og_locale":"sl_SI","og_type":"article","og_title":"Sistem podno\u017eji za mize TEND - VOGA","og_description":"Noge TEND so izdelane iz pravokotnih \u017eeleznih cevi. Steber je centralno vpet v nogo (T-noga). Na voljo so fiksne in po vi\u0161ini nastavljive noge.","og_url":"https:\/\/voga.si\/sl\/sistem-veznik\/tend\/","og_site_name":"VOGA","article_publisher":"https:\/\/www.facebook.com\/voga.si","article_modified_time":"2026-02-05T09:00:33+00:00","og_image":[{"width":1920,"height":1080,"url":"https:\/\/voga.si\/wp-content\/uploads\/2024\/01\/desk_bar_tend_1920x1080px_1.jpg","type":"image\/jpeg"}],"twitter_card":"summary_large_image","twitter_misc":{"Est. reading time":"2 minuti"},"schema":{"@context":"https:\/\/schema.org","@graph":[{"@type":"WebPage","@id":"https:\/\/voga.si\/sl\/sistem-veznik\/tend\/","url":"https:\/\/voga.si\/sl\/sistem-veznik\/tend\/","name":"Sistem podno\u017eji za mize TEND - VOGA","isPartOf":{"@id":"https:\/\/voga.si\/sl\/#website"},"primaryImageOfPage":{"@id":"https:\/\/voga.si\/sl\/sistem-veznik\/tend\/#primaryimage"},"image":{"@id":"https:\/\/voga.si\/sl\/sistem-veznik\/tend\/#primaryimage"},"thumbnailUrl":"https:\/\/voga.si\/wp-content\/uploads\/2024\/01\/desk_bar_tend_1920x1080px_1.jpg","datePublished":"2020-09-17T11:41:29+00:00","dateModified":"2026-02-05T09:00:33+00:00","description":"Noge TEND so izdelane iz pravokotnih \u017eeleznih cevi. Steber je centralno vpet v nogo (T-noga). Na voljo so fiksne in po vi\u0161ini nastavljive noge.","breadcrumb":{"@id":"https:\/\/voga.si\/sl\/sistem-veznik\/tend\/#breadcrumb"},"inLanguage":"sl-SI","potentialAction":[{"@type":"ReadAction","target":["https:\/\/voga.si\/sl\/sistem-veznik\/tend\/"]}]},{"@type":"ImageObject","inLanguage":"sl-SI","@id":"https:\/\/voga.si\/sl\/sistem-veznik\/tend\/#primaryimage","url":"https:\/\/voga.si\/wp-content\/uploads\/2024\/01\/desk_bar_tend_1920x1080px_1.jpg","contentUrl":"https:\/\/voga.si\/wp-content\/uploads\/2024\/01\/desk_bar_tend_1920x1080px_1.jpg","width":1920,"height":1080,"caption":"System DESK BAR \u2013 TEND"},{"@type":"BreadcrumbList","@id":"https:\/\/voga.si\/sl\/sistem-veznik\/tend\/#breadcrumb","itemListElement":[{"@type":"ListItem","position":1,"name":"Home","item":"https:\/\/voga.si\/sl\/"},{"@type":"ListItem","position":2,"name":"Sistem VEZNIK","item":"https:\/\/voga.si\/sl\/sistem-veznik\/"},{"@type":"ListItem","position":3,"name":"TEND"}]},{"@type":"WebSite","@id":"https:\/\/voga.si\/sl\/#website","url":"https:\/\/voga.si\/sl\/","name":"VOGA","description":"Pametne pohi\u0161tvene re\u0161itve","publisher":{"@id":"https:\/\/voga.si\/sl\/#organization"},"potentialAction":[{"@type":"SearchAction","target":{"@type":"EntryPoint","urlTemplate":"https:\/\/voga.si\/sl\/?s={search_term_string}"},"query-input":{"@type":"PropertyValueSpecification","valueRequired":true,"valueName":"search_term_string"}}],"inLanguage":"sl-SI"},{"@type":"Organization","@id":"https:\/\/voga.si\/sl\/#organization","name":"VOGA","url":"https:\/\/voga.si\/sl\/","logo":{"@type":"ImageObject","inLanguage":"sl-SI","@id":"https:\/\/voga.si\/sl\/#\/schema\/logo\/image\/","url":"https:\/\/voga.si\/wp-content\/uploads\/2024\/02\/voga_logo.svg","contentUrl":"https:\/\/voga.si\/wp-content\/uploads\/2024\/02\/voga_logo.svg","width":"236","height":"44","caption":"VOGA"},"image":{"@id":"https:\/\/voga.si\/sl\/#\/schema\/logo\/image\/"},"sameAs":["https:\/\/www.facebook.com\/voga.si","https:\/\/www.instagram.com\/voga_si\/","https:\/\/www.pinterest.com\/voga_si\/","https:\/\/www.youtube.com\/channel\/UC8lMOZlkkox_ANm0CEV6IiQ\/"]}]}},"_links":{"self":[{"href":"https:\/\/voga.si\/sl\/wp-json\/wp\/v2\/pages\/1568","targetHints":{"allow":["GET"]}}],"collection":[{"href":"https:\/\/voga.si\/sl\/wp-json\/wp\/v2\/pages"}],"about":[{"href":"https:\/\/voga.si\/sl\/wp-json\/wp\/v2\/types\/page"}],"author":[{"embeddable":true,"href":"https:\/\/voga.si\/sl\/wp-json\/wp\/v2\/users\/1"}],"replies":[{"embeddable":true,"href":"https:\/\/voga.si\/sl\/wp-json\/wp\/v2\/comments?post=1568"}],"version-history":[{"count":41,"href":"https:\/\/voga.si\/sl\/wp-json\/wp\/v2\/pages\/1568\/revisions"}],"predecessor-version":[{"id":11349,"href":"https:\/\/voga.si\/sl\/wp-json\/wp\/v2\/pages\/1568\/revisions\/11349"}],"up":[{"embeddable":true,"href":"https:\/\/voga.si\/sl\/wp-json\/wp\/v2\/pages\/1526"}],"wp:featuredmedia":[{"embeddable":true,"href":"https:\/\/voga.si\/sl\/wp-json\/wp\/v2\/media\/7221"}],"wp:attachment":[{"href":"https:\/\/voga.si\/sl\/wp-json\/wp\/v2\/media?parent=1568"}],"curies":[{"name":"wp","href":"https:\/\/api.w.org\/{rel}","templated":true}]}}