{"id":10524,"date":"2025-11-27T11:51:37","date_gmt":"2025-11-27T10:51:37","guid":{"rendered":"https:\/\/voga.si\/sistem-exta\/"},"modified":"2026-02-16T10:08:57","modified_gmt":"2026-02-16T09:08:57","slug":"sistem-exta","status":"publish","type":"page","link":"https:\/\/voga.si\/sl\/sistem-exta\/","title":{"rendered":"Sistem EXTA"},"content":{"rendered":"<div class=\"wpb-content-wrapper\"><p>[vc_row unlock_row_content=&#8221;yes&#8221; row_height_percent=&#8221;0&#8243; override_padding=&#8221;yes&#8221; h_padding=&#8221;0&#8243; top_padding=&#8221;0&#8243; bottom_padding=&#8221;0&#8243; back_color=&#8221;color-prif&#8221; overlay_alpha=&#8221;50&#8243; equal_height=&#8221;yes&#8221; gutter_size=&#8221;3&#8243; column_width_percent=&#8221;100&#8243; shift_y=&#8221;0&#8243; z_index=&#8221;0&#8243; uncode_shortcode_id=&#8221;850127&#8243; back_color_type=&#8221;uncode-palette&#8221;][vc_column column_width_percent=&#8221;100&#8243; gutter_size=&#8221;2&#8243; override_padding=&#8221;yes&#8221; column_padding=&#8221;4&#8243; style=&#8221;dark&#8221; overlay_alpha=&#8221;50&#8243; shift_x=&#8221;0&#8243; shift_y=&#8221;0&#8243; shift_y_down=&#8221;0&#8243; z_index=&#8221;0&#8243; medium_width=&#8221;0&#8243; mobile_width=&#8221;0&#8243; width=&#8221;1\/2&#8243; uncode_shortcode_id=&#8221;123911&#8243;][vc_custom_heading text_color=&#8221;accent&#8221; heading_semantic=&#8221;h1&#8243; text_size=&#8221;h1&#8243; text_transform=&#8221;uppercase&#8221; uncode_shortcode_id=&#8221;139883&#8243; text_color_type=&#8221;uncode-palette&#8221;]Sistem EXTA[\/vc_custom_heading][vc_column_text uncode_shortcode_id=&#8221;189903&#8243;]Sistem EXTA je na\u0161e prvo razstegljivo podno\u017eje, ki z enostavno re\u0161itvijo na\u0161ih cevastih vodil ponuja ekonomi\u010dno in trajno podno\u017eje razstegljive mize. Veliko stabilnost podno\u017eja omogo\u010da na\u0161 patentiran na\u010din vpenjanja. Konstrukcija je sestavljena iz dveh nog in dveh parov razstegljivih vzdol\u017enikov. To podno\u017eje omogo\u010da tudi uporabo tanj\u0161ih miznih plo\u0161\u010d, saj podmizna konstrukcija nudi zadostno oporo.[\/vc_column_text][vc_column_text text_lead=&#8221;small&#8221; uncode_shortcode_id=&#8221;510576&#8243; el_class=&#8221;voga-system-config-table&#8221;]<\/p>\n<table>\n<tbody>\n<tr>\n<th colspan=\"2\">Konfiguracija mizne plo\u0161\u010de<\/th>\n<\/tr>\n<tr>\n<td>\u0160irina<\/td>\n<td>900 mm<\/td>\n<\/tr>\n<tr>\n<td>Dol\u017eina<\/td>\n<td>1400 ali 1900 mm<\/td>\n<\/tr>\n<tr>\n<td>Debelina<\/td>\n<td>12\u201325 mm<\/td>\n<\/tr>\n<tr>\n<td>Najve\u010dja te\u017ea<\/td>\n<td>25 kg\/m<sup>2<\/sup><\/td>\n<\/tr>\n<tr>\n<td>Najve\u010dja obremenitev<\/td>\n<td>do 150 kg\/m<sup>2<\/sup><\/td>\n<\/tr>\n<\/tbody>\n<\/table>\n<p>[\/vc_column_text][\/vc_column][vc_column column_width_percent=&#8221;100&#8243; position_vertical=&#8221;bottom&#8221; gutter_size=&#8221;3&#8243; override_padding=&#8221;yes&#8221; column_padding=&#8221;0&#8243; back_color=&#8221;color-lxmt&#8221; overlay_alpha=&#8221;50&#8243; shift_x=&#8221;0&#8243; shift_y=&#8221;0&#8243; shift_y_down=&#8221;0&#8243; z_index=&#8221;0&#8243; medium_width=&#8221;0&#8243; mobile_width=&#8221;0&#8243; width=&#8221;1\/2&#8243; uncode_shortcode_id=&#8221;592396&#8243; back_color_type=&#8221;uncode-palette&#8221;][vc_single_image media=&#8221;10577&#8243; media_width_percent=&#8221;100&#8243; advanced_videos=&#8221;yes&#8221; mobile_videos=&#8221;autoplay&#8221; uncode_shortcode_id=&#8221;579988&#8243;][\/vc_column][\/vc_row][vc_row row_height_percent=&#8221;0&#8243; override_padding=&#8221;yes&#8221; h_padding=&#8221;2&#8243; top_padding=&#8221;2&#8243; bottom_padding=&#8221;3&#8243; overlay_alpha=&#8221;50&#8243; equal_height=&#8221;yes&#8221; gutter_size=&#8221;3&#8243; column_width_percent=&#8221;100&#8243; shift_y=&#8221;0&#8243; z_index=&#8221;0&#8243; content_parallax=&#8221;0&#8243; uncode_shortcode_id=&#8221;181087&#8243;][vc_column column_width_percent=&#8221;100&#8243; align_horizontal=&#8221;align_center&#8221; gutter_size=&#8221;3&#8243; overlay_alpha=&#8221;50&#8243; shift_x=&#8221;0&#8243; shift_y=&#8221;0&#8243; shift_y_down=&#8221;0&#8243; z_index=&#8221;0&#8243; medium_width=&#8221;0&#8243; mobile_width=&#8221;0&#8243; width=&#8221;1\/1&#8243;][uncode_index el_id=&#8221;index-177532&#8243; isotope_mode=&#8221;fitRows&#8221; loop=&#8221;size:All|order_by:menu_order|order:ASC|post_type:page|tax_query:172|taxonomy_count:10&#8243; screen_lg=&#8221;1000&#8243; screen_md=&#8221;600&#8243; screen_sm=&#8221;480&#8243; gutter_size=&#8221;3&#8243; page_items=&#8221;media|featured|onpost|original,icon|md,title,sep-one|full,text|excerpt&#8221; single_width=&#8221;6&#8243; images_size=&#8221;sixteen-nine&#8221; single_back_color=&#8221;color-xsdn&#8221; single_overlay_color=&#8221;color-jevc&#8221; single_overlay_opacity=&#8221;50&#8243; single_secondary=&#8221;yes&#8221; single_h_align=&#8221;center&#8221; single_padding=&#8221;2&#8243; single_text_reduced=&#8221;yes&#8221; single_title_semantic=&#8221;h2&#8243; single_title_dimension=&#8221;h2&#8243; single_title_transform=&#8221;uppercase&#8221; single_shadow=&#8221;yes&#8221; single_css_animation=&#8221;bottom-t-top&#8221; single_animation_delay=&#8221;200&#8243; single_icon=&#8221;fa fa-plus2&#8243; uncode_shortcode_id=&#8221;292703&#8243;][\/vc_column][\/vc_row]<\/p>\n<\/div>","protected":false},"excerpt":{"rendered":"<p>Konstrukcija je sestavljena iz dveh nog in dveh parov razstegljivih vzdol\u017enikov. To podno\u017eje omogo\u010da tudi uporabo tanj\u0161ih miznih plo\u0161\u010d, saj konstrukcija nudi zadostno oporo.<\/p>\n","protected":false},"author":2,"featured_media":10477,"parent":0,"menu_order":9,"comment_status":"closed","ping_status":"closed","template":"","meta":{"_acf_changed":false,"footnotes":""},"class_list":["post-10524","page","type-page","status-publish","has-post-thumbnail","hentry","page_category-sistem-voga"],"acf":[],"yoast_head":"<!-- This site is optimized with the Yoast SEO plugin v27.5 - https:\/\/yoast.com\/product\/yoast-seo-wordpress\/ -->\n<title>Sistem podno\u017eji za mize EXTA - VOGA<\/title>\n<meta name=\"description\" content=\"Sistem EXTA je na\u0161e prvo razstegljivo mizno podno\u017eje, ki z enostavno re\u0161itvijo na\u0161ih cevastih vodil ponuja ekonomi\u010dno in trajno podno\u017eje razstegljive mize.\" \/>\n<meta name=\"robots\" content=\"index, follow, max-snippet:-1, max-image-preview:large, max-video-preview:-1\" \/>\n<link rel=\"canonical\" href=\"https:\/\/voga.si\/sl\/sistem-exta\/\" \/>\n<meta property=\"og:locale\" content=\"sl_SI\" \/>\n<meta property=\"og:type\" content=\"article\" \/>\n<meta property=\"og:title\" content=\"Sistem podno\u017eji za mize EXTA - VOGA\" \/>\n<meta property=\"og:description\" content=\"Sistem EXTA je na\u0161e prvo razstegljivo mizno podno\u017eje, ki z enostavno re\u0161itvijo na\u0161ih cevastih vodil ponuja ekonomi\u010dno in trajno podno\u017eje razstegljive mize.\" \/>\n<meta property=\"og:url\" content=\"https:\/\/voga.si\/sl\/sistem-exta\/\" \/>\n<meta property=\"og:site_name\" content=\"VOGA\" \/>\n<meta property=\"article:publisher\" content=\"https:\/\/www.facebook.com\/voga.si\" \/>\n<meta property=\"article:modified_time\" content=\"2026-02-16T09:08:57+00:00\" \/>\n<meta property=\"og:image\" content=\"https:\/\/voga.si\/wp-content\/uploads\/2025\/11\/flex900_image_1260x709px_2.jpg\" \/>\n\t<meta property=\"og:image:width\" content=\"1260\" \/>\n\t<meta property=\"og:image:height\" content=\"709\" \/>\n\t<meta property=\"og:image:type\" content=\"image\/jpeg\" \/>\n<meta name=\"twitter:card\" content=\"summary_large_image\" \/>\n<meta name=\"twitter:label1\" content=\"Est. reading time\" \/>\n\t<meta name=\"twitter:data1\" content=\"2 minuti\" \/>\n<script type=\"application\/ld+json\" class=\"yoast-schema-graph\">{\"@context\":\"https:\\\/\\\/schema.org\",\"@graph\":[{\"@type\":\"WebPage\",\"@id\":\"https:\\\/\\\/voga.si\\\/sl\\\/sistem-exta\\\/\",\"url\":\"https:\\\/\\\/voga.si\\\/sl\\\/sistem-exta\\\/\",\"name\":\"Sistem podno\u017eji za mize EXTA - VOGA\",\"isPartOf\":{\"@id\":\"https:\\\/\\\/voga.si\\\/sl\\\/#website\"},\"primaryImageOfPage\":{\"@id\":\"https:\\\/\\\/voga.si\\\/sl\\\/sistem-exta\\\/#primaryimage\"},\"image\":{\"@id\":\"https:\\\/\\\/voga.si\\\/sl\\\/sistem-exta\\\/#primaryimage\"},\"thumbnailUrl\":\"https:\\\/\\\/voga.si\\\/wp-content\\\/uploads\\\/2025\\\/11\\\/flex900_image_1260x709px_2.jpg\",\"datePublished\":\"2025-11-27T10:51:37+00:00\",\"dateModified\":\"2026-02-16T09:08:57+00:00\",\"description\":\"Sistem EXTA je na\u0161e prvo razstegljivo mizno podno\u017eje, ki z enostavno re\u0161itvijo na\u0161ih cevastih vodil ponuja ekonomi\u010dno in trajno podno\u017eje razstegljive mize.\",\"breadcrumb\":{\"@id\":\"https:\\\/\\\/voga.si\\\/sl\\\/sistem-exta\\\/#breadcrumb\"},\"inLanguage\":\"sl-SI\",\"potentialAction\":[{\"@type\":\"ReadAction\",\"target\":[\"https:\\\/\\\/voga.si\\\/sl\\\/sistem-exta\\\/\"]}]},{\"@type\":\"ImageObject\",\"inLanguage\":\"sl-SI\",\"@id\":\"https:\\\/\\\/voga.si\\\/sl\\\/sistem-exta\\\/#primaryimage\",\"url\":\"https:\\\/\\\/voga.si\\\/wp-content\\\/uploads\\\/2025\\\/11\\\/flex900_image_1260x709px_2.jpg\",\"contentUrl\":\"https:\\\/\\\/voga.si\\\/wp-content\\\/uploads\\\/2025\\\/11\\\/flex900_image_1260x709px_2.jpg\",\"width\":1260,\"height\":709,\"caption\":\"Sistem EXTA \u2013 FLEX 900\"},{\"@type\":\"BreadcrumbList\",\"@id\":\"https:\\\/\\\/voga.si\\\/sl\\\/sistem-exta\\\/#breadcrumb\",\"itemListElement\":[{\"@type\":\"ListItem\",\"position\":1,\"name\":\"Home\",\"item\":\"https:\\\/\\\/voga.si\\\/sl\\\/\"},{\"@type\":\"ListItem\",\"position\":2,\"name\":\"Sistem EXTA\"}]},{\"@type\":\"WebSite\",\"@id\":\"https:\\\/\\\/voga.si\\\/sl\\\/#website\",\"url\":\"https:\\\/\\\/voga.si\\\/sl\\\/\",\"name\":\"VOGA\",\"description\":\"Pametne pohi\u0161tvene re\u0161itve\",\"publisher\":{\"@id\":\"https:\\\/\\\/voga.si\\\/sl\\\/#organization\"},\"potentialAction\":[{\"@type\":\"SearchAction\",\"target\":{\"@type\":\"EntryPoint\",\"urlTemplate\":\"https:\\\/\\\/voga.si\\\/sl\\\/?s={search_term_string}\"},\"query-input\":{\"@type\":\"PropertyValueSpecification\",\"valueRequired\":true,\"valueName\":\"search_term_string\"}}],\"inLanguage\":\"sl-SI\"},{\"@type\":\"Organization\",\"@id\":\"https:\\\/\\\/voga.si\\\/sl\\\/#organization\",\"name\":\"VOGA\",\"url\":\"https:\\\/\\\/voga.si\\\/sl\\\/\",\"logo\":{\"@type\":\"ImageObject\",\"inLanguage\":\"sl-SI\",\"@id\":\"https:\\\/\\\/voga.si\\\/sl\\\/#\\\/schema\\\/logo\\\/image\\\/\",\"url\":\"https:\\\/\\\/voga.si\\\/wp-content\\\/uploads\\\/2024\\\/02\\\/voga_logo.svg\",\"contentUrl\":\"https:\\\/\\\/voga.si\\\/wp-content\\\/uploads\\\/2024\\\/02\\\/voga_logo.svg\",\"width\":\"236\",\"height\":\"44\",\"caption\":\"VOGA\"},\"image\":{\"@id\":\"https:\\\/\\\/voga.si\\\/sl\\\/#\\\/schema\\\/logo\\\/image\\\/\"},\"sameAs\":[\"https:\\\/\\\/www.facebook.com\\\/voga.si\",\"https:\\\/\\\/www.instagram.com\\\/voga_si\\\/\",\"https:\\\/\\\/www.pinterest.com\\\/voga_si\\\/\",\"https:\\\/\\\/www.youtube.com\\\/channel\\\/UC8lMOZlkkox_ANm0CEV6IiQ\\\/\"]}]}<\/script>\n<!-- \/ Yoast SEO plugin. -->","yoast_head_json":{"title":"Sistem podno\u017eji za mize EXTA - VOGA","description":"Sistem EXTA je na\u0161e prvo razstegljivo mizno podno\u017eje, ki z enostavno re\u0161itvijo na\u0161ih cevastih vodil ponuja ekonomi\u010dno in trajno podno\u017eje razstegljive mize.","robots":{"index":"index","follow":"follow","max-snippet":"max-snippet:-1","max-image-preview":"max-image-preview:large","max-video-preview":"max-video-preview:-1"},"canonical":"https:\/\/voga.si\/sl\/sistem-exta\/","og_locale":"sl_SI","og_type":"article","og_title":"Sistem podno\u017eji za mize EXTA - VOGA","og_description":"Sistem EXTA je na\u0161e prvo razstegljivo mizno podno\u017eje, ki z enostavno re\u0161itvijo na\u0161ih cevastih vodil ponuja ekonomi\u010dno in trajno podno\u017eje razstegljive mize.","og_url":"https:\/\/voga.si\/sl\/sistem-exta\/","og_site_name":"VOGA","article_publisher":"https:\/\/www.facebook.com\/voga.si","article_modified_time":"2026-02-16T09:08:57+00:00","og_image":[{"width":1260,"height":709,"url":"https:\/\/voga.si\/wp-content\/uploads\/2025\/11\/flex900_image_1260x709px_2.jpg","type":"image\/jpeg"}],"twitter_card":"summary_large_image","twitter_misc":{"Est. reading time":"2 minuti"},"schema":{"@context":"https:\/\/schema.org","@graph":[{"@type":"WebPage","@id":"https:\/\/voga.si\/sl\/sistem-exta\/","url":"https:\/\/voga.si\/sl\/sistem-exta\/","name":"Sistem podno\u017eji za mize EXTA - VOGA","isPartOf":{"@id":"https:\/\/voga.si\/sl\/#website"},"primaryImageOfPage":{"@id":"https:\/\/voga.si\/sl\/sistem-exta\/#primaryimage"},"image":{"@id":"https:\/\/voga.si\/sl\/sistem-exta\/#primaryimage"},"thumbnailUrl":"https:\/\/voga.si\/wp-content\/uploads\/2025\/11\/flex900_image_1260x709px_2.jpg","datePublished":"2025-11-27T10:51:37+00:00","dateModified":"2026-02-16T09:08:57+00:00","description":"Sistem EXTA je na\u0161e prvo razstegljivo mizno podno\u017eje, ki z enostavno re\u0161itvijo na\u0161ih cevastih vodil ponuja ekonomi\u010dno in trajno podno\u017eje razstegljive mize.","breadcrumb":{"@id":"https:\/\/voga.si\/sl\/sistem-exta\/#breadcrumb"},"inLanguage":"sl-SI","potentialAction":[{"@type":"ReadAction","target":["https:\/\/voga.si\/sl\/sistem-exta\/"]}]},{"@type":"ImageObject","inLanguage":"sl-SI","@id":"https:\/\/voga.si\/sl\/sistem-exta\/#primaryimage","url":"https:\/\/voga.si\/wp-content\/uploads\/2025\/11\/flex900_image_1260x709px_2.jpg","contentUrl":"https:\/\/voga.si\/wp-content\/uploads\/2025\/11\/flex900_image_1260x709px_2.jpg","width":1260,"height":709,"caption":"Sistem EXTA \u2013 FLEX 900"},{"@type":"BreadcrumbList","@id":"https:\/\/voga.si\/sl\/sistem-exta\/#breadcrumb","itemListElement":[{"@type":"ListItem","position":1,"name":"Home","item":"https:\/\/voga.si\/sl\/"},{"@type":"ListItem","position":2,"name":"Sistem EXTA"}]},{"@type":"WebSite","@id":"https:\/\/voga.si\/sl\/#website","url":"https:\/\/voga.si\/sl\/","name":"VOGA","description":"Pametne pohi\u0161tvene re\u0161itve","publisher":{"@id":"https:\/\/voga.si\/sl\/#organization"},"potentialAction":[{"@type":"SearchAction","target":{"@type":"EntryPoint","urlTemplate":"https:\/\/voga.si\/sl\/?s={search_term_string}"},"query-input":{"@type":"PropertyValueSpecification","valueRequired":true,"valueName":"search_term_string"}}],"inLanguage":"sl-SI"},{"@type":"Organization","@id":"https:\/\/voga.si\/sl\/#organization","name":"VOGA","url":"https:\/\/voga.si\/sl\/","logo":{"@type":"ImageObject","inLanguage":"sl-SI","@id":"https:\/\/voga.si\/sl\/#\/schema\/logo\/image\/","url":"https:\/\/voga.si\/wp-content\/uploads\/2024\/02\/voga_logo.svg","contentUrl":"https:\/\/voga.si\/wp-content\/uploads\/2024\/02\/voga_logo.svg","width":"236","height":"44","caption":"VOGA"},"image":{"@id":"https:\/\/voga.si\/sl\/#\/schema\/logo\/image\/"},"sameAs":["https:\/\/www.facebook.com\/voga.si","https:\/\/www.instagram.com\/voga_si\/","https:\/\/www.pinterest.com\/voga_si\/","https:\/\/www.youtube.com\/channel\/UC8lMOZlkkox_ANm0CEV6IiQ\/"]}]}},"_links":{"self":[{"href":"https:\/\/voga.si\/sl\/wp-json\/wp\/v2\/pages\/10524","targetHints":{"allow":["GET"]}}],"collection":[{"href":"https:\/\/voga.si\/sl\/wp-json\/wp\/v2\/pages"}],"about":[{"href":"https:\/\/voga.si\/sl\/wp-json\/wp\/v2\/types\/page"}],"author":[{"embeddable":true,"href":"https:\/\/voga.si\/sl\/wp-json\/wp\/v2\/users\/2"}],"replies":[{"embeddable":true,"href":"https:\/\/voga.si\/sl\/wp-json\/wp\/v2\/comments?post=10524"}],"version-history":[{"count":35,"href":"https:\/\/voga.si\/sl\/wp-json\/wp\/v2\/pages\/10524\/revisions"}],"predecessor-version":[{"id":11668,"href":"https:\/\/voga.si\/sl\/wp-json\/wp\/v2\/pages\/10524\/revisions\/11668"}],"wp:featuredmedia":[{"embeddable":true,"href":"https:\/\/voga.si\/sl\/wp-json\/wp\/v2\/media\/10477"}],"wp:attachment":[{"href":"https:\/\/voga.si\/sl\/wp-json\/wp\/v2\/media?parent=10524"}],"curies":[{"name":"wp","href":"https:\/\/api.w.org\/{rel}","templated":true}]}}