{"id":10520,"date":"2025-11-27T11:47:45","date_gmt":"2025-11-27T10:47:45","guid":{"rendered":"https:\/\/voga.si\/flex-900\/"},"modified":"2026-01-15T10:22:02","modified_gmt":"2026-01-15T09:22:02","slug":"flex-900","status":"publish","type":"page","link":"https:\/\/voga.si\/sl\/sistem-exta\/flex-900\/","title":{"rendered":"FLEX 900"},"content":{"rendered":"<div class=\"wpb-content-wrapper\"><p>[vc_row unlock_row_content=&#8221;yes&#8221; row_height_percent=&#8221;50&#8243; override_padding=&#8221;yes&#8221; h_padding=&#8221;0&#8243; top_padding=&#8221;0&#8243; bottom_padding=&#8221;0&#8243; back_color=&#8221;color-prif&#8221; overlay_alpha=&#8221;50&#8243; equal_height=&#8221;yes&#8221; gutter_size=&#8221;3&#8243; column_width_percent=&#8221;100&#8243; shift_y=&#8221;0&#8243; z_index=&#8221;0&#8243;][vc_column column_width_percent=&#8221;100&#8243; position_vertical=&#8221;middle&#8221; gutter_size=&#8221;2&#8243; override_padding=&#8221;yes&#8221; column_padding=&#8221;4&#8243; style=&#8221;dark&#8221; overlay_alpha=&#8221;50&#8243; shift_x=&#8221;0&#8243; shift_y=&#8221;0&#8243; shift_y_down=&#8221;0&#8243; z_index=&#8221;0&#8243; medium_width=&#8221;0&#8243; mobile_width=&#8221;0&#8243; width=&#8221;1\/3&#8243;][vc_custom_heading text_color=&#8221;accent&#8221; heading_semantic=&#8221;h1&#8243; text_size=&#8221;h1&#8243; uncode_shortcode_id=&#8221;102073&#8243; text_color_type=&#8221;uncode-palette&#8221;]FLEX 900[\/vc_custom_heading][vc_column_text uncode_shortcode_id=&#8221;202433&#8243;]Noge FLEX so estetske in trdne, narejene iz kovinskih cevi kvadratnega in pravokotnega preseka, brez vidnih varov. Opremljene so z nivelacijo. Kovinske noge FLEX so pra\u0161no lakirane in pakirane po 2 kosa na na\u010din VOGA smart packaging. Noge so zasnovane tako, da omogo\u010dajo enostavno monta\u017eo s patentiranim konusom, ki omogo\u010da maksimalno trdno konstrukcijo.[\/vc_column_text][vc_button size=&#8221;btn-sm&#8221; outline=&#8221;yes&#8221; border_width=&#8221;0&#8243; icon=&#8221;fa fa-chevron-left2&#8243; link=&#8221;url:https%3A%2F%2Fvoga.si%2Fsl%2Fsistem-exta%2F|title:Sistem%20EXTA|&#8221; uncode_shortcode_id=&#8221;416039&#8243;]Nazaj na sistem EXTA[\/vc_button][\/vc_column][vc_column column_width_percent=&#8221;100&#8243; gutter_size=&#8221;3&#8243; back_image=&#8221;10477&#8243; back_position=&#8221;center bottom&#8221; overlay_alpha=&#8221;50&#8243; shift_x=&#8221;0&#8243; shift_y=&#8221;0&#8243; shift_y_down=&#8221;0&#8243; z_index=&#8221;0&#8243; medium_width=&#8221;0&#8243; mobile_width=&#8221;0&#8243; width=&#8221;2\/3&#8243; mobile_height=&#8221;350&#8243; uncode_shortcode_id=&#8221;179601&#8243;][\/vc_column][\/vc_row][vc_row][vc_column width=&#8221;1\/1&#8243;][uncode_block id=&#8221;5729&#8243;][\/vc_column][\/vc_row][vc_row row_height_percent=&#8221;0&#8243; override_padding=&#8221;yes&#8221; h_padding=&#8221;2&#8243; top_padding=&#8221;3&#8243; bottom_padding=&#8221;2&#8243; overlay_alpha=&#8221;50&#8243; gutter_size=&#8221;3&#8243; column_width_percent=&#8221;100&#8243; shift_y=&#8221;0&#8243; z_index=&#8221;0&#8243; el_class=&#8221;parts_list&#8221; uncode_shortcode_id=&#8221;203160&#8243;][vc_column column_width_percent=&#8221;100&#8243; align_horizontal=&#8221;align_center&#8221; gutter_size=&#8221;3&#8243; overlay_alpha=&#8221;50&#8243; shift_x=&#8221;0&#8243; shift_y=&#8221;0&#8243; shift_y_down=&#8221;0&#8243; z_index=&#8221;0&#8243; medium_width=&#8221;0&#8243; align_mobile=&#8221;align_center_mobile&#8221; mobile_width=&#8221;0&#8243; width=&#8221;1\/1&#8243;][vc_custom_heading text_color=&#8221;color-wvjs&#8221; text_size=&#8221;h6&#8243; text_weight=&#8221;500&#8243; text_space=&#8221;fontspace-121210&#8243; separator_color=&#8221;yes&#8221; separator=&#8221;under&#8221; sub_reduced=&#8221;yes&#8221;]RAZPOLO\u017dLJIVE VELIKOSTI NOG[\/vc_custom_heading][vc_separator sep_color=&#8221;color-gyho&#8221;][vc_row_inner row_inner_height_percent=&#8221;0&#8243; overlay_alpha=&#8221;50&#8243; gutter_size=&#8221;3&#8243; shift_y=&#8221;0&#8243; z_index=&#8221;0&#8243; limit_content=&#8221;&#8221;][vc_column_inner width=&#8221;1\/3&#8243;][vc_column_text uncode_shortcode_id=&#8221;355258&#8243;]<\/p>\n<h3>FLEX 900<\/h3>\n<p><strong>21309<\/strong> | RAL 9005FE<br \/>Druge barve po naro\u010dilu<\/p>\n<p>V: 725 mm \/ \u0160: 894 mm<br \/>\u0160irina mizne plo\u0161\u010de: 900 mm<br \/>Nivelacija: 15 mm[\/vc_column_text][\/vc_column_inner][vc_column_inner column_width_percent=&#8221;100&#8243; align_horizontal=&#8221;align_center&#8221; gutter_size=&#8221;3&#8243; overlay_alpha=&#8221;50&#8243; shift_x=&#8221;0&#8243; shift_y=&#8221;0&#8243; shift_y_down=&#8221;0&#8243; z_index=&#8221;0&#8243; medium_width=&#8221;0&#8243; mobile_width=&#8221;0&#8243; width=&#8221;1\/3&#8243;][vc_single_image media=&#8221;10561&#8243; media_width_percent=&#8221;100&#8243; alignment=&#8221;center&#8221; uncode_shortcode_id=&#8221;175072&#8243;][\/vc_column_inner][vc_column_inner column_width_percent=&#8221;100&#8243; align_horizontal=&#8221;align_center&#8221; gutter_size=&#8221;3&#8243; overlay_alpha=&#8221;50&#8243; shift_x=&#8221;0&#8243; shift_y=&#8221;0&#8243; shift_y_down=&#8221;0&#8243; z_index=&#8221;0&#8243; medium_width=&#8221;0&#8243; mobile_width=&#8221;0&#8243; width=&#8221;1\/3&#8243;][vc_single_image media=&#8221;10559&#8243; media_width_percent=&#8221;100&#8243; alignment=&#8221;center&#8221; uncode_shortcode_id=&#8221;614881&#8243;][\/vc_column_inner][\/vc_row_inner][vc_row_inner limit_content=&#8221;&#8221;][vc_column_inner width=&#8221;1\/1&#8243;][vc_separator sep_color=&#8221;color-gyho&#8221;][\/vc_column_inner][\/vc_row_inner][\/vc_column][\/vc_row][vc_row row_height_percent=&#8221;0&#8243; override_padding=&#8221;yes&#8221; h_padding=&#8221;2&#8243; top_padding=&#8221;0&#8243; bottom_padding=&#8221;0&#8243; overlay_alpha=&#8221;50&#8243; gutter_size=&#8221;3&#8243; column_width_percent=&#8221;100&#8243; shift_y=&#8221;0&#8243; z_index=&#8221;0&#8243; content_parallax=&#8221;0&#8243; uncode_shortcode_id=&#8221;134512&#8243;][vc_column width=&#8221;1\/2&#8243;][vc_single_image media=&#8221;10486&#8243; media_lightbox=&#8221;yes&#8221; media_width_use_pixel=&#8221;yes&#8221; alignment=&#8221;center&#8221; media_width_pixel=&#8221;516&#8243; uncode_shortcode_id=&#8221;294322&#8243;][\/vc_column][vc_column width=&#8221;1\/2&#8243;][vc_single_image media=&#8221;10488&#8243; media_lightbox=&#8221;yes&#8221; media_width_use_pixel=&#8221;yes&#8221; alignment=&#8221;center&#8221; media_width_pixel=&#8221;516&#8243; uncode_shortcode_id=&#8221;192632&#8243;][\/vc_column][\/vc_row][vc_row row_height_percent=&#8221;0&#8243; override_padding=&#8221;yes&#8221; h_padding=&#8221;2&#8243; top_padding=&#8221;2&#8243; bottom_padding=&#8221;2&#8243; overlay_alpha=&#8221;50&#8243; gutter_size=&#8221;3&#8243; column_width_percent=&#8221;100&#8243; shift_y=&#8221;0&#8243; z_index=&#8221;0&#8243; content_parallax=&#8221;0&#8243; uncode_shortcode_id=&#8221;602178&#8243;][vc_column column_width_percent=&#8221;100&#8243; align_horizontal=&#8221;align_center&#8221; gutter_size=&#8221;3&#8243; overlay_alpha=&#8221;50&#8243; shift_x=&#8221;0&#8243; shift_y=&#8221;0&#8243; shift_y_down=&#8221;0&#8243; z_index=&#8221;0&#8243; medium_width=&#8221;0&#8243; mobile_width=&#8221;0&#8243; width=&#8221;1\/1&#8243; uncode_shortcode_id=&#8221;321538&#8243;][vc_separator sep_color=&#8221;color-gyho&#8221;][\/vc_column][\/vc_row][vc_row row_height_percent=&#8221;0&#8243; override_padding=&#8221;yes&#8221; h_padding=&#8221;2&#8243; top_padding=&#8221;2&#8243; bottom_padding=&#8221;3&#8243; overlay_alpha=&#8221;50&#8243; gutter_size=&#8221;3&#8243; column_width_percent=&#8221;100&#8243; shift_y=&#8221;0&#8243; z_index=&#8221;0&#8243; content_parallax=&#8221;0&#8243; uncode_shortcode_id=&#8221;895564&#8243;][vc_column column_width_percent=&#8221;100&#8243; align_horizontal=&#8221;align_center&#8221; gutter_size=&#8221;3&#8243; overlay_alpha=&#8221;50&#8243; shift_x=&#8221;0&#8243; shift_y=&#8221;0&#8243; shift_y_down=&#8221;0&#8243; z_index=&#8221;0&#8243; medium_width=&#8221;0&#8243; mobile_width=&#8221;0&#8243; width=&#8221;1\/1&#8243; uncode_shortcode_id=&#8221;321538&#8243;][vc_button border_width=&#8221;0&#8243; display=&#8221;inline&#8221; top_margin=&#8221;yes&#8221; link=&#8221;url:https%3A%2F%2Fvoga.si%2Fsl%2Fsistem-exta%2Fvzdolzniki-exta%2F|title:Vzdol%C5%BEniki%20EXTA|&#8221; uncode_shortcode_id=&#8221;172461&#8243;]Vzdol\u017eniki[\/vc_button][\/vc_column][\/vc_row]<\/p>\n<\/div>","protected":false},"excerpt":{"rendered":"<p>Estetske in trdne noge, brez vidnih varov<br \/>\nKovinske cevi kvadratnega in pravokotnega preseka<br \/>\nNivelacija<\/p>\n","protected":false},"author":2,"featured_media":10481,"parent":10524,"menu_order":1,"comment_status":"closed","ping_status":"closed","template":"","meta":{"_acf_changed":false,"footnotes":""},"class_list":["post-10520","page","type-page","status-publish","has-post-thumbnail","hentry","usage-jedilnica-gostinstvo","usage-konferencna-soba","metal_profiles-pravokotna-cev","metal_profiles-kvadratna-cev","page_category-trend-sl","page_category-exta-sistem"],"acf":[],"yoast_head":"<!-- This site is optimized with the Yoast SEO plugin v27.5 - https:\/\/yoast.com\/product\/yoast-seo-wordpress\/ -->\n<title>Sistem podno\u017eij za mize FLEX 900 - VOGA<\/title>\n<meta name=\"description\" content=\"Noge FLEX so estetske in trdne, narejene iz kovinskih cevi kvadratnega in pravokotnega preseka, brez vidnih varov. Opremljene so z nivelacijo.\" \/>\n<meta name=\"robots\" content=\"index, follow, max-snippet:-1, max-image-preview:large, max-video-preview:-1\" \/>\n<link rel=\"canonical\" href=\"https:\/\/voga.si\/sl\/sistem-exta\/flex-900\/\" \/>\n<meta property=\"og:locale\" content=\"sl_SI\" \/>\n<meta property=\"og:type\" content=\"article\" \/>\n<meta property=\"og:title\" content=\"Sistem podno\u017eij za mize FLEX 900 - VOGA\" \/>\n<meta property=\"og:description\" content=\"Noge FLEX so estetske in trdne, narejene iz kovinskih cevi kvadratnega in pravokotnega preseka, brez vidnih varov. Opremljene so z nivelacijo.\" \/>\n<meta property=\"og:url\" content=\"https:\/\/voga.si\/sl\/sistem-exta\/flex-900\/\" \/>\n<meta property=\"og:site_name\" content=\"VOGA\" \/>\n<meta property=\"article:publisher\" content=\"https:\/\/www.facebook.com\/voga.si\" \/>\n<meta property=\"article:modified_time\" content=\"2026-01-15T09:22:02+00:00\" \/>\n<meta property=\"og:image\" content=\"https:\/\/voga.si\/wp-content\/uploads\/2025\/11\/flex900_render_1920x1080px_1.jpg\" \/>\n\t<meta property=\"og:image:width\" content=\"1920\" \/>\n\t<meta property=\"og:image:height\" content=\"1080\" \/>\n\t<meta property=\"og:image:type\" content=\"image\/jpeg\" \/>\n<meta name=\"twitter:card\" content=\"summary_large_image\" \/>\n<meta name=\"twitter:label1\" content=\"Est. reading time\" \/>\n\t<meta name=\"twitter:data1\" content=\"4 minute\" \/>\n<script type=\"application\/ld+json\" class=\"yoast-schema-graph\">{\"@context\":\"https:\\\/\\\/schema.org\",\"@graph\":[{\"@type\":\"WebPage\",\"@id\":\"https:\\\/\\\/voga.si\\\/sl\\\/sistem-exta\\\/flex-900\\\/\",\"url\":\"https:\\\/\\\/voga.si\\\/sl\\\/sistem-exta\\\/flex-900\\\/\",\"name\":\"Sistem podno\u017eij za mize FLEX 900 - VOGA\",\"isPartOf\":{\"@id\":\"https:\\\/\\\/voga.si\\\/sl\\\/#website\"},\"primaryImageOfPage\":{\"@id\":\"https:\\\/\\\/voga.si\\\/sl\\\/sistem-exta\\\/flex-900\\\/#primaryimage\"},\"image\":{\"@id\":\"https:\\\/\\\/voga.si\\\/sl\\\/sistem-exta\\\/flex-900\\\/#primaryimage\"},\"thumbnailUrl\":\"https:\\\/\\\/voga.si\\\/wp-content\\\/uploads\\\/2025\\\/11\\\/flex900_render_1920x1080px_1.jpg\",\"datePublished\":\"2025-11-27T10:47:45+00:00\",\"dateModified\":\"2026-01-15T09:22:02+00:00\",\"description\":\"Noge FLEX so estetske in trdne, narejene iz kovinskih cevi kvadratnega in pravokotnega preseka, brez vidnih varov. Opremljene so z nivelacijo.\",\"breadcrumb\":{\"@id\":\"https:\\\/\\\/voga.si\\\/sl\\\/sistem-exta\\\/flex-900\\\/#breadcrumb\"},\"inLanguage\":\"sl-SI\",\"potentialAction\":[{\"@type\":\"ReadAction\",\"target\":[\"https:\\\/\\\/voga.si\\\/sl\\\/sistem-exta\\\/flex-900\\\/\"]}]},{\"@type\":\"ImageObject\",\"inLanguage\":\"sl-SI\",\"@id\":\"https:\\\/\\\/voga.si\\\/sl\\\/sistem-exta\\\/flex-900\\\/#primaryimage\",\"url\":\"https:\\\/\\\/voga.si\\\/wp-content\\\/uploads\\\/2025\\\/11\\\/flex900_render_1920x1080px_1.jpg\",\"contentUrl\":\"https:\\\/\\\/voga.si\\\/wp-content\\\/uploads\\\/2025\\\/11\\\/flex900_render_1920x1080px_1.jpg\",\"width\":1920,\"height\":1080,\"caption\":\"FLEX 900\"},{\"@type\":\"BreadcrumbList\",\"@id\":\"https:\\\/\\\/voga.si\\\/sl\\\/sistem-exta\\\/flex-900\\\/#breadcrumb\",\"itemListElement\":[{\"@type\":\"ListItem\",\"position\":1,\"name\":\"Home\",\"item\":\"https:\\\/\\\/voga.si\\\/sl\\\/\"},{\"@type\":\"ListItem\",\"position\":2,\"name\":\"Sistem EXTA\",\"item\":\"https:\\\/\\\/voga.si\\\/sl\\\/system-exta\\\/\"},{\"@type\":\"ListItem\",\"position\":3,\"name\":\"FLEX 900\"}]},{\"@type\":\"WebSite\",\"@id\":\"https:\\\/\\\/voga.si\\\/sl\\\/#website\",\"url\":\"https:\\\/\\\/voga.si\\\/sl\\\/\",\"name\":\"VOGA\",\"description\":\"Pametne pohi\u0161tvene re\u0161itve\",\"publisher\":{\"@id\":\"https:\\\/\\\/voga.si\\\/sl\\\/#organization\"},\"potentialAction\":[{\"@type\":\"SearchAction\",\"target\":{\"@type\":\"EntryPoint\",\"urlTemplate\":\"https:\\\/\\\/voga.si\\\/sl\\\/?s={search_term_string}\"},\"query-input\":{\"@type\":\"PropertyValueSpecification\",\"valueRequired\":true,\"valueName\":\"search_term_string\"}}],\"inLanguage\":\"sl-SI\"},{\"@type\":\"Organization\",\"@id\":\"https:\\\/\\\/voga.si\\\/sl\\\/#organization\",\"name\":\"VOGA\",\"url\":\"https:\\\/\\\/voga.si\\\/sl\\\/\",\"logo\":{\"@type\":\"ImageObject\",\"inLanguage\":\"sl-SI\",\"@id\":\"https:\\\/\\\/voga.si\\\/sl\\\/#\\\/schema\\\/logo\\\/image\\\/\",\"url\":\"https:\\\/\\\/voga.si\\\/wp-content\\\/uploads\\\/2024\\\/02\\\/voga_logo.svg\",\"contentUrl\":\"https:\\\/\\\/voga.si\\\/wp-content\\\/uploads\\\/2024\\\/02\\\/voga_logo.svg\",\"width\":\"236\",\"height\":\"44\",\"caption\":\"VOGA\"},\"image\":{\"@id\":\"https:\\\/\\\/voga.si\\\/sl\\\/#\\\/schema\\\/logo\\\/image\\\/\"},\"sameAs\":[\"https:\\\/\\\/www.facebook.com\\\/voga.si\",\"https:\\\/\\\/www.instagram.com\\\/voga_si\\\/\",\"https:\\\/\\\/www.pinterest.com\\\/voga_si\\\/\",\"https:\\\/\\\/www.youtube.com\\\/channel\\\/UC8lMOZlkkox_ANm0CEV6IiQ\\\/\"]}]}<\/script>\n<!-- \/ Yoast SEO plugin. -->","yoast_head_json":{"title":"Sistem podno\u017eij za mize FLEX 900 - VOGA","description":"Noge FLEX so estetske in trdne, narejene iz kovinskih cevi kvadratnega in pravokotnega preseka, brez vidnih varov. Opremljene so z nivelacijo.","robots":{"index":"index","follow":"follow","max-snippet":"max-snippet:-1","max-image-preview":"max-image-preview:large","max-video-preview":"max-video-preview:-1"},"canonical":"https:\/\/voga.si\/sl\/sistem-exta\/flex-900\/","og_locale":"sl_SI","og_type":"article","og_title":"Sistem podno\u017eij za mize FLEX 900 - VOGA","og_description":"Noge FLEX so estetske in trdne, narejene iz kovinskih cevi kvadratnega in pravokotnega preseka, brez vidnih varov. Opremljene so z nivelacijo.","og_url":"https:\/\/voga.si\/sl\/sistem-exta\/flex-900\/","og_site_name":"VOGA","article_publisher":"https:\/\/www.facebook.com\/voga.si","article_modified_time":"2026-01-15T09:22:02+00:00","og_image":[{"width":1920,"height":1080,"url":"https:\/\/voga.si\/wp-content\/uploads\/2025\/11\/flex900_render_1920x1080px_1.jpg","type":"image\/jpeg"}],"twitter_card":"summary_large_image","twitter_misc":{"Est. reading time":"4 minute"},"schema":{"@context":"https:\/\/schema.org","@graph":[{"@type":"WebPage","@id":"https:\/\/voga.si\/sl\/sistem-exta\/flex-900\/","url":"https:\/\/voga.si\/sl\/sistem-exta\/flex-900\/","name":"Sistem podno\u017eij za mize FLEX 900 - VOGA","isPartOf":{"@id":"https:\/\/voga.si\/sl\/#website"},"primaryImageOfPage":{"@id":"https:\/\/voga.si\/sl\/sistem-exta\/flex-900\/#primaryimage"},"image":{"@id":"https:\/\/voga.si\/sl\/sistem-exta\/flex-900\/#primaryimage"},"thumbnailUrl":"https:\/\/voga.si\/wp-content\/uploads\/2025\/11\/flex900_render_1920x1080px_1.jpg","datePublished":"2025-11-27T10:47:45+00:00","dateModified":"2026-01-15T09:22:02+00:00","description":"Noge FLEX so estetske in trdne, narejene iz kovinskih cevi kvadratnega in pravokotnega preseka, brez vidnih varov. Opremljene so z nivelacijo.","breadcrumb":{"@id":"https:\/\/voga.si\/sl\/sistem-exta\/flex-900\/#breadcrumb"},"inLanguage":"sl-SI","potentialAction":[{"@type":"ReadAction","target":["https:\/\/voga.si\/sl\/sistem-exta\/flex-900\/"]}]},{"@type":"ImageObject","inLanguage":"sl-SI","@id":"https:\/\/voga.si\/sl\/sistem-exta\/flex-900\/#primaryimage","url":"https:\/\/voga.si\/wp-content\/uploads\/2025\/11\/flex900_render_1920x1080px_1.jpg","contentUrl":"https:\/\/voga.si\/wp-content\/uploads\/2025\/11\/flex900_render_1920x1080px_1.jpg","width":1920,"height":1080,"caption":"FLEX 900"},{"@type":"BreadcrumbList","@id":"https:\/\/voga.si\/sl\/sistem-exta\/flex-900\/#breadcrumb","itemListElement":[{"@type":"ListItem","position":1,"name":"Home","item":"https:\/\/voga.si\/sl\/"},{"@type":"ListItem","position":2,"name":"Sistem EXTA","item":"https:\/\/voga.si\/sl\/system-exta\/"},{"@type":"ListItem","position":3,"name":"FLEX 900"}]},{"@type":"WebSite","@id":"https:\/\/voga.si\/sl\/#website","url":"https:\/\/voga.si\/sl\/","name":"VOGA","description":"Pametne pohi\u0161tvene re\u0161itve","publisher":{"@id":"https:\/\/voga.si\/sl\/#organization"},"potentialAction":[{"@type":"SearchAction","target":{"@type":"EntryPoint","urlTemplate":"https:\/\/voga.si\/sl\/?s={search_term_string}"},"query-input":{"@type":"PropertyValueSpecification","valueRequired":true,"valueName":"search_term_string"}}],"inLanguage":"sl-SI"},{"@type":"Organization","@id":"https:\/\/voga.si\/sl\/#organization","name":"VOGA","url":"https:\/\/voga.si\/sl\/","logo":{"@type":"ImageObject","inLanguage":"sl-SI","@id":"https:\/\/voga.si\/sl\/#\/schema\/logo\/image\/","url":"https:\/\/voga.si\/wp-content\/uploads\/2024\/02\/voga_logo.svg","contentUrl":"https:\/\/voga.si\/wp-content\/uploads\/2024\/02\/voga_logo.svg","width":"236","height":"44","caption":"VOGA"},"image":{"@id":"https:\/\/voga.si\/sl\/#\/schema\/logo\/image\/"},"sameAs":["https:\/\/www.facebook.com\/voga.si","https:\/\/www.instagram.com\/voga_si\/","https:\/\/www.pinterest.com\/voga_si\/","https:\/\/www.youtube.com\/channel\/UC8lMOZlkkox_ANm0CEV6IiQ\/"]}]}},"_links":{"self":[{"href":"https:\/\/voga.si\/sl\/wp-json\/wp\/v2\/pages\/10520","targetHints":{"allow":["GET"]}}],"collection":[{"href":"https:\/\/voga.si\/sl\/wp-json\/wp\/v2\/pages"}],"about":[{"href":"https:\/\/voga.si\/sl\/wp-json\/wp\/v2\/types\/page"}],"author":[{"embeddable":true,"href":"https:\/\/voga.si\/sl\/wp-json\/wp\/v2\/users\/2"}],"replies":[{"embeddable":true,"href":"https:\/\/voga.si\/sl\/wp-json\/wp\/v2\/comments?post=10520"}],"version-history":[{"count":16,"href":"https:\/\/voga.si\/sl\/wp-json\/wp\/v2\/pages\/10520\/revisions"}],"predecessor-version":[{"id":11048,"href":"https:\/\/voga.si\/sl\/wp-json\/wp\/v2\/pages\/10520\/revisions\/11048"}],"up":[{"embeddable":true,"href":"https:\/\/voga.si\/sl\/wp-json\/wp\/v2\/pages\/10524"}],"wp:featuredmedia":[{"embeddable":true,"href":"https:\/\/voga.si\/sl\/wp-json\/wp\/v2\/media\/10481"}],"wp:attachment":[{"href":"https:\/\/voga.si\/sl\/wp-json\/wp\/v2\/media?parent=10520"}],"curies":[{"name":"wp","href":"https:\/\/api.w.org\/{rel}","templated":true}]}}