{"id":10227,"date":"2025-10-01T16:15:28","date_gmt":"2025-10-01T14:15:28","guid":{"rendered":"https:\/\/voga.si\/samostojne-noge\/vzdolzniki-aou-noge\/"},"modified":"2026-02-13T07:23:51","modified_gmt":"2026-02-13T06:23:51","slug":"vzdolzniki-aou-noge","status":"publish","type":"page","link":"https:\/\/voga.si\/sl\/samostojne-noge\/vzdolzniki-aou-noge\/","title":{"rendered":"Vzdol\u017eniki AOU noge"},"content":{"rendered":"<div class=\"wpb-content-wrapper\"><p>[vc_row row_height_percent=&#8221;0&#8243; overlay_alpha=&#8221;50&#8243; gutter_size=&#8221;3&#8243; column_width_percent=&#8221;100&#8243; shift_y=&#8221;0&#8243; z_index=&#8221;0&#8243;][vc_column column_width_percent=&#8221;100&#8243; gutter_size=&#8221;2&#8243; overlay_alpha=&#8221;50&#8243; shift_x=&#8221;0&#8243; shift_y=&#8221;0&#8243; shift_y_down=&#8221;0&#8243; z_index=&#8221;0&#8243; medium_width=&#8221;0&#8243; mobile_width=&#8221;0&#8243; width=&#8221;1\/1&#8243;][vc_custom_heading heading_semantic=&#8221;h1&#8243; text_transform=&#8221;uppercase&#8221; uncode_shortcode_id=&#8221;154808&#8243;]Vzdol\u017eniki za A-Leg, O-Leg in U-Leg[\/vc_custom_heading][vc_column_text uncode_shortcode_id=&#8221;115444&#8243;]Pravokotni vzdol\u017eniki so namenjeni povezovanju para nog z namenom oja\u010ditve mizne plo\u0161\u010de, ki onemogo\u010dajo upogib tanj\u0161ih in dalj\u0161ih miznih plo\u0161\u010d.[\/vc_column_text][\/vc_column][\/vc_row][vc_row row_height_percent=&#8221;0&#8243; overlay_alpha=&#8221;50&#8243; gutter_size=&#8221;3&#8243; column_width_percent=&#8221;100&#8243; shift_y=&#8221;0&#8243; z_index=&#8221;0&#8243; el_class=&#8221;parts_list&#8221;][vc_column column_width_percent=&#8221;100&#8243; align_horizontal=&#8221;align_center&#8221; gutter_size=&#8221;3&#8243; overlay_alpha=&#8221;50&#8243; shift_x=&#8221;0&#8243; shift_y=&#8221;0&#8243; shift_y_down=&#8221;0&#8243; z_index=&#8221;0&#8243; medium_width=&#8221;0&#8243; align_mobile=&#8221;align_center_mobile&#8221; mobile_width=&#8221;0&#8243; width=&#8221;1\/1&#8243;][vc_custom_heading text_color=&#8221;color-wvjs&#8221; text_size=&#8221;h6&#8243; text_weight=&#8221;500&#8243; text_space=&#8221;fontspace-121210&#8243; separator_color=&#8221;yes&#8221; separator=&#8221;under&#8221; sub_reduced=&#8221;yes&#8221; uncode_shortcode_id=&#8221;162671&#8243; text_color_type=&#8221;uncode-palette&#8221;]RAZPOLO\u017dLJIVI VZDOL\u017dNIKI[\/vc_custom_heading][vc_separator sep_color=&#8221;color-gyho&#8221;][vc_row_inner row_inner_height_percent=&#8221;0&#8243; overlay_alpha=&#8221;50&#8243; gutter_size=&#8221;3&#8243; shift_y=&#8221;0&#8243; z_index=&#8221;0&#8243; limit_content=&#8221;&#8221;][vc_column_inner width=&#8221;1\/3&#8243;][vc_column_text uncode_shortcode_id=&#8221;108462&#8243;]<\/p>\n<h3>VZDOL\u017dNIKI<\/h3>\n<p>Vzdol\u017enik mize 1000, D: 940 mm<br \/><strong>21351<\/strong>\u00a0| RAL 9005FE<br \/>Vzdol\u017enik mize 1200, D: 1140 mm<br \/><strong>21367<\/strong>\u00a0| RAL 9005FE<br \/>Vzdol\u017enik mize 1400, D: 1340 mm<br \/><strong>21366<\/strong>\u00a0| RAL 9005FE<br \/>Vzdol\u017enik mize 1600, D: 1540 mm<br \/><strong>21363<\/strong>\u00a0| RAL 9005FE<br \/>Vzdol\u017enik mize 1800, D: 1740 mm<br \/><strong>21364<\/strong>\u00a0| RAL 9005FE<br \/>Vzdol\u017enik mize 2000, D: 1940 mm<br \/><strong>21365<\/strong>\u00a0| RAL 9005FE[\/vc_column_text][\/vc_column_inner][vc_column_inner column_width_percent=&#8221;100&#8243; align_horizontal=&#8221;align_center&#8221; gutter_size=&#8221;3&#8243; overlay_alpha=&#8221;50&#8243; shift_x=&#8221;0&#8243; shift_y=&#8221;0&#8243; shift_y_down=&#8221;0&#8243; z_index=&#8221;0&#8243; medium_width=&#8221;0&#8243; mobile_width=&#8221;0&#8243; width=&#8221;1\/3&#8243;][vc_single_image media=&#8221;10263&#8243; media_width_percent=&#8221;100&#8243; uncode_shortcode_id=&#8221;133698&#8243;][\/vc_column_inner][vc_column_inner column_width_percent=&#8221;100&#8243; align_horizontal=&#8221;align_center&#8221; gutter_size=&#8221;3&#8243; overlay_alpha=&#8221;50&#8243; shift_x=&#8221;0&#8243; shift_y=&#8221;0&#8243; shift_y_down=&#8221;0&#8243; z_index=&#8221;0&#8243; medium_width=&#8221;0&#8243; mobile_width=&#8221;0&#8243; width=&#8221;1\/3&#8243;][vc_single_image media=&#8221;10261&#8243; media_width_percent=&#8221;100&#8243; alignment=&#8221;center&#8221; uncode_shortcode_id=&#8221;222407&#8243;][\/vc_column_inner][\/vc_row_inner][vc_row_inner limit_content=&#8221;&#8221;][vc_column_inner width=&#8221;1\/1&#8243;][vc_separator sep_color=&#8221;color-gyho&#8221;][\/vc_column_inner][\/vc_row_inner][\/vc_column][\/vc_row][vc_row row_height_percent=&#8221;0&#8243; override_padding=&#8221;yes&#8221; h_padding=&#8221;2&#8243; top_padding=&#8221;2&#8243; bottom_padding=&#8221;3&#8243; overlay_alpha=&#8221;50&#8243; gutter_size=&#8221;3&#8243; column_width_percent=&#8221;100&#8243; shift_y=&#8221;0&#8243; z_index=&#8221;0&#8243;][vc_column column_width_percent=&#8221;100&#8243; gutter_size=&#8221;3&#8243; overlay_alpha=&#8221;50&#8243; shift_x=&#8221;0&#8243; shift_y=&#8221;0&#8243; shift_y_down=&#8221;0&#8243; z_index=&#8221;0&#8243; medium_width=&#8221;0&#8243; mobile_width=&#8221;0&#8243; width=&#8221;1\/4&#8243; uncode_shortcode_id=&#8221;184620&#8243;][vc_button outline=&#8221;yes&#8221; border_width=&#8221;0&#8243; icon=&#8221;fa fa-chevron-left2&#8243; link=&#8221;url:https%3A%2F%2Fvoga.si%2Fsl%2Fsamostojne-noge%2Fa-leg%2F|title:Samostojne%20noge|&#8221; uncode_shortcode_id=&#8221;150892&#8243;]Nazaj na A-LEG[\/vc_button][\/vc_column][vc_column width=&#8221;1\/4&#8243;][vc_button outline=&#8221;yes&#8221; border_width=&#8221;0&#8243; icon=&#8221;fa fa-chevron-left2&#8243; link=&#8221;url:https%3A%2F%2Fvoga.si%2Fsl%2Fsamostojne-noge%2Fo-leg%2F|title:Samostojne%20noge|&#8221; uncode_shortcode_id=&#8221;170819&#8243;]Nazaj na O-LEG[\/vc_button][\/vc_column][vc_column column_width_percent=&#8221;100&#8243; gutter_size=&#8221;3&#8243; overlay_alpha=&#8221;50&#8243; shift_x=&#8221;0&#8243; shift_y=&#8221;0&#8243; shift_y_down=&#8221;0&#8243; z_index=&#8221;0&#8243; medium_width=&#8221;0&#8243; mobile_width=&#8221;0&#8243; width=&#8221;1\/4&#8243; uncode_shortcode_id=&#8221;319870&#8243;][vc_button outline=&#8221;yes&#8221; border_width=&#8221;0&#8243; icon=&#8221;fa fa-chevron-left2&#8243; link=&#8221;url:https%3A%2F%2Fvoga.si%2Fsl%2Fsamostojne-noge%2Fu-leg%2F|title:Samostojne%20noge|&#8221; uncode_shortcode_id=&#8221;273856&#8243;]Nazaj na U-LEG[\/vc_button][\/vc_column][vc_column width=&#8221;1\/4&#8243;][\/vc_column][\/vc_row]<\/p>\n<\/div>","protected":false},"excerpt":{"rendered":"<p>[vc_row row_height_percent=&#8221;0&#8243; overlay_alpha=&#8221;50&#8243; gutter_size=&#8221;3&#8243; column_width_percent=&#8221;100&#8243; shift_y=&#8221;0&#8243; z_index=&#8221;0&#8243;][vc_column column_width_percent=&#8221;100&#8243; gutter_size=&#8221;2&#8243; overlay_alpha=&#8221;50&#8243; shift_x=&#8221;0&#8243; shift_y=&#8221;0&#8243; shift_y_down=&#8221;0&#8243; z_index=&#8221;0&#8243; medium_width=&#8221;0&#8243; mobile_width=&#8221;0&#8243; width=&#8221;1\/1&#8243;][vc_custom_heading heading_semantic=&#8221;h1&#8243; text_transform=&#8221;uppercase&#8221; uncode_shortcode_id=&#8221;154808&#8243;]Vzdol\u017eniki [&hellip;]<\/p>\n","protected":false},"author":2,"featured_media":0,"parent":1716,"menu_order":93,"comment_status":"closed","ping_status":"closed","template":"","meta":{"_acf_changed":false,"footnotes":""},"class_list":["post-10227","page","type-page","status-publish","hentry"],"acf":[],"yoast_head":"<!-- This site is optimized with the Yoast SEO plugin v27.4 - https:\/\/yoast.com\/product\/yoast-seo-wordpress\/ -->\n<title>Vzdol\u017eniki AOU noge - VOGA<\/title>\n<meta name=\"description\" content=\"Pravokotni vzdol\u017eniki so namenjeni povezovanju para nog z namenom oja\u010ditve mizne plo\u0161\u010de, ki onemogo\u010dajo upogib tanj\u0161ih in dalj\u0161ih miznih plo\u0161\u010d.\" \/>\n<meta name=\"robots\" content=\"index, follow, max-snippet:-1, max-image-preview:large, max-video-preview:-1\" \/>\n<link rel=\"canonical\" href=\"https:\/\/voga.si\/sl\/samostojne-noge\/vzdolzniki-aou-noge\/\" \/>\n<meta property=\"og:locale\" content=\"sl_SI\" \/>\n<meta property=\"og:type\" content=\"article\" \/>\n<meta property=\"og:title\" content=\"Vzdol\u017eniki AOU noge - VOGA\" \/>\n<meta property=\"og:description\" content=\"Pravokotni vzdol\u017eniki so namenjeni povezovanju para nog z namenom oja\u010ditve mizne plo\u0161\u010de, ki onemogo\u010dajo upogib tanj\u0161ih in dalj\u0161ih miznih plo\u0161\u010d.\" \/>\n<meta property=\"og:url\" content=\"https:\/\/voga.si\/sl\/samostojne-noge\/vzdolzniki-aou-noge\/\" \/>\n<meta property=\"og:site_name\" content=\"VOGA\" \/>\n<meta property=\"article:publisher\" content=\"https:\/\/www.facebook.com\/voga.si\" \/>\n<meta property=\"article:modified_time\" content=\"2026-02-13T06:23:51+00:00\" \/>\n<meta name=\"twitter:card\" content=\"summary_large_image\" \/>\n<meta name=\"twitter:label1\" content=\"Est. reading time\" \/>\n\t<meta name=\"twitter:data1\" content=\"3 minute\" \/>\n<script type=\"application\/ld+json\" class=\"yoast-schema-graph\">{\"@context\":\"https:\\\/\\\/schema.org\",\"@graph\":[{\"@type\":\"WebPage\",\"@id\":\"https:\\\/\\\/voga.si\\\/sl\\\/samostojne-noge\\\/vzdolzniki-aou-noge\\\/\",\"url\":\"https:\\\/\\\/voga.si\\\/sl\\\/samostojne-noge\\\/vzdolzniki-aou-noge\\\/\",\"name\":\"Vzdol\u017eniki AOU noge - VOGA\",\"isPartOf\":{\"@id\":\"https:\\\/\\\/voga.si\\\/sl\\\/#website\"},\"datePublished\":\"2025-10-01T14:15:28+00:00\",\"dateModified\":\"2026-02-13T06:23:51+00:00\",\"description\":\"Pravokotni vzdol\u017eniki so namenjeni povezovanju para nog z namenom oja\u010ditve mizne plo\u0161\u010de, ki onemogo\u010dajo upogib tanj\u0161ih in dalj\u0161ih miznih plo\u0161\u010d.\",\"breadcrumb\":{\"@id\":\"https:\\\/\\\/voga.si\\\/sl\\\/samostojne-noge\\\/vzdolzniki-aou-noge\\\/#breadcrumb\"},\"inLanguage\":\"sl-SI\",\"potentialAction\":[{\"@type\":\"ReadAction\",\"target\":[\"https:\\\/\\\/voga.si\\\/sl\\\/samostojne-noge\\\/vzdolzniki-aou-noge\\\/\"]}]},{\"@type\":\"BreadcrumbList\",\"@id\":\"https:\\\/\\\/voga.si\\\/sl\\\/samostojne-noge\\\/vzdolzniki-aou-noge\\\/#breadcrumb\",\"itemListElement\":[{\"@type\":\"ListItem\",\"position\":1,\"name\":\"Home\",\"item\":\"https:\\\/\\\/voga.si\\\/sl\\\/\"},{\"@type\":\"ListItem\",\"position\":2,\"name\":\"Samostojne noge\",\"item\":\"https:\\\/\\\/voga.si\\\/sl\\\/samostojne-noge\\\/\"},{\"@type\":\"ListItem\",\"position\":3,\"name\":\"Vzdol\u017eniki AOU noge\"}]},{\"@type\":\"WebSite\",\"@id\":\"https:\\\/\\\/voga.si\\\/sl\\\/#website\",\"url\":\"https:\\\/\\\/voga.si\\\/sl\\\/\",\"name\":\"VOGA\",\"description\":\"Pametne pohi\u0161tvene re\u0161itve\",\"publisher\":{\"@id\":\"https:\\\/\\\/voga.si\\\/sl\\\/#organization\"},\"potentialAction\":[{\"@type\":\"SearchAction\",\"target\":{\"@type\":\"EntryPoint\",\"urlTemplate\":\"https:\\\/\\\/voga.si\\\/sl\\\/?s={search_term_string}\"},\"query-input\":{\"@type\":\"PropertyValueSpecification\",\"valueRequired\":true,\"valueName\":\"search_term_string\"}}],\"inLanguage\":\"sl-SI\"},{\"@type\":\"Organization\",\"@id\":\"https:\\\/\\\/voga.si\\\/sl\\\/#organization\",\"name\":\"VOGA\",\"url\":\"https:\\\/\\\/voga.si\\\/sl\\\/\",\"logo\":{\"@type\":\"ImageObject\",\"inLanguage\":\"sl-SI\",\"@id\":\"https:\\\/\\\/voga.si\\\/sl\\\/#\\\/schema\\\/logo\\\/image\\\/\",\"url\":\"https:\\\/\\\/voga.si\\\/wp-content\\\/uploads\\\/2024\\\/02\\\/voga_logo.svg\",\"contentUrl\":\"https:\\\/\\\/voga.si\\\/wp-content\\\/uploads\\\/2024\\\/02\\\/voga_logo.svg\",\"width\":\"236\",\"height\":\"44\",\"caption\":\"VOGA\"},\"image\":{\"@id\":\"https:\\\/\\\/voga.si\\\/sl\\\/#\\\/schema\\\/logo\\\/image\\\/\"},\"sameAs\":[\"https:\\\/\\\/www.facebook.com\\\/voga.si\",\"https:\\\/\\\/www.instagram.com\\\/voga_si\\\/\",\"https:\\\/\\\/www.pinterest.com\\\/voga_si\\\/\",\"https:\\\/\\\/www.youtube.com\\\/channel\\\/UC8lMOZlkkox_ANm0CEV6IiQ\\\/\"]}]}<\/script>\n<!-- \/ Yoast SEO plugin. -->","yoast_head_json":{"title":"Vzdol\u017eniki AOU noge - VOGA","description":"Pravokotni vzdol\u017eniki so namenjeni povezovanju para nog z namenom oja\u010ditve mizne plo\u0161\u010de, ki onemogo\u010dajo upogib tanj\u0161ih in dalj\u0161ih miznih plo\u0161\u010d.","robots":{"index":"index","follow":"follow","max-snippet":"max-snippet:-1","max-image-preview":"max-image-preview:large","max-video-preview":"max-video-preview:-1"},"canonical":"https:\/\/voga.si\/sl\/samostojne-noge\/vzdolzniki-aou-noge\/","og_locale":"sl_SI","og_type":"article","og_title":"Vzdol\u017eniki AOU noge - VOGA","og_description":"Pravokotni vzdol\u017eniki so namenjeni povezovanju para nog z namenom oja\u010ditve mizne plo\u0161\u010de, ki onemogo\u010dajo upogib tanj\u0161ih in dalj\u0161ih miznih plo\u0161\u010d.","og_url":"https:\/\/voga.si\/sl\/samostojne-noge\/vzdolzniki-aou-noge\/","og_site_name":"VOGA","article_publisher":"https:\/\/www.facebook.com\/voga.si","article_modified_time":"2026-02-13T06:23:51+00:00","twitter_card":"summary_large_image","twitter_misc":{"Est. reading time":"3 minute"},"schema":{"@context":"https:\/\/schema.org","@graph":[{"@type":"WebPage","@id":"https:\/\/voga.si\/sl\/samostojne-noge\/vzdolzniki-aou-noge\/","url":"https:\/\/voga.si\/sl\/samostojne-noge\/vzdolzniki-aou-noge\/","name":"Vzdol\u017eniki AOU noge - VOGA","isPartOf":{"@id":"https:\/\/voga.si\/sl\/#website"},"datePublished":"2025-10-01T14:15:28+00:00","dateModified":"2026-02-13T06:23:51+00:00","description":"Pravokotni vzdol\u017eniki so namenjeni povezovanju para nog z namenom oja\u010ditve mizne plo\u0161\u010de, ki onemogo\u010dajo upogib tanj\u0161ih in dalj\u0161ih miznih plo\u0161\u010d.","breadcrumb":{"@id":"https:\/\/voga.si\/sl\/samostojne-noge\/vzdolzniki-aou-noge\/#breadcrumb"},"inLanguage":"sl-SI","potentialAction":[{"@type":"ReadAction","target":["https:\/\/voga.si\/sl\/samostojne-noge\/vzdolzniki-aou-noge\/"]}]},{"@type":"BreadcrumbList","@id":"https:\/\/voga.si\/sl\/samostojne-noge\/vzdolzniki-aou-noge\/#breadcrumb","itemListElement":[{"@type":"ListItem","position":1,"name":"Home","item":"https:\/\/voga.si\/sl\/"},{"@type":"ListItem","position":2,"name":"Samostojne noge","item":"https:\/\/voga.si\/sl\/samostojne-noge\/"},{"@type":"ListItem","position":3,"name":"Vzdol\u017eniki AOU noge"}]},{"@type":"WebSite","@id":"https:\/\/voga.si\/sl\/#website","url":"https:\/\/voga.si\/sl\/","name":"VOGA","description":"Pametne pohi\u0161tvene re\u0161itve","publisher":{"@id":"https:\/\/voga.si\/sl\/#organization"},"potentialAction":[{"@type":"SearchAction","target":{"@type":"EntryPoint","urlTemplate":"https:\/\/voga.si\/sl\/?s={search_term_string}"},"query-input":{"@type":"PropertyValueSpecification","valueRequired":true,"valueName":"search_term_string"}}],"inLanguage":"sl-SI"},{"@type":"Organization","@id":"https:\/\/voga.si\/sl\/#organization","name":"VOGA","url":"https:\/\/voga.si\/sl\/","logo":{"@type":"ImageObject","inLanguage":"sl-SI","@id":"https:\/\/voga.si\/sl\/#\/schema\/logo\/image\/","url":"https:\/\/voga.si\/wp-content\/uploads\/2024\/02\/voga_logo.svg","contentUrl":"https:\/\/voga.si\/wp-content\/uploads\/2024\/02\/voga_logo.svg","width":"236","height":"44","caption":"VOGA"},"image":{"@id":"https:\/\/voga.si\/sl\/#\/schema\/logo\/image\/"},"sameAs":["https:\/\/www.facebook.com\/voga.si","https:\/\/www.instagram.com\/voga_si\/","https:\/\/www.pinterest.com\/voga_si\/","https:\/\/www.youtube.com\/channel\/UC8lMOZlkkox_ANm0CEV6IiQ\/"]}]}},"_links":{"self":[{"href":"https:\/\/voga.si\/sl\/wp-json\/wp\/v2\/pages\/10227","targetHints":{"allow":["GET"]}}],"collection":[{"href":"https:\/\/voga.si\/sl\/wp-json\/wp\/v2\/pages"}],"about":[{"href":"https:\/\/voga.si\/sl\/wp-json\/wp\/v2\/types\/page"}],"author":[{"embeddable":true,"href":"https:\/\/voga.si\/sl\/wp-json\/wp\/v2\/users\/2"}],"replies":[{"embeddable":true,"href":"https:\/\/voga.si\/sl\/wp-json\/wp\/v2\/comments?post=10227"}],"version-history":[{"count":39,"href":"https:\/\/voga.si\/sl\/wp-json\/wp\/v2\/pages\/10227\/revisions"}],"predecessor-version":[{"id":11622,"href":"https:\/\/voga.si\/sl\/wp-json\/wp\/v2\/pages\/10227\/revisions\/11622"}],"up":[{"embeddable":true,"href":"https:\/\/voga.si\/sl\/wp-json\/wp\/v2\/pages\/1716"}],"wp:attachment":[{"href":"https:\/\/voga.si\/sl\/wp-json\/wp\/v2\/media?parent=10227"}],"curies":[{"name":"wp","href":"https:\/\/api.w.org\/{rel}","templated":true}]}}